{"id":45,"date":"2025-09-12T06:41:09","date_gmt":"2025-09-12T06:41:09","guid":{"rendered":"https:\/\/mobilitaetszentrum-dasing.de\/?page_id=45"},"modified":"2026-01-30T07:34:56","modified_gmt":"2026-01-30T07:34:56","slug":"impressum","status":"publish","type":"page","link":"https:\/\/mobilitaetszentrum-dasing.de\/uk\/impressum\/","title":{"rendered":"\u0412\u0456\u0434\u0431\u0438\u0442\u043e\u043a"},"content":{"rendered":"<div class=\"wp-block-group is-layout-constrained wp-container-core-group-is-layout-7a3688e9 wp-block-group-is-layout-constrained\">\n<div style=\"height:130px\" aria-hidden=\"true\" class=\"wp-block-spacer show-mobile\"><\/div>\n\n\n\n<h1 class=\"wp-block-heading has-medium-large-font-size\">\u0412\u0456\u0434\u0431\u0438\u0442\u043e\u043a<\/h1>\n\n\n\n<p><strong>\u0423\u043f\u0440\u0430\u0432\u043b\u0456\u043d\u043d\u044f \u0430\u0432\u0442\u043e\u0441\u0442\u043e\u044f\u043d\u043a\u043e\u044e (\u0435\u043a\u0441\u043f\u043b\u0443\u0430\u0442\u0430\u0446\u0456\u044f) \u0432\u0456\u0434 \u0456\u043c\u0435\u043d\u0456 H\u00f6rmann-Reisen GmbH:<\/strong><br>33plus7 GmbH, Br\u00fcndlweg 6, 85301 Schweitenkirchen, \u041d\u0456\u043c\u0435\u0447\u0447\u0438\u043d\u0430<br>\u041f\u0440\u0435\u0434\u0441\u0442\u0430\u0432\u043b\u0435\u043d\u0438\u0439 \u0421\u0430\u0448\u0430 \u041f\u0444\u0430\u043d\u043d\u0435\u043d\u0448\u043c\u0456\u0434\u0442<br>\u0415\u043b\u0435\u043a\u0442\u0440\u043e\u043d\u043d\u0430 \u043f\u043e\u0448\u0442\u0430: <a href=\"mailto:info@33plus7gmbh.de\">info@33plus7gmbh.de<\/a><br>\u0421\u0443\u0434 \u0440\u0435\u0454\u0441\u0442\u0440\u0430\u0446\u0456\u0457: \u041c\u0456\u0441\u0446\u0435\u0432\u0438\u0439 \u0441\u0443\u0434 \u0406\u043d\u0433\u043e\u043b\u044c\u0448\u0442\u0430\u0434\u0442\u0430 - HRB 12196<br>\u0406\u0434\u0435\u043d\u0442\u0438\u0444\u0456\u043a\u0430\u0446\u0456\u0439\u043d\u0438\u0439 \u043d\u043e\u043c\u0435\u0440 \u043f\u043b\u0430\u0442\u043d\u0438\u043a\u0430 \u041f\u0414\u0412: DE452920232&nbsp;<\/p>\n\n\n\n<p><strong>\u0417\u0430\u0443\u0432\u0430\u0436\u0442\u0435:<\/strong>&nbsp;\u0414\u043e\u0433\u043e\u0432\u0456\u0440\u043d\u0438\u043c\u0438 \u043f\u0430\u0440\u0442\u043d\u0435\u0440\u0430\u043c\u0438, \u0432\u0438\u0441\u0442\u0430\u0432\u043b\u0435\u043d\u043d\u044f\u043c \u0440\u0430\u0445\u0443\u043d\u043a\u0456\u0432 \u0442\u0430 \u043e\u0442\u0440\u0438\u043c\u0430\u043d\u043d\u044f\u043c \u043e\u043f\u043b\u0430\u0442\u0438 \u0437\u0430 \u043f\u043e\u0441\u043b\u0443\u0433\u0438 \u043f\u0430\u0440\u043a\u0443\u0432\u0430\u043d\u043d\u044f \u0437\u0430\u0439\u043c\u0430\u0454\u0442\u044c\u0441\u044f \u043a\u043e\u043c\u043f\u0430\u043d\u0456\u044f H\u00f6rmann-Reisen GmbH.&nbsp;<\/p>\n\n\n\n<p>\u041e\u043f\u0435\u0440\u0430\u0446\u0456\u0439\u043d\u0438\u0439 \u0446\u0435\u043d\u0442\u0440:<br>\u0426\u0435\u043d\u0442\u0440 \u043c\u043e\u0431\u0456\u043b\u044c\u043d\u043e\u0441\u0442\u0456 Dasing<br><strong>H\u00f6rmann-Reisen GmbH<\/strong><br><a href=\"https:\/\/www.google.com\/maps\/place\/Mobilit%C3%A4tszentrum+Dasing\/@48.3941144,11.0693762,750m\/data=!3m2!1e3!4b1!4m6!3m5!1s0x479e910d6c3ae5eb:0x11274c4bd2bc35a3!8m2!3d48.3941144!4d11.0693762!16s%2Fg%2F11yk1sqbpj?entry=ttu&amp;g_ep=EgoyMDI1MDkxNy4wIKXMDSoASAFQAw%3D%3D\">An der Brandleiten 4<\/a><br><a href=\"https:\/\/www.google.com\/maps\/place\/Mobilit%C3%A4tszentrum+Dasing\/@48.3941144,11.0693762,750m\/data=!3m2!1e3!4b1!4m6!3m5!1s0x479e910d6c3ae5eb:0x11274c4bd2bc35a3!8m2!3d48.3941144!4d11.0693762!16s%2Fg%2F11yk1sqbpj?entry=ttu&amp;g_ep=EgoyMDI1MDkxNy4wIKXMDSoASAFQAw%3D%3D\" data-type=\"link\" data-id=\"https:\/\/www.google.com\/maps\/place\/Mobilit%C3%A4tszentrum+Dasing\/@48.3941144,11.0693762,750m\/data=!3m2!1e3!4b1!4m6!3m5!1s0x479e910d6c3ae5eb:0x11274c4bd2bc35a3!8m2!3d48.3941144!4d11.0693762!16s%2Fg%2F11yk1sqbpj?entry=ttu&amp;g_ep=EgoyMDI1MDkxNy4wIKXMDSoASAFQAw%3D%3D\">D - 86453 Dasing<\/a><\/p>\n\n\n\n<p><strong>H\u00f6rmann-Reisen GmbH<\/strong><br>\u0424\u0443\u0433\u0433\u0435\u0440\u0448\u0442\u0440\u0430\u0441\u0441\u0435 16<br>D - 86150 Augsburg<\/p>\n\n\n\n<h2 class=\"wp-block-heading\">\u0417\u0432'\u044f\u0436\u0456\u0442\u044c\u0441\u044f \u0437 \u043d\u0430\u043c\u0438<\/h2>\n\n\n\n<figure class=\"wp-block-table\"><table class=\"has-fixed-layout\"><tbody><tr><td>\u0422\u0435\u043b\u0435\u0444\u043e\u043d:<\/td><td>+49 (0) 8205 50 116 50<\/td><\/tr><tr><td>\u0424\u0430\u043a\u0441:<\/td><td>(0821) 345 00 70<\/td><\/tr><tr><td>\u0415\u043b\u0435\u043a\u0442\u0440\u043e\u043d\u043d\u0430 \u043f\u043e\u0448\u0442\u0430:<\/td><td><a href=\"mailto:info@mobilitaetszentrum-dasing.de\">info@mobilitaetszentrum-dasing.de<\/a><\/td><\/tr><tr><td>\u0406\u043d\u0442\u0435\u0440\u043d\u0435\u0442:<\/td><td><a href=\"https:\/\/mobilitaetszentrum-dasing.de\/uk\/\" target=\"_blank\" rel=\"noreferrer noopener\">www.mobilitaetszentrum-dasing.de<\/a><br><a href=\"http:\/\/www.hoermann-reisen.de\/\" target=\"_blank\" rel=\"noreferrer noopener\">www.hoermann-reisen.de<\/a><br><a href=\"http:\/\/www.hoermann-skikurse.de\/\" target=\"_blank\" rel=\"noreferrer noopener\">www.hoermann-skikurse.de<\/a><br><a href=\"http:\/\/www.tui-reisecenter.de\/Augsburg1\/\" target=\"_blank\" rel=\"noreferrer noopener\">www.tui-reisecenter.de\/Augsburg1<\/a><\/td><\/tr><\/tbody><\/table><\/figure>\n\n\n\n<h2 class=\"wp-block-heading\">\u0417\u0430\u0440\u0435\u0454\u0441\u0442\u0440\u0443\u0432\u0430\u0442\u0438\u0441\u044f<\/h2>\n\n\n\n<figure class=\"wp-block-table\"><table class=\"has-fixed-layout\"><tbody><tr><td><strong>\u0420\u0435\u0454\u0441\u0442\u0440\u0443\u0439\u0442\u0435 \u0441\u0443\u0434:<\/strong><\/td><td>\u041c\u0456\u0441\u0446\u0435\u0432\u0438\u0439 \u0441\u0443\u0434 \u0410\u0443\u0433\u0441\u0431\u0443\u0440\u0433\u0430, HRB 20190<\/td><\/tr><tr><td><strong>\u041d\u0430\u0433\u043b\u044f\u0434\u043e\u0432\u0438\u0439 \u043e\u0440\u0433\u0430\u043d (\u0434\u043e\u0437\u0432\u0456\u043b\u044c\u043d\u0438\u0439 \u043e\u0440\u0433\u0430\u043d):<\/strong><\/td><td>\u0423\u0440\u044f\u0434 \u0428\u0432\u0430\u0431\u0456\u0457, \u0424\u0440\u043e\u043d\u0433\u043e\u0444 10, 86152 \u0410\u0443\u0433\u0441\u0431\u0443\u0440\u0433<\/td><\/tr><tr><td><strong>\u041a\u0435\u0440\u0443\u044e\u0447\u0438\u0439 \u0434\u0438\u0440\u0435\u043a\u0442\u043e\u0440:<\/strong><\/td><td>\u041a\u0441\u0430\u0432\u0435\u0440 \u0413\u0435\u0440\u043c\u0430\u043d, \u0424\u0456\u043b\u0456\u043f \u0413\u0435\u0440\u043c\u0430\u043d<\/td><\/tr><tr><td><strong>\u0406\u0434\u0435\u043d\u0442\u0438\u0444\u0456\u043a\u0430\u0446\u0456\u0439\u043d\u0438\u0439 \u043d\u043e\u043c\u0435\u0440 \u043f\u043b\u0430\u0442\u043d\u0438\u043a\u0430 \u043f\u043e\u0434\u0430\u0442\u043a\u0443 \u0437 \u043f\u0440\u043e\u0434\u0430\u0436\u0443 \u0432\u0456\u0434\u043f\u043e\u0432\u0456\u0434\u043d\u043e \u0434\u043e \u00a7 27 a \u0437\u0430\u043a\u043e\u043d\u0443 \u043f\u0440\u043e \u043f\u043e\u0434\u0430\u0442\u043e\u043a \u0437 \u043f\u0440\u043e\u0434\u0430\u0436\u0443:<\/strong><\/td><td>DE813836567<\/td><\/tr><tr><td><strong>\u0412\u0456\u0434\u043f\u043e\u0432\u0456\u0434\u0430\u043b\u044c\u043d\u0438\u0439 \u0437\u0430 \u043a\u043e\u043d\u0442\u0435\u043d\u0442 <strong>\u0437\u0433\u0456\u0434\u043d\u043e \u0437<\/strong> <strong>\u00a7 \u00a7 18 (2) MStV<\/strong>:<\/strong><\/td><td>\u041a\u0441\u0430\u0432\u0435\u0440 \u0413\u0435\u0440\u043c\u0430\u043d, \u0424\u0456\u043b\u0456\u043f \u0413\u0435\u0440\u043c\u0430\u043d<\/td><\/tr><\/tbody><\/table><\/figure>\n\n\n\n<h3 class=\"wp-block-heading\">\u0421\u0438\u0441\u0442\u0435\u043c\u0430 \u0432\u0438\u043a\u0440\u0438\u0432\u0430\u0447\u0456\u0432<\/h3>\n\n\n\n<p><a href=\"https:\/\/www.hoermann-reisen.de\/ombudsstelle-hinweisgebersystem\/\">\u041e\u0441\u044c.<\/a> \u0432\u0438 \u043c\u043e\u0436\u0435\u0442\u0435 \u0437\u0432\u0435\u0440\u043d\u0443\u0442\u0438\u0441\u044f \u0434\u043e \u043d\u0430\u0448\u043e\u0433\u043e \u043e\u0444\u0456\u0441\u0443 \u043e\u043c\u0431\u0443\u0434\u0441\u043c\u0435\u043d\u0430 \u0442\u0430 \u0441\u0438\u0441\u0442\u0435\u043c\u0438 \u0432\u0438\u043a\u0440\u0438\u0432\u0430\u0447\u0456\u0432 \u0443 \u0440\u0430\u0437\u0456 \u043f\u0456\u0434\u043e\u0437\u0440\u0438 \u043d\u0430 \u043f\u043e\u0440\u0443\u0448\u0435\u043d\u043d\u044f \u043f\u0440\u0430\u0432\u0438\u043b \u0443 \u043a\u043e\u043c\u043f\u0430\u043d\u0456\u0457 H\u00f6rmann-Reisen GmbH.<\/p>\n\n\n\n<h3 class=\"wp-block-heading\">\u0412\u0438\u0440\u0456\u0448\u0435\u043d\u043d\u044f \u0441\u043f\u043e\u0436\u0438\u0432\u0447\u0438\u0445 \u0441\u043f\u043e\u0440\u0456\u0432<\/h3>\n\n\n\n<p>\u0412\u0456\u0434\u043f\u043e\u0432\u0456\u0434\u043d\u043e \u0434\u043e \u0417\u0430\u043a\u043e\u043d\u0443 \u043f\u0440\u043e \u0432\u0438\u0440\u0456\u0448\u0435\u043d\u043d\u044f \u0441\u043f\u043e\u0436\u0438\u0432\u0447\u0438\u0445 \u0441\u043f\u043e\u0440\u0456\u0432, \u043c\u0438 \u0437\u043e\u0431\u043e\u0432'\u044f\u0437\u0430\u043d\u0456 \u043f\u043e\u0432\u0456\u0434\u043e\u043c\u0438\u0442\u0438 \u0432\u0430\u043c, \u0449\u043e \u0456\u0441\u043d\u0443\u044e\u0442\u044c \u0442\u0430\u043a \u0437\u0432\u0430\u043d\u0456 \u0430\u0440\u0431\u0456\u0442\u0440\u0430\u0436\u043d\u0456 \u043e\u0440\u0433\u0430\u043d\u0438, \u0434\u043e \u044f\u043a\u0438\u0445 \u0432\u0438 \u043c\u043e\u0436\u0435\u0442\u0435 \u0437\u0432\u0435\u0440\u043d\u0443\u0442\u0438\u0441\u044f \u0443 \u0440\u0430\u0437\u0456 \u0432\u0438\u043d\u0438\u043a\u043d\u0435\u043d\u043d\u044f \u0441\u043a\u0430\u0440\u0433, \u043d\u0430\u043f\u0440\u0438\u043a\u043b\u0430\u0434, \u0410\u0440\u0431\u0456\u0442\u0440\u0430\u0436\u043d\u0438\u0439 \u0446\u0435\u043d\u0442\u0440 \u0433\u0440\u043e\u043c\u0430\u0434\u0441\u044c\u043a\u043e\u0433\u043e \u043f\u0430\u0441\u0430\u0436\u0438\u0440\u0441\u044c\u043a\u043e\u0433\u043e \u0442\u0440\u0430\u043d\u0441\u043f\u043e\u0440\u0442\u0443 (s\u00f6p), <a href=\"https:\/\/www.soep-online.de\/\" target=\"_blank\" rel=\"noreferrer noopener\">www.soep-online.de<\/a> \u0430\u0431\u043e \u0417\u0430\u0433\u0430\u043b\u044c\u043d\u0438\u0439 \u0441\u043f\u043e\u0436\u0438\u0432\u0447\u0438\u0439 \u0430\u0440\u0431\u0456\u0442\u0440\u0430\u0436\u043d\u0438\u0439 \u0446\u0435\u043d\u0442\u0440, <a href=\"https:\/\/www.verbraucher-schlichter.de\/\" target=\"_blank\" rel=\"noreferrer noopener\">www.verbraucher-schlichter.de<\/a>. \u041c\u0438 \u0442\u0430\u043a\u043e\u0436 \u0445\u043e\u0442\u0456\u043b\u0438 \u0431 \u0437\u0430\u0437\u043d\u0430\u0447\u0438\u0442\u0438, \u0449\u043e \u043c\u0438 \u043d\u0435 \u0431\u0435\u0440\u0435\u043c\u043e \u0443\u0447\u0430\u0441\u0442\u0456 \u0443 \u0440\u043e\u0437\u0433\u043b\u044f\u0434\u0456 \u0441\u043f\u043e\u0440\u0456\u0432 \u0443 \u0441\u043f\u043e\u0436\u0438\u0432\u0447\u043e\u043c\u0443 \u0430\u0440\u0431\u0456\u0442\u0440\u0430\u0436\u0456.<\/p>\n\n\n\n<h3 class=\"wp-block-heading\">\u0417\u0430\u0445\u0438\u0441\u0442 \u0434\u0430\u043d\u0438\u0445<\/h3>\n\n\n\n<p>\u0412\u0441\u0456 \u0434\u0430\u043d\u0456, \u0437\u0456\u0431\u0440\u0430\u043d\u0456 \u043d\u0430 \u0446\u044c\u043e\u043c\u0443 \u0441\u0430\u0439\u0442\u0456, \u043e\u0431\u0440\u043e\u0431\u043b\u044f\u044e\u0442\u044c\u0441\u044f \u0432\u0456\u0434\u043f\u043e\u0432\u0456\u0434\u043d\u043e \u0434\u043e \u043f\u043e\u043b\u043e\u0436\u0435\u043d\u044c GDPR. \u041f\u0435\u0440\u0441\u043e\u043d\u0430\u043b\u044c\u043d\u0456 \u0434\u0430\u043d\u0456 \u043d\u0435 \u043f\u0435\u0440\u0435\u0434\u0430\u044e\u0442\u044c\u0441\u044f \u0442\u0440\u0435\u0442\u0456\u043c \u043e\u0441\u043e\u0431\u0430\u043c \u0431\u0435\u0437 \u043f\u0440\u044f\u043c\u043e\u0457 \u0437\u0433\u043e\u0434\u0438 \u0432\u0456\u0434\u043f\u043e\u0432\u0456\u0434\u043d\u043e\u0457 \u043e\u0441\u043e\u0431\u0438. \u041f\u0456\u0434 \u043f\u0435\u0440\u0441\u043e\u043d\u0430\u043b\u044c\u043d\u0438\u043c\u0438 \u0434\u0430\u043d\u0438\u043c\u0438 \u043c\u0438 \u0440\u043e\u0437\u0443\u043c\u0456\u0454\u043c\u043e \u0456\u043d\u0444\u043e\u0440\u043c\u0430\u0446\u0456\u044e, \u044f\u043a\u0430 \u043c\u043e\u0436\u0435 \u0431\u0443\u0442\u0438 \u0432\u0438\u043a\u043e\u0440\u0438\u0441\u0442\u0430\u043d\u0430 \u0434\u043b\u044f \u0432\u0438\u0437\u043d\u0430\u0447\u0435\u043d\u043d\u044f \u0432\u0430\u0448\u043e\u0457 \u043e\u0441\u043e\u0431\u0438, \u043d\u0430\u043f\u0440\u0438\u043a\u043b\u0430\u0434, \u0432\u0430\u0448\u0435 \u0456\u043c'\u044f, \u0430\u0434\u0440\u0435\u0441\u0430 \u0430\u0431\u043e \u043d\u043e\u043c\u0435\u0440 \u0442\u0435\u043b\u0435\u0444\u043e\u043d\u0443.<\/p>\n\n\n\n<h3 class=\"wp-block-heading\">\u0412\u0456\u0434\u043c\u043e\u0432\u0430 \u0432\u0456\u0434 \u0432\u0456\u0434\u043f\u043e\u0432\u0456\u0434\u0430\u043b\u044c\u043d\u043e\u0441\u0442\u0456<\/h3>\n\n\n\n<p>\u041d\u0435\u0437\u0432\u0430\u0436\u0430\u044e\u0447\u0438 \u043d\u0430 \u0440\u0435\u0442\u0435\u043b\u044c\u043d\u0438\u0439 \u043a\u043e\u043d\u0442\u0440\u043e\u043b\u044c \u043a\u043e\u043d\u0442\u0435\u043d\u0442\u0443, \u043c\u0438 \u043d\u0435 \u043d\u0435\u0441\u0435\u043c\u043e \u0432\u0456\u0434\u043f\u043e\u0432\u0456\u0434\u0430\u043b\u044c\u043d\u043e\u0441\u0442\u0456 \u0437\u0430 \u0437\u043c\u0456\u0441\u0442 \u0437\u043e\u0432\u043d\u0456\u0448\u043d\u0456\u0445 \u043f\u043e\u0441\u0438\u043b\u0430\u043d\u044c. \u041e\u043f\u0435\u0440\u0430\u0442\u043e\u0440\u0438 \u0441\u0442\u043e\u0440\u0456\u043d\u043e\u043a, \u043d\u0430 \u044f\u043a\u0456 \u0432\u0435\u0434\u0443\u0442\u044c \u043f\u043e\u0441\u0438\u043b\u0430\u043d\u043d\u044f, \u043d\u0435\u0441\u0443\u0442\u044c \u043f\u043e\u0432\u043d\u0443 \u0432\u0456\u0434\u043f\u043e\u0432\u0456\u0434\u0430\u043b\u044c\u043d\u0456\u0441\u0442\u044c \u0437\u0430 \u0457\u0445\u043d\u0456\u0439 \u0437\u043c\u0456\u0441\u0442.<\/p>\n\n\n\n<h3 class=\"wp-block-heading\">\u0412\u0456\u0434\u043c\u043e\u0432\u0430 \u0432\u0456\u0434 \u0432\u0456\u0434\u043f\u043e\u0432\u0456\u0434\u0430\u043b\u044c\u043d\u043e\u0441\u0442\u0456<\/h3>\n\n\n\n<p>\u0412\u0441\u0456 \u0444\u043e\u0442\u043e\u0433\u0440\u0430\u0444\u0456\u0457, \u0433\u0440\u0430\u0444\u0456\u043a\u0430, \u043b\u043e\u0433\u043e\u0442\u0438\u043f\u0438, \u0442\u0435\u043a\u0441\u0442\u0438, \u0432\u0456\u0434\u0435\u043e \u0442\u0430 \u0432\u0441\u0456 \u0456\u043d\u0448\u0456 \u043a\u043e\u043c\u043f\u043e\u043d\u0435\u043d\u0442\u0438 \u0446\u044c\u043e\u0433\u043e \u0432\u0435\u0431-\u0441\u0430\u0439\u0442\u0443 \u0437\u0430\u0445\u0438\u0449\u0435\u043d\u0456 \u0430\u0432\u0442\u043e\u0440\u0441\u044c\u043a\u0438\u043c \u043f\u0440\u0430\u0432\u043e\u043c \u043a\u043e\u043c\u043f\u0430\u043d\u0456\u0457 H\u00f6rmann-Reisen GmbH \u0456 \u0454 \u0457\u0457 \u0432\u043b\u0430\u0441\u043d\u0456\u0441\u0442\u044e. \u0411\u0443\u0434\u044c-\u044f\u043a\u0435 \u043f\u043e\u0434\u0430\u043b\u044c\u0448\u0435 \u0432\u0438\u043a\u043e\u0440\u0438\u0441\u0442\u0430\u043d\u043d\u044f \u043c\u0430\u0442\u0435\u0440\u0456\u0430\u043b\u0456\u0432 \u0437\u0430\u0431\u043e\u0440\u043e\u043d\u0435\u043d\u043e \u0431\u0435\u0437 \u043f\u0438\u0441\u044c\u043c\u043e\u0432\u043e\u0433\u043e \u0434\u043e\u0437\u0432\u043e\u043b\u0443. H\u00f6rmann-Reisen GmbH \u043f\u0440\u044f\u043c\u043e \u0432\u043a\u0430\u0437\u0443\u0454 \u043d\u0430 \u0442\u0435, \u0449\u043e \u0432\u0441\u044f \u0456\u043d\u0444\u043e\u0440\u043c\u0430\u0446\u0456\u044f \u043d\u0430\u0434\u0430\u0454\u0442\u044c\u0441\u044f \u0431\u0435\u0437 \u0433\u0430\u0440\u0430\u043d\u0442\u0456\u0457, \u0456 \u0431\u0443\u0434\u044c-\u044f\u043a\u0430 \u0432\u0456\u0434\u043f\u043e\u0432\u0456\u0434\u0430\u043b\u044c\u043d\u0456\u0441\u0442\u044c \u0447\u0435\u0440\u0435\u0437 \u043d\u0435\u043f\u0440\u0430\u0432\u0438\u043b\u044c\u043d\u0443, \u043d\u0435\u043f\u043e\u0432\u043d\u0443 \u0430\u0431\u043e \u0437\u0430\u0441\u0442\u0430\u0440\u0456\u043b\u0443 \u0456\u043d\u0444\u043e\u0440\u043c\u0430\u0446\u0456\u044e \u0432\u0438\u043a\u043b\u044e\u0447\u0430\u0454\u0442\u044c\u0441\u044f.<\/p>\n\n\n\n<h3 class=\"wp-block-heading\">\u0441\u0442\u0440\u0430\u0445\u0443\u0432\u0430\u043d\u043d\u044f<\/h3>\n\n\n\n<p style=\"font-size:1rem\">\u042f\u043a\u0449\u043e \u0443 \u0432\u0430\u0441 \u0454 \u043f\u0456\u0434\u0441\u0442\u0430\u0432\u0438 \u0434\u043b\u044f \u0441\u043a\u0430\u0440\u0433\u0438 \u0443 \u0437\u0432'\u044f\u0437\u043a\u0443 \u0437\u0456 \u0441\u0442\u0440\u0430\u0445\u043e\u0432\u0438\u043c \u0431\u0440\u043e\u043a\u0435\u0440\u043e\u043c, \u0432\u0438 \u043c\u043e\u0436\u0435\u0442\u0435 \u0437\u0432\u0435\u0440\u043d\u0443\u0442\u0438\u0441\u044f \u0434\u043e \u0446\u044c\u043e\u0433\u043e \u043f\u043e\u0437\u0430\u0441\u0443\u0434\u043e\u0432\u043e\u0433\u043e \u0446\u0435\u043d\u0442\u0440\u0443 \u0440\u043e\u0437\u0433\u043b\u044f\u0434\u0443 \u0441\u043a\u0430\u0440\u0433 \u0442\u0430 \u0430\u0440\u0431\u0456\u0442\u0440\u0430\u0436\u0443: <br>Versicherungsombudsmann e. V.<br>\u0410\/\u0441 080632<br>10006 \u0411\u0435\u0440\u043b\u0456\u043d<br>\u0422\u0435\u043b\u0435\u0444\u043e\u043d: 0800 3696000<br>\u0424\u0430\u043a\u0441: 0800 3699000<br>\u0415\u043b\u0435\u043a\u0442\u0440\u043e\u043d\u043d\u0430 \u043f\u043e\u0448\u0442\u0430: <br><a href=\"mailto:beschwerde@versicherungsombudsmann.de\">beschwerde@versicherungsombudsmann.de<\/a><br>\u0413\u043e\u043b\u043e\u0432\u043d\u0430 \u0441\u0442\u043e\u0440\u0456\u043d\u043a\u0430:<br><a href=\"http:\/\/www.versicherungsombudsmann.de\/\" target=\"_blank\" rel=\"noreferrer noopener\">www.versicherungsombudsmann.de<\/a><\/p>\n<\/div>\n\n\n\n<p><\/p>","protected":false},"excerpt":{"rendered":"<p>Impressum Parkplatzbetrieb (operativ) im Auftrag der H\u00f6rmann-Reisen GmbH:33plus7 GmbH, Br\u00fcndlweg 6, 85301 Schweitenkirchen, DeutschlandVertreten durch: Sascha PfannenschmidtE-Mail: info@33plus7gmbh.deRegistergericht: Amtsgericht Ingolstadt \u00b7 HRB 12196USt-IdNr.: DE452920232&nbsp; Hinweis:&nbsp;Vertragspartner, Abrechnung und Zahlungsempfang der Parkleistungen erfolgen \u00fcber die H\u00f6rmann-Reisen GmbH.&nbsp; Betriebsstelle:Mobilit\u00e4tszentrum DasingH\u00f6rmann-Reisen GmbHAn der Brandleiten 4D &#8211; 86453 Dasing H\u00f6rmann-Reisen GmbHFuggerstra\u00dfe 16D &#8211; 86150 Augsburg Kontakt Telefon: +49 (0) 8205 [&hellip;]<\/p>\n","protected":false},"author":1,"featured_media":0,"parent":0,"menu_order":0,"comment_status":"closed","ping_status":"closed","template":"blank","meta":{"footnotes":""},"class_list":["post-45","page","type-page","status-publish","hentry"],"_links":{"self":[{"href":"https:\/\/mobilitaetszentrum-dasing.de\/uk\/wp-json\/wp\/v2\/pages\/45","targetHints":{"allow":["GET"]}}],"collection":[{"href":"https:\/\/mobilitaetszentrum-dasing.de\/uk\/wp-json\/wp\/v2\/pages"}],"about":[{"href":"https:\/\/mobilitaetszentrum-dasing.de\/uk\/wp-json\/wp\/v2\/types\/page"}],"author":[{"embeddable":true,"href":"https:\/\/mobilitaetszentrum-dasing.de\/uk\/wp-json\/wp\/v2\/users\/1"}],"replies":[{"embeddable":true,"href":"https:\/\/mobilitaetszentrum-dasing.de\/uk\/wp-json\/wp\/v2\/comments?post=45"}],"version-history":[{"count":23,"href":"https:\/\/mobilitaetszentrum-dasing.de\/uk\/wp-json\/wp\/v2\/pages\/45\/revisions"}],"predecessor-version":[{"id":1078,"href":"https:\/\/mobilitaetszentrum-dasing.de\/uk\/wp-json\/wp\/v2\/pages\/45\/revisions\/1078"}],"wp:attachment":[{"href":"https:\/\/mobilitaetszentrum-dasing.de\/uk\/wp-json\/wp\/v2\/media?parent=45"}],"curies":[{"name":"wp","href":"https:\/\/api.w.org\/{rel}","templated":true}]}}