{"id":738,"date":"2025-10-17T09:00:06","date_gmt":"2025-10-17T09:00:06","guid":{"rendered":"https:\/\/mobilitaetszentrum-dasing.de\/?page_id=738"},"modified":"2025-12-29T11:20:44","modified_gmt":"2025-12-29T11:20:44","slug":"agb","status":"publish","type":"page","link":"https:\/\/mobilitaetszentrum-dasing.de\/ro\/agb\/","title":{"rendered":"GTC"},"content":{"rendered":"<div class=\"wp-block-group is-layout-constrained wp-container-core-group-is-layout-7a3688e9 wp-block-group-is-layout-constrained\">\n<div style=\"height:130px\" aria-hidden=\"true\" class=\"wp-block-spacer show-mobile\"><\/div>\n\n\n\n<h1 class=\"wp-block-heading has-medium-large-font-size\">Termeni \u0219i condi\u021bii generale<\/h1>\n\n\n\n<p><strong>1. domeniul de aplicare<\/strong><\/p>\n\n\n\n<p>Aceste condi\u021bii de utilizare reglementeaz\u0103 utilizarea zonelor de parcare \u0219i a instala\u021biilor sanitare ale Centrului de mobilitate Dasing, An der Brandleiten 4, 86453 Dasing. Operatorul centrului este H\u00f6rmann-Reisen GmbH, Fuggerstra\u00dfe 16, 86150 Augsburg.<\/p>\n\n\n\n<p><strong>2. valabilitatea reglement\u0103rilor privind traficul rutier<\/strong><\/p>\n\n\n\n<p>Versiunea actual\u0103 a Regulamentului german privind circula\u021bia rutier\u0103 (StVO) se aplic\u0103 \u00een \u00eentregul sit.<\/p>\n\n\n\n<p><strong>3. autoriza\u021bie de acces \u0219i parcare<\/strong><\/p>\n\n\n\n<ul class=\"wp-block-list\">\n<li>Accesul se face exclusiv prin sistemul de bariere.<\/li>\n\n\n\n<li>Utilizarea este permis\u0103 numai dac\u0103 a fost achizi\u021bionat un bilet de parcare sau dac\u0103 a fost efectuat\u0103 o rezervare \u00een avans valabil\u0103 prin intermediul unei aplica\u021bii de rezervare autorizate.<\/li>\n\n\n\n<li>Ie\u0219irea este posibil\u0103 numai dac\u0103 taxele de parcare datorate au fost pl\u0103tite \u00een mod corespunz\u0103tor.<\/li>\n\n\n\n<li>Operatorul are dreptul de a dispune \u00eendep\u0103rtarea vehiculelor parcate neautorizat, pe cheltuiala \u0219i riscul proprietarului.<\/li>\n<\/ul>\n\n\n\n<p><strong>4 Taxe \u0219i modalit\u0103\u021bi de plat\u0103<\/strong><\/p>\n\n\n\n<ul class=\"wp-block-list\">\n<li>Se aplic\u0103 tarifele afi\u0219ate la automatele de bilete \u0219i de intrare \u0219i \u00een aplica\u021biile de rezervare.<\/li>\n\n\n\n<li>Tarifele de parcare sunt urm\u0103toarele <strong>\u00eenainte de ie\u0219ire<\/strong> la automatul de bilete sau prin intermediul aplica\u021biei de rezervare.<\/li>\n\n\n\n<li>La rezervarea \u00een avans prin intermediul unei aplica\u021bii, vehiculul trebuie s\u0103 fie clar identificabil (de exemplu, prin recunoa\u0219terea pl\u0103cu\u021bei de \u00eenmatriculare). \u00cen acest caz, bariera se deschide automat.<\/li>\n\n\n\n<li>\u00cen cazul \u00een care num\u0103rul pl\u0103cu\u021bei de \u00eenmatriculare nu este recunoscut din punct de vedere tehnic (de exemplu, din cauza murd\u0103riei sau a z\u0103pezii), conduc\u0103torul auto este obligat s\u0103 ia un tichet de parcare \u0219i s\u0103 introduc\u0103 num\u0103rul pl\u0103cu\u021bei de \u00eenmatriculare la sta\u021bia de plat\u0103. Odat\u0103 ce num\u0103rul de \u00eenmatriculare a fost introdus cu succes, conduc\u0103torului auto i se va permite s\u0103 p\u0103r\u0103seasc\u0103 parcarea gratuit, \u00een conformitate cu rezervarea prealabil\u0103 valabil\u0103.<\/li>\n\n\n\n<li>Taxele nepl\u0103tite pot fi percepute ulterior \u0219i executate \u00een mod legal.<\/li>\n<\/ul>\n\n\n\n<p><strong>5 Supraveghere video \u0219i protec\u021bia datelor<\/strong><\/p>\n\n\n\n<ul class=\"wp-block-list\">\n<li>Site-ul este monitorizat de camere video din motive de securitate, control al accesului \u0219i pentru a aplica drepturile de domiciliu.<\/li>\n\n\n\n<li>Responsabil \u00een sensul GDPR este <strong>H\u00f6rmann-Reisen GmbH, Fuggerstra\u00dfe 16, 86150 Augsburg<\/strong>.<\/li>\n\n\n\n<li>Temeiul juridic pentru prelucrare este art. 6 alin. 1 lit. f GDPR (interes legitim).<\/li>\n\n\n\n<li>\u00cenregistr\u0103rile sunt utilizate exclusiv \u00een scopurile declarate \u0219i sunt \u0219terse dup\u0103 expirarea termenelor legale.<\/li>\n\n\n\n<li>Persoanele vizate au dreptul la informare, rectificare, \u0219tergere, restric\u021bionarea prelucr\u0103rii \u0219i de a depune o pl\u00e2ngere la autoritatea competent\u0103 de supraveghere a protec\u021biei datelor.<\/li>\n<\/ul>\n\n\n\n<p><strong>6 Obliga\u021biile utilizatorilor<\/strong><\/p>\n\n\n\n<ul class=\"wp-block-list\">\n<li>Vehiculele trebuie s\u0103 fie parcate corespunz\u0103tor \u00een zonele desemnate.<\/li>\n\n\n\n<li>Este interzis\u0103 func\u021bionarea inutil\u0103 a motorului.<\/li>\n\n\n\n<li>Gunoaiele acumulate \u00een timpul sejurului pot fi aruncate numai \u00een cantit\u0103\u021bi normale \u00een co\u0219urile de gunoi puse la dispozi\u021bie.<\/li>\n<\/ul>\n\n\n\n<p><strong>7. utilizarea toaletelor \u0219i a du\u0219urilor<\/strong><\/p>\n\n\n\n<ul start=\"1\" class=\"wp-block-list\">\n<li>Toaletele \u0219i du\u0219urile existente sunt disponibile numai pentru utilizatorii parc\u0103rii.<\/li>\n\n\n\n<li>Utilizarea poate face obiectul unei taxe; se aplic\u0103 tarifele afi\u0219ate la fa\u021ba locului.<\/li>\n\n\n\n<li>Utilizatorii sunt obliga\u021bi s\u0103 trateze instala\u021biile cu cur\u0103\u021benie \u0219i cu grij\u0103.<\/li>\n\n\n\n<li>Operatorul nu accept\u0103 nicio r\u0103spundere pentru obiectele l\u0103sate \u00een urm\u0103 sau pentru daunele cauzate de utilizarea necorespunz\u0103toare.<\/li>\n\n\n\n<li>Operatorul \u00ee\u0219i rezerv\u0103 dreptul de a \u00eenchide temporar instala\u021biile din motive opera\u021bionale (de exemplu, cur\u0103\u021bare, \u00eentre\u021binere, vandalism).<\/li>\n\n\n\n<li>Utilizarea necorespunz\u0103toare sau murd\u0103rirea grav\u0103 pot duce la excluderea permanent\u0103 de la utilizare \u0219i, eventual, la cereri de desp\u0103gubire.<\/li>\n<\/ul>\n\n\n\n<p><strong>8. r\u0103spundere<\/strong><\/p>\n\n\n\n<ul class=\"wp-block-list\">\n<li>Utilizarea parc\u0103rilor \u0219i a instala\u021biilor sanitare se face pe propriul risc.<\/li>\n\n\n\n<li>Operatorul nu accept\u0103 nicio r\u0103spundere pentru deteriorarea, pierderea sau furtul vehiculelor, a con\u021binutului acestora sau a obiectelor personale.<\/li>\n\n\n\n<li>Preten\u021biile de r\u0103spundere pot fi formulate numai \u00een caz de inten\u021bie sau neglijen\u021b\u0103 grav\u0103 din partea operatorului sau a agen\u021bilor s\u0103i auxiliari.<\/li>\n<\/ul>\n\n\n\n<p><strong>9. drepturi de domiciliu<\/strong><\/p>\n\n\n\n<ul class=\"wp-block-list\">\n<li>Operatorul exercit\u0103 drepturi de domiciliu.<\/li>\n\n\n\n<li>\u00cenc\u0103lc\u0103rile prezentelor TCG sau ale StVO pot duce la interzicerea accesului \u00een incint\u0103, la sanc\u021biuni contractuale sau la \u00eendep\u0103rtarea vehiculului.<\/li>\n<\/ul>\n\n\n\n<p><strong>10. dispozi\u021bii finale<\/strong><\/p>\n\n\n\n<ul class=\"wp-block-list\">\n<li>\u00cen cazul \u00een care anumite dispozi\u021bii nu sunt valabile, validitatea celorlalte dispozi\u021bii nu va fi afectat\u0103.<\/li>\n\n\n\n<li>Se aplic\u0103 dreptul Republicii Federale Germania.<\/li>\n<\/ul>\n\n\n\n<p><\/p>\n\n\n\n<p>Statut: 26\/09\/2025<\/p>\n\n\n\n<p><\/p>\n<\/div>","protected":false},"excerpt":{"rendered":"<p>Allgemeine Gesch\u00e4ftsbedingungen 1. Geltungsbereich Diese Nutzungsbedingungen regeln die Benutzung der Parkfl\u00e4chen sowie der sanit\u00e4ren Einrichtungen des Mobilit\u00e4tszentrums Dasing, An der Brandleiten 4, 86453 Dasing. Betreiber der Anlage ist die H\u00f6rmann-Reisen GmbH, Fuggerstra\u00dfe 16, 86150 Augsburg. 2. Geltung der Stra\u00dfenverkehrsordnung Auf dem gesamten Gel\u00e4nde gilt die Stra\u00dfenverkehrsordnung (StVO) in der jeweils g\u00fcltigen Fassung. 3. Zufahrt und [&hellip;]<\/p>\n","protected":false},"author":1,"featured_media":0,"parent":0,"menu_order":0,"comment_status":"closed","ping_status":"closed","template":"blank","meta":{"footnotes":""},"class_list":["post-738","page","type-page","status-publish","hentry"],"_links":{"self":[{"href":"https:\/\/mobilitaetszentrum-dasing.de\/ro\/wp-json\/wp\/v2\/pages\/738","targetHints":{"allow":["GET"]}}],"collection":[{"href":"https:\/\/mobilitaetszentrum-dasing.de\/ro\/wp-json\/wp\/v2\/pages"}],"about":[{"href":"https:\/\/mobilitaetszentrum-dasing.de\/ro\/wp-json\/wp\/v2\/types\/page"}],"author":[{"embeddable":true,"href":"https:\/\/mobilitaetszentrum-dasing.de\/ro\/wp-json\/wp\/v2\/users\/1"}],"replies":[{"embeddable":true,"href":"https:\/\/mobilitaetszentrum-dasing.de\/ro\/wp-json\/wp\/v2\/comments?post=738"}],"version-history":[{"count":16,"href":"https:\/\/mobilitaetszentrum-dasing.de\/ro\/wp-json\/wp\/v2\/pages\/738\/revisions"}],"predecessor-version":[{"id":1021,"href":"https:\/\/mobilitaetszentrum-dasing.de\/ro\/wp-json\/wp\/v2\/pages\/738\/revisions\/1021"}],"wp:attachment":[{"href":"https:\/\/mobilitaetszentrum-dasing.de\/ro\/wp-json\/wp\/v2\/media?parent=738"}],"curies":[{"name":"wp","href":"https:\/\/api.w.org\/{rel}","templated":true}]}}