{"id":1232,"date":"2026-03-23T12:22:46","date_gmt":"2026-03-23T12:22:46","guid":{"rendered":"https:\/\/mobilitaetszentrum-dasing.de\/?page_id=1232"},"modified":"2026-04-01T11:01:16","modified_gmt":"2026-04-01T11:01:16","slug":"de","status":"publish","type":"page","link":"https:\/\/mobilitaetszentrum-dasing.de\/ro\/anleitungen\/de\/","title":{"rendered":"Anleitungen deutsch"},"content":{"rendered":"<div class=\"wp-block-group show-mobile hide-tablet is-layout-constrained wp-block-group-is-layout-constrained\">\n<div style=\"height:130px\" aria-hidden=\"true\" class=\"wp-block-spacer show-mobile\"><\/div>\n\n\n\n<h1 class=\"wp-block-heading has-text-align-center\">Instruc\u021biuni<\/h1>\n\n\n\n<div class=\"wp-block-group is-layout-grid wp-container-core-group-is-layout-634643bd wp-block-group-is-layout-grid\" style=\"padding-top:0;padding-right:var(--wp--preset--spacing--30);padding-bottom:0;padding-left:var(--wp--preset--spacing--30)\">\n<figure class=\"wp-block-image size-full has-custom-border wp-container-content-e0161f5a\"><a href=\"https:\/\/mobilitaetszentrum-dasing.de\/ro\/anleitungen\/de\/#bezahlung\"><img loading=\"lazy\" decoding=\"async\" width=\"263\" height=\"223\" src=\"https:\/\/mobilitaetszentrum-dasing.de\/wp-content\/uploads\/2026\/04\/Bezahlung.jpg\" alt=\"\" class=\"wp-image-1408\" style=\"border-style:none;border-width:0px\" srcset=\"https:\/\/mobilitaetszentrum-dasing.de\/wp-content\/uploads\/2026\/04\/Bezahlung.jpg 263w, https:\/\/mobilitaetszentrum-dasing.de\/wp-content\/uploads\/2026\/04\/Bezahlung-14x12.jpg 14w\" sizes=\"auto, (max-width: 263px) 100vw, 263px\" \/><\/a><\/figure>\n\n\n\n<figure class=\"wp-block-image size-full has-custom-border\"><a href=\"https:\/\/mobilitaetszentrum-dasing.de\/ro\/anleitungen\/de\/#duschen\"><img loading=\"lazy\" decoding=\"async\" width=\"263\" height=\"223\" src=\"https:\/\/mobilitaetszentrum-dasing.de\/wp-content\/uploads\/2026\/03\/Duschen.png\" alt=\"\" class=\"wp-image-1339\" style=\"border-style:none;border-width:0px\" srcset=\"https:\/\/mobilitaetszentrum-dasing.de\/wp-content\/uploads\/2026\/03\/Duschen.png 263w, https:\/\/mobilitaetszentrum-dasing.de\/wp-content\/uploads\/2026\/03\/Duschen-14x12.png 14w\" sizes=\"auto, (max-width: 263px) 100vw, 263px\" \/><\/a><\/figure>\n<\/div>\n\n\n\n<div style=\"height:130px\" aria-hidden=\"true\" class=\"wp-block-spacer\"><\/div>\n\n\n\n<h3 class=\"wp-block-heading has-text-align-center\" id=\"bezahlung\" style=\"margin-top:0px;padding-top:150px\">Cum func\u021bioneaz\u0103 plata<\/h3>\n\n\n\n<figure class=\"wp-block-video show-mobile\" style=\"margin-top:0;margin-bottom:0;padding-top:var(--wp--preset--spacing--30);padding-right:var(--wp--preset--spacing--80);padding-bottom:0;padding-left:var(--wp--preset--spacing--80)\"><video height=\"1280\" style=\"aspect-ratio: 720 \/ 1280;\" width=\"720\" controls poster=\"https:\/\/mobilitaetszentrum-dasing.de\/wp-content\/uploads\/2026\/03\/Zahlung_de.jpg\" src=\"https:\/\/mobilitaetszentrum-dasing.de\/wp-content\/uploads\/2026\/03\/00_DE_Celine_Ticket-UTA-DKV_20260317.mp4\" playsinline><\/video><\/figure>\n\n\n\n<ol style=\"padding-top:var(--wp--preset--spacing--20);padding-bottom:var(--wp--preset--spacing--40)\" class=\"wp-block-list\">\n<li style=\"margin-bottom:var(--wp--preset--spacing--20)\">Mai \u00eent\u00e2i glisa\u021bi <strong>Bilet<\/strong> \u00een aparatul de vending.<\/li>\n\n\n\n<li style=\"margin-bottom:var(--wp--preset--spacing--20)\">Apoi introduce\u021bi \u0219i cardul \u00een aparat.<\/li>\n\n\n\n<li style=\"margin-bottom:var(--wp--preset--spacing--20)\">Scoate\u021bi cardul imediat ce vi se cere s\u0103 face\u021bi acest lucru.<\/li>\n\n\n\n<li style=\"margin-bottom:var(--wp--preset--spacing--20)\">Acum introduce\u021bi valoarea curent\u0103 <strong>Kilometraj<\/strong> \u0219i dvs. <strong>PIN<\/strong> pe dispozitiv.<\/li>\n\n\n\n<li style=\"margin-bottom:var(--wp--preset--spacing--20)\">Imediat ce apare mesajul \u201ePlat\u0103 finalizat\u0103\u201c, scoate\u021bi biletul.<\/li>\n\n\n\n<li style=\"margin-bottom:var(--wp--preset--spacing--20)\">Acum ave\u021bi op\u021biunea de a tip\u0103ri o chitan\u021b\u0103. Trebuie doar s\u0103 confirma\u021bi acest lucru prin intermediul <strong>c\u00e2rlig verde<\/strong>.<\/li>\n\n\n\n<li>Scoate\u021bi chitan\u021ba \u0219i verifica\u021bi dac\u0103 plata a fost efectuat\u0103. <strong>Finalizat cu succes<\/strong> sau eventual anulat.<\/li>\n<\/ol>\n\n\n\n<h3 class=\"wp-block-heading has-text-align-center\" id=\"duschen\" style=\"padding-top:150px;padding-bottom:var(--wp--preset--spacing--20)\">Cum s\u0103 utiliza\u021bi du\u0219urile noastre<\/h3>\n\n\n\n<figure class=\"wp-block-video show-mobile\" style=\"margin-top:0;margin-bottom:0;padding-top:var(--wp--preset--spacing--30);padding-right:var(--wp--preset--spacing--80);padding-bottom:0;padding-left:var(--wp--preset--spacing--80)\"><video height=\"1280\" style=\"aspect-ratio: 720 \/ 1280;\" width=\"720\" controls poster=\"https:\/\/mobilitaetszentrum-dasing.de\/wp-content\/uploads\/2026\/03\/Dusche_de.jpg\" src=\"https:\/\/mobilitaetszentrum-dasing.de\/wp-content\/uploads\/2026\/03\/00_DEU_Celine_Duschen_QR-Code.mp4\" playsinline><\/video><\/figure>\n\n\n\n<ol style=\"padding-top:var(--wp--preset--spacing--20);padding-bottom:var(--wp--preset--spacing--40)\" class=\"wp-block-list\">\n<li style=\"margin-bottom:var(--wp--preset--spacing--20)\">Seta\u021bi <strong>Luminozitatea smartphone-ului dvs.<\/strong> mai \u00eent\u00e2i la cel mai \u00eenalt nivel.<\/li>\n\n\n\n<li style=\"margin-bottom:var(--wp--preset--spacing--20)\">Apela\u021bi codul QR Bosch sau Turis \u0219i <strong>m\u0103ri\u021bi pu\u021bin acest lucru<\/strong>, dar nu prea puternic.<\/li>\n\n\n\n<li style=\"margin-bottom:var(--wp--preset--spacing--20)\">\u021aine\u021bi dispozitivul de <strong>zona superioar\u0103<\/strong> la.<\/li>\n\n\n\n<li style=\"margin-bottom:var(--wp--preset--spacing--20)\">\u021aine\u021bi codul QR la unghiul corect sub <strong>Scanner<\/strong>.<\/li>\n\n\n\n<li style=\"margin-bottom:var(--wp--preset--spacing--20)\">Imediat ce se deschide u\u0219a <strong>Face zgomot<\/strong>, este deblocat\u0103. Acum pute\u021bi s\u0103 o deschide\u021bi \u0219i s\u0103 folosi\u021bi du\u0219urile.<\/li>\n<\/ol>\n<\/div>\n\n\n\n<div class=\"wp-block-group hide-mobile is-layout-constrained wp-block-group-is-layout-constrained\">\n<h1 class=\"wp-block-heading has-text-align-center\">Instruc\u021biuni<\/h1>\n\n\n\n<div class=\"wp-block-group alignwide has-background-light-background-color has-background is-layout-flow wp-block-group-is-layout-flow\">\n<div class=\"wp-block-columns is-layout-flex wp-container-core-columns-is-layout-04fa3f86 wp-block-columns-is-layout-flex\">\n<div class=\"wp-block-column is-vertically-aligned-stretch is-layout-flow wp-block-column-is-layout-flow\" style=\"padding-right:0;padding-left:0\">\n<h2 class=\"wp-block-heading has-text-align-center\" style=\"padding-bottom:var(--wp--preset--spacing--40)\">Cum func\u021bioneaz\u0103 plata<\/h2>\n\n\n\n<ol style=\"padding-bottom:var(--wp--preset--spacing--40)\" class=\"wp-block-list\">\n<li style=\"margin-bottom:var(--wp--preset--spacing--20)\">Mai \u00eent\u00e2i glisa\u021bi <strong>Bilet<\/strong> \u00een aparatul de vending.<\/li>\n\n\n\n<li style=\"margin-bottom:var(--wp--preset--spacing--20)\">Apoi introduce\u021bi \u0219i cardul \u00een aparat.<\/li>\n\n\n\n<li style=\"margin-bottom:var(--wp--preset--spacing--20)\">Scoate\u021bi cardul imediat ce vi se cere s\u0103 face\u021bi acest lucru.<\/li>\n\n\n\n<li style=\"margin-bottom:var(--wp--preset--spacing--20)\">Acum introduce\u021bi valoarea curent\u0103 <strong>Kilometraj<\/strong> \u0219i dvs. <strong>PIN<\/strong> pe dispozitiv.<\/li>\n\n\n\n<li style=\"margin-bottom:var(--wp--preset--spacing--20)\">Imediat ce apare mesajul \u201ePlat\u0103 finalizat\u0103\u201c, scoate\u021bi biletul.<\/li>\n\n\n\n<li style=\"margin-bottom:var(--wp--preset--spacing--20)\">Acum ave\u021bi op\u021biunea de a tip\u0103ri o chitan\u021b\u0103. Trebuie doar s\u0103 confirma\u021bi acest lucru prin intermediul <strong>c\u00e2rlig verde<\/strong>.<\/li>\n\n\n\n<li>Scoate\u021bi chitan\u021ba \u0219i verifica\u021bi dac\u0103 plata a fost efectuat\u0103. <strong>Finalizat cu succes<\/strong> sau eventual anulat.<\/li>\n<\/ol>\n<\/div>\n\n\n\n<div class=\"wp-block-column is-layout-flow wp-block-column-is-layout-flow\">\n<figure style=\"padding-top:0;padding-right:var(--wp--preset--spacing--80);padding-bottom:0;padding-left:var(--wp--preset--spacing--80)\" class=\"wp-block-video\"><video height=\"1280\" style=\"aspect-ratio: 720 \/ 1280;\" width=\"720\" controls poster=\"https:\/\/mobilitaetszentrum-dasing.de\/wp-content\/uploads\/2026\/03\/Zahlung_de.jpg\" src=\"https:\/\/mobilitaetszentrum-dasing.de\/wp-content\/uploads\/2026\/03\/00_DE_Celine_Ticket-UTA-DKV_20260317.mp4\"><\/video><\/figure>\n<\/div>\n<\/div>\n<\/div>\n\n\n\n<div class=\"wp-block-group alignwide has-background-light-background-color has-background is-layout-flow wp-block-group-is-layout-flow\">\n<div class=\"wp-block-columns is-layout-flex wp-container-core-columns-is-layout-04fa3f86 wp-block-columns-is-layout-flex\">\n<div class=\"wp-block-column is-vertically-aligned-stretch is-layout-flow wp-block-column-is-layout-flow\" style=\"padding-right:0;padding-left:0\">\n<h2 class=\"wp-block-heading has-text-align-center\" style=\"padding-bottom:var(--wp--preset--spacing--40)\">Cum s\u0103 utiliza\u021bi du\u0219urile noastre<\/h2>\n\n\n\n<ol style=\"padding-bottom:var(--wp--preset--spacing--40)\" class=\"wp-block-list\">\n<li style=\"margin-bottom:var(--wp--preset--spacing--20)\">Seta\u021bi <strong>Luminozitatea smartphone-ului dvs.<\/strong> mai \u00eent\u00e2i la cel mai \u00eenalt nivel.<\/li>\n\n\n\n<li style=\"margin-bottom:var(--wp--preset--spacing--20)\">Apela\u021bi codul QR Bosch sau Turis \u0219i <strong>m\u0103ri\u021bi pu\u021bin acest lucru<\/strong>, dar nu prea puternic.<\/li>\n\n\n\n<li style=\"margin-bottom:var(--wp--preset--spacing--20)\">\u021aine\u021bi dispozitivul de <strong>zona superioar\u0103<\/strong> la.<\/li>\n\n\n\n<li style=\"margin-bottom:var(--wp--preset--spacing--20)\">\u021aine\u021bi codul QR la unghiul corect sub <strong>Scanner<\/strong>.<\/li>\n\n\n\n<li style=\"margin-bottom:var(--wp--preset--spacing--20)\">Imediat ce se deschide u\u0219a <strong>Face zgomot<\/strong>, este deblocat\u0103. Acum pute\u021bi s\u0103 o deschide\u021bi \u0219i s\u0103 folosi\u021bi du\u0219urile.<\/li>\n<\/ol>\n<\/div>\n\n\n\n<div class=\"wp-block-column is-layout-flow wp-block-column-is-layout-flow\">\n<figure style=\"padding-top:0;padding-right:var(--wp--preset--spacing--80);padding-bottom:0;padding-left:var(--wp--preset--spacing--80)\" class=\"wp-block-video\"><video height=\"1280\" style=\"aspect-ratio: 720 \/ 1280;\" width=\"720\" controls poster=\"https:\/\/mobilitaetszentrum-dasing.de\/wp-content\/uploads\/2026\/03\/Dusche_de.jpg\" src=\"https:\/\/mobilitaetszentrum-dasing.de\/wp-content\/uploads\/2026\/03\/00_DEU_Celine_Duschen_QR-Code.mp4\"><\/video><\/figure>\n<\/div>\n<\/div>\n<\/div>\n<\/div>\n\n\n\n<p><\/p>","protected":false},"excerpt":{"rendered":"<p>Anleitungen So funktioniert die Bezahlung So benutzen Sie unsere Duschen Anleitungen So funktioniert die Bezahlung So benutzen Sie unsere Duschen<\/p>","protected":false},"author":2,"featured_media":0,"parent":1084,"menu_order":0,"comment_status":"closed","ping_status":"closed","template":"blank","meta":{"footnotes":""},"class_list":["post-1232","page","type-page","status-publish","hentry"],"_links":{"self":[{"href":"https:\/\/mobilitaetszentrum-dasing.de\/ro\/wp-json\/wp\/v2\/pages\/1232","targetHints":{"allow":["GET"]}}],"collection":[{"href":"https:\/\/mobilitaetszentrum-dasing.de\/ro\/wp-json\/wp\/v2\/pages"}],"about":[{"href":"https:\/\/mobilitaetszentrum-dasing.de\/ro\/wp-json\/wp\/v2\/types\/page"}],"author":[{"embeddable":true,"href":"https:\/\/mobilitaetszentrum-dasing.de\/ro\/wp-json\/wp\/v2\/users\/2"}],"replies":[{"embeddable":true,"href":"https:\/\/mobilitaetszentrum-dasing.de\/ro\/wp-json\/wp\/v2\/comments?post=1232"}],"version-history":[{"count":68,"href":"https:\/\/mobilitaetszentrum-dasing.de\/ro\/wp-json\/wp\/v2\/pages\/1232\/revisions"}],"predecessor-version":[{"id":1414,"href":"https:\/\/mobilitaetszentrum-dasing.de\/ro\/wp-json\/wp\/v2\/pages\/1232\/revisions\/1414"}],"up":[{"embeddable":true,"href":"https:\/\/mobilitaetszentrum-dasing.de\/ro\/wp-json\/wp\/v2\/pages\/1084"}],"wp:attachment":[{"href":"https:\/\/mobilitaetszentrum-dasing.de\/ro\/wp-json\/wp\/v2\/media?parent=1232"}],"curies":[{"name":"wp","href":"https:\/\/api.w.org\/{rel}","templated":true}]}}