{"id":1133,"date":"2026-03-19T14:59:40","date_gmt":"2026-03-19T14:59:40","guid":{"rendered":"https:\/\/mobilitaetszentrum-dasing.de\/?page_id=1133"},"modified":"2026-04-01T11:02:27","modified_gmt":"2026-04-01T11:02:27","slug":"it","status":"publish","type":"page","link":"https:\/\/mobilitaetszentrum-dasing.de\/ro\/anleitungen\/it\/","title":{"rendered":"Anleitungen italienisch"},"content":{"rendered":"<div class=\"wp-block-group show-mobile hide-tablet is-layout-constrained wp-block-group-is-layout-constrained\">\n<div style=\"height:130px\" aria-hidden=\"true\" class=\"wp-block-spacer show-mobile\"><\/div>\n\n\n\n<h1 class=\"wp-block-heading has-text-align-center\">Instruc\u021biuni<\/h1>\n\n\n\n<div class=\"wp-block-group is-layout-grid wp-container-core-group-is-layout-634643bd wp-block-group-is-layout-grid\" style=\"padding-top:0;padding-right:var(--wp--preset--spacing--30);padding-bottom:0;padding-left:var(--wp--preset--spacing--30)\">\n<figure class=\"wp-block-image size-full has-custom-border wp-container-content-e0161f5a\"><a href=\"https:\/\/mobilitaetszentrum-dasing.de\/ro\/anleitungen\/it\/#bezahlung\"><img loading=\"lazy\" decoding=\"async\" width=\"263\" height=\"223\" src=\"https:\/\/mobilitaetszentrum-dasing.de\/wp-content\/uploads\/2026\/04\/Bezahlung.jpg\" alt=\"\" class=\"wp-image-1408\" style=\"border-style:none;border-width:0px\" srcset=\"https:\/\/mobilitaetszentrum-dasing.de\/wp-content\/uploads\/2026\/04\/Bezahlung.jpg 263w, https:\/\/mobilitaetszentrum-dasing.de\/wp-content\/uploads\/2026\/04\/Bezahlung-14x12.jpg 14w\" sizes=\"auto, (max-width: 263px) 100vw, 263px\" \/><\/a><\/figure>\n\n\n\n<figure class=\"wp-block-image size-full has-custom-border\"><a href=\"https:\/\/mobilitaetszentrum-dasing.de\/ro\/anleitungen\/it\/#duschen\"><img loading=\"lazy\" decoding=\"async\" width=\"263\" height=\"223\" src=\"https:\/\/mobilitaetszentrum-dasing.de\/wp-content\/uploads\/2026\/03\/Duschen.png\" alt=\"\" class=\"wp-image-1339\" style=\"border-style:none;border-width:0px\" srcset=\"https:\/\/mobilitaetszentrum-dasing.de\/wp-content\/uploads\/2026\/03\/Duschen.png 263w, https:\/\/mobilitaetszentrum-dasing.de\/wp-content\/uploads\/2026\/03\/Duschen-14x12.png 14w\" sizes=\"auto, (max-width: 263px) 100vw, 263px\" \/><\/a><\/figure>\n<\/div>\n\n\n\n<div style=\"height:130px\" aria-hidden=\"true\" class=\"wp-block-spacer\"><\/div>\n\n\n\n<h3 class=\"wp-block-heading has-text-align-center\" id=\"bezahlung\" style=\"margin-top:0px;padding-top:150px\">Cum func\u021bioneaz\u0103 plata<\/h3>\n\n\n\n<figure class=\"wp-block-video show-mobile\" style=\"margin-top:0;margin-bottom:0;padding-top:var(--wp--preset--spacing--30);padding-right:var(--wp--preset--spacing--80);padding-bottom:0;padding-left:var(--wp--preset--spacing--80)\"><video height=\"1280\" style=\"aspect-ratio: 720 \/ 1280;\" width=\"720\" controls poster=\"https:\/\/mobilitaetszentrum-dasing.de\/wp-content\/uploads\/2026\/03\/Zahlung_it.jpg\" src=\"https:\/\/mobilitaetszentrum-dasing.de\/wp-content\/uploads\/2026\/03\/03_IT_Celine_Ticket_UTA_DKV_20260317.mp4\" playsinline><\/video><\/figure>\n\n\n\n<ol style=\"padding-top:var(--wp--preset--spacing--20);padding-bottom:var(--wp--preset--spacing--40)\" class=\"wp-block-list\">\n<li style=\"margin-bottom:var(--wp--preset--spacing--20)\">Inserisca prima il suo biglietto nell'apparecchio.<\/li>\n\n\n\n<li style=\"margin-bottom:var(--wp--preset--spacing--20)\">Inserisca poi anche la sua carta nell'apparecchio.<\/li>\n\n\n\n<li style=\"margin-bottom:var(--wp--preset--spacing--20)\">Rimuova la carta non appena le viene richiesto.<\/li>\n\n\n\n<li style=\"margin-bottom:var(--wp--preset--spacing--20)\">Inserisca ora il chilometraggio attuale e il suo PIN sul dispositivo.<\/li>\n\n\n\n<li style=\"margin-bottom:var(--wp--preset--spacing--20)\">Non appena compare la scritta \u00abpagamento effettuato\u00bb, ritiri il biglietto.<\/li>\n\n\n\n<li style=\"margin-bottom:var(--wp--preset--spacing--20)\">Ora ha la possibilit\u00e0 di stampare una ricevuta. Confermi semplicemente con il segno di spunta verde.<\/li>\n\n\n\n<li>Prenda la ricevuta e verihi se il pagamento \u00e8 stato completato con successo oppure eventualmente annullato.<\/li>\n<\/ol>\n\n\n\n<h3 class=\"wp-block-heading has-text-align-center\" id=\"duschen\" style=\"padding-top:150px;padding-bottom:var(--wp--preset--spacing--20)\">Cum se utilizeaz\u0103 documentele noastre<\/h3>\n\n\n\n<figure class=\"wp-block-video show-mobile\" style=\"margin-top:0;margin-bottom:0;padding-top:var(--wp--preset--spacing--30);padding-right:var(--wp--preset--spacing--80);padding-bottom:0;padding-left:var(--wp--preset--spacing--80)\"><video height=\"1280\" style=\"aspect-ratio: 720 \/ 1280;\" width=\"720\" controls poster=\"https:\/\/mobilitaetszentrum-dasing.de\/wp-content\/uploads\/2026\/03\/Dusche_it.jpg\" src=\"https:\/\/mobilitaetszentrum-dasing.de\/wp-content\/uploads\/2026\/03\/02_IT_Celine_Duschen_QR-Code.mp4\" playsinline><\/video><\/figure>\n\n\n\n<ol style=\"padding-top:var(--wp--preset--spacing--20);padding-bottom:var(--wp--preset--spacing--40)\" class=\"wp-block-list\">\n<li style=\"margin-bottom:var(--wp--preset--spacing--20)\">Impune\u021bi \u00een primul r\u00e2nd luminozitatea smartphone-ului s\u0103u la nivelul maxim.<\/li>\n\n\n\n<li style=\"margin-bottom:var(--wp--preset--spacing--20)\">Apra il suo codice QR Bosch o Turis e lo ingrandisca leggermente, ma non troppo.<\/li>\n\n\n\n<li style=\"margin-bottom:var(--wp--preset--spacing--20)\">\u021aine\u021bi dispozitivul \u00een partea superioar\u0103.<\/li>\n\n\n\n<li style=\"margin-bottom:var(--wp--preset--spacing--20)\">\u021aine\u021bi codul QR cu unghiul corect sub scaner.<\/li>\n\n\n\n<li style=\"margin-bottom:var(--wp--preset--spacing--20)\">Non appena la porta emette un segnale acustico, \u00e8 sbloccata. Pu\u00f2 aprirla e utilize le docce.<\/li>\n<\/ol>\n<\/div>\n\n\n\n<div class=\"wp-block-group hide-mobile is-layout-constrained wp-block-group-is-layout-constrained\">\n<h1 class=\"wp-block-heading has-text-align-center\">Instruc\u021biuni<\/h1>\n\n\n\n<div class=\"wp-block-group alignwide has-background-light-background-color has-background is-layout-flow wp-block-group-is-layout-flow\">\n<div class=\"wp-block-columns is-layout-flex wp-container-core-columns-is-layout-04fa3f86 wp-block-columns-is-layout-flex\">\n<div class=\"wp-block-column is-vertically-aligned-stretch is-layout-flow wp-block-column-is-layout-flow\" style=\"padding-right:0;padding-left:0\">\n<h2 class=\"wp-block-heading has-text-align-center\" style=\"padding-bottom:var(--wp--preset--spacing--40)\">Cum func\u021bioneaz\u0103 plata<\/h2>\n\n\n\n<ol style=\"padding-bottom:var(--wp--preset--spacing--40)\" class=\"wp-block-list\">\n<li style=\"margin-bottom:var(--wp--preset--spacing--20)\">Inserisca prima il suo biglietto nell'apparecchio.<\/li>\n\n\n\n<li style=\"margin-bottom:var(--wp--preset--spacing--20)\">Inserisca poi anche la sua carta nell'apparecchio.<\/li>\n\n\n\n<li style=\"margin-bottom:var(--wp--preset--spacing--20)\">Rimuova la carta non appena le viene richiesto.<\/li>\n\n\n\n<li style=\"margin-bottom:var(--wp--preset--spacing--20)\">Inserisca ora il chilometraggio attuale e il suo PIN sul dispositivo.<\/li>\n\n\n\n<li style=\"margin-bottom:var(--wp--preset--spacing--20)\">Non appena compare la scritta \u00abpagamento effettuato\u00bb, ritiri il biglietto.<\/li>\n\n\n\n<li style=\"margin-bottom:var(--wp--preset--spacing--20)\">Ora ha la possibilit\u00e0 di stampare una ricevuta. Confermi semplicemente con il segno di spunta verde.<\/li>\n\n\n\n<li>Prenda la ricevuta e verihi se il pagamento \u00e8 stato completato con successo oppure eventualmente annullato.<\/li>\n<\/ol>\n<\/div>\n\n\n\n<div class=\"wp-block-column is-layout-flow wp-block-column-is-layout-flow\">\n<figure style=\"padding-top:0;padding-right:var(--wp--preset--spacing--80);padding-bottom:0;padding-left:var(--wp--preset--spacing--80)\" class=\"wp-block-video\"><video height=\"1280\" style=\"aspect-ratio: 720 \/ 1280;\" width=\"720\" controls poster=\"https:\/\/mobilitaetszentrum-dasing.de\/wp-content\/uploads\/2026\/03\/Zahlung_it.jpg\" src=\"https:\/\/mobilitaetszentrum-dasing.de\/wp-content\/uploads\/2026\/03\/03_IT_Celine_Ticket_UTA_DKV_20260317.mp4\"><\/video><\/figure>\n<\/div>\n<\/div>\n<\/div>\n\n\n\n<div class=\"wp-block-group alignwide has-background-light-background-color has-background is-layout-flow wp-block-group-is-layout-flow\">\n<div class=\"wp-block-columns is-layout-flex wp-container-core-columns-is-layout-04fa3f86 wp-block-columns-is-layout-flex\">\n<div class=\"wp-block-column is-vertically-aligned-stretch is-layout-flow wp-block-column-is-layout-flow\" style=\"padding-right:0;padding-left:0\">\n<h2 class=\"wp-block-heading has-text-align-center\" style=\"padding-bottom:var(--wp--preset--spacing--40)\">Cum se utilizeaz\u0103 documentele noastre<\/h2>\n\n\n\n<ol style=\"padding-bottom:var(--wp--preset--spacing--40)\" class=\"wp-block-list\">\n<li style=\"margin-bottom:var(--wp--preset--spacing--20)\">Impune\u021bi \u00een primul r\u00e2nd luminozitatea smartphone-ului s\u0103u la nivelul maxim.<\/li>\n\n\n\n<li style=\"margin-bottom:var(--wp--preset--spacing--20)\">Apra il suo codice QR Bosch o Turis e lo ingrandisca leggermente, ma non troppo.<\/li>\n\n\n\n<li style=\"margin-bottom:var(--wp--preset--spacing--20)\">\u021aine\u021bi dispozitivul \u00een partea superioar\u0103.<\/li>\n\n\n\n<li style=\"margin-bottom:var(--wp--preset--spacing--20)\">\u021aine\u021bi codul QR cu unghiul corect sub scaner.<\/li>\n\n\n\n<li style=\"margin-bottom:var(--wp--preset--spacing--20)\">Non appena la porta emette un segnale acustico, \u00e8 sbloccata. Pu\u00f2 aprirla e utilize le docce.<\/li>\n<\/ol>\n<\/div>\n\n\n\n<div class=\"wp-block-column is-layout-flow wp-block-column-is-layout-flow\">\n<figure style=\"padding-top:0;padding-right:var(--wp--preset--spacing--80);padding-bottom:0;padding-left:var(--wp--preset--spacing--80)\" class=\"wp-block-video\"><video height=\"1280\" style=\"aspect-ratio: 720 \/ 1280;\" width=\"720\" controls poster=\"https:\/\/mobilitaetszentrum-dasing.de\/wp-content\/uploads\/2026\/03\/Dusche_it.jpg\" src=\"https:\/\/mobilitaetszentrum-dasing.de\/wp-content\/uploads\/2026\/03\/02_IT_Celine_Duschen_QR-Code.mp4\"><\/video><\/figure>\n<\/div>\n<\/div>\n<\/div>\n<\/div>","protected":false},"excerpt":{"rendered":"<p>Istruzioni Come funziona il pagamento Come utilizzare le nostre docce Istruzioni Come funziona il pagamento Come utilizzare le nostre docce<\/p>","protected":false},"author":2,"featured_media":0,"parent":1084,"menu_order":0,"comment_status":"closed","ping_status":"closed","template":"blank","meta":{"footnotes":""},"class_list":["post-1133","page","type-page","status-publish","hentry"],"_links":{"self":[{"href":"https:\/\/mobilitaetszentrum-dasing.de\/ro\/wp-json\/wp\/v2\/pages\/1133","targetHints":{"allow":["GET"]}}],"collection":[{"href":"https:\/\/mobilitaetszentrum-dasing.de\/ro\/wp-json\/wp\/v2\/pages"}],"about":[{"href":"https:\/\/mobilitaetszentrum-dasing.de\/ro\/wp-json\/wp\/v2\/types\/page"}],"author":[{"embeddable":true,"href":"https:\/\/mobilitaetszentrum-dasing.de\/ro\/wp-json\/wp\/v2\/users\/2"}],"replies":[{"embeddable":true,"href":"https:\/\/mobilitaetszentrum-dasing.de\/ro\/wp-json\/wp\/v2\/comments?post=1133"}],"version-history":[{"count":19,"href":"https:\/\/mobilitaetszentrum-dasing.de\/ro\/wp-json\/wp\/v2\/pages\/1133\/revisions"}],"predecessor-version":[{"id":1416,"href":"https:\/\/mobilitaetszentrum-dasing.de\/ro\/wp-json\/wp\/v2\/pages\/1133\/revisions\/1416"}],"up":[{"embeddable":true,"href":"https:\/\/mobilitaetszentrum-dasing.de\/ro\/wp-json\/wp\/v2\/pages\/1084"}],"wp:attachment":[{"href":"https:\/\/mobilitaetszentrum-dasing.de\/ro\/wp-json\/wp\/v2\/media?parent=1133"}],"curies":[{"name":"wp","href":"https:\/\/api.w.org\/{rel}","templated":true}]}}