{"id":871,"date":"2025-12-18T11:14:04","date_gmt":"2025-12-18T11:14:04","guid":{"rendered":"https:\/\/mobilitaetszentrum-dasing.de\/?page_id=871"},"modified":"2025-12-29T14:37:28","modified_gmt":"2025-12-29T14:37:28","slug":"pkw-parken","status":"publish","type":"page","link":"https:\/\/mobilitaetszentrum-dasing.de\/pl\/pkw-parken\/","title":{"rendered":"Parking"},"content":{"rendered":"<div style=\"height:130px\" aria-hidden=\"true\" class=\"wp-block-spacer show-mobile\"><\/div>\n\n\n\n<h1 class=\"wp-block-heading has-text-align-center\">Parking<\/h1>\n\n\n\n<div class=\"wp-block-group has-background-light-background-color has-background is-layout-constrained wp-block-group-is-layout-constrained\" style=\"padding-top:0;padding-bottom:0\">\n<h3 class=\"wp-block-heading has-text-align-center is-style-default has-background-light-background-color has-background\" style=\"margin-bottom:var(--wp--preset--spacing--50);padding-bottom:0\">Obecnie dost\u0119pne miejsca parkingowe:<\/h3>\n\n\n\n<div style=\"background-color:#f9f6ef; display:flex; justify-content:center; align-items:center; padding-top:0px;\">\n  <iframe \n    style=\"display:block; border:none; min-height:0px; background-color:#f9f6ef;\" \n    src=\"https:\/\/portal.hoermann-reisen.de\/parkplatzbelegung\/parkpi-v2-pkw.php\">\n  <\/iframe>\n<\/div>\n<\/div>\n\n\n\n<div class=\"wp-block-group is-layout-constrained wp-block-group-is-layout-constrained\">\n<h2 class=\"wp-block-heading has-text-align-center hide-mobile\" style=\"margin-top:35px;margin-bottom:10px\">Mo\u017cliwe metody p\u0142atno\u015bci w Dasing Mobility Centre<\/h2>\n\n\n\n<div class=\"wp-block-group alignfull hide-mobile is-horizontal is-content-justification-center is-layout-flex wp-container-core-group-is-layout-3dbd6c2d wp-block-group-is-layout-flex\" style=\"border-style:none;border-width:0px;margin-top:0;margin-bottom:0;padding-top:0;padding-right:var(--wp--preset--spacing--60);padding-bottom:0;padding-left:var(--wp--preset--spacing--60)\">\n<figure class=\"wp-block-image size-full is-resized hide-mobile\"><img loading=\"lazy\" decoding=\"async\" width=\"512\" height=\"512\" src=\"https:\/\/mobilitaetszentrum-dasing.de\/wp-content\/uploads\/2025\/09\/Girokonto-1.jpg\" alt=\"Girocard Icon\" class=\"wp-image-341\" style=\"object-fit:cover;width:100px;height:100px\" srcset=\"https:\/\/mobilitaetszentrum-dasing.de\/wp-content\/uploads\/2025\/09\/Girokonto-1.jpg 512w, https:\/\/mobilitaetszentrum-dasing.de\/wp-content\/uploads\/2025\/09\/Girokonto-1-300x300.jpg 300w, https:\/\/mobilitaetszentrum-dasing.de\/wp-content\/uploads\/2025\/09\/Girokonto-1-150x150.jpg 150w\" sizes=\"auto, (max-width: 512px) 100vw, 512px\" \/><figcaption class=\"wp-element-caption\">Girocard<\/figcaption><\/figure>\n\n\n\n<figure class=\"wp-block-image size-full is-resized hide-mobile\"><img loading=\"lazy\" decoding=\"async\" width=\"512\" height=\"512\" src=\"https:\/\/mobilitaetszentrum-dasing.de\/wp-content\/uploads\/2025\/09\/VISA-1.jpg\" alt=\"Visa Icon\" class=\"wp-image-344\" style=\"object-fit:cover;width:100px;height:100px\" srcset=\"https:\/\/mobilitaetszentrum-dasing.de\/wp-content\/uploads\/2025\/09\/VISA-1.jpg 512w, https:\/\/mobilitaetszentrum-dasing.de\/wp-content\/uploads\/2025\/09\/VISA-1-300x300.jpg 300w, https:\/\/mobilitaetszentrum-dasing.de\/wp-content\/uploads\/2025\/09\/VISA-1-150x150.jpg 150w\" sizes=\"auto, (max-width: 512px) 100vw, 512px\" \/><figcaption class=\"wp-element-caption\">Wiza<\/figcaption><\/figure>\n\n\n\n<figure class=\"wp-block-image size-full is-resized hide-mobile\"><img loading=\"lazy\" decoding=\"async\" width=\"512\" height=\"512\" src=\"https:\/\/mobilitaetszentrum-dasing.de\/wp-content\/uploads\/2025\/10\/Mastercard.jpg\" alt=\"Mastercard Icon\" class=\"wp-image-438\" style=\"object-fit:cover;width:100px;height:100px\" srcset=\"https:\/\/mobilitaetszentrum-dasing.de\/wp-content\/uploads\/2025\/10\/Mastercard.jpg 512w, https:\/\/mobilitaetszentrum-dasing.de\/wp-content\/uploads\/2025\/10\/Mastercard-300x300.jpg 300w, https:\/\/mobilitaetszentrum-dasing.de\/wp-content\/uploads\/2025\/10\/Mastercard-150x150.jpg 150w\" sizes=\"auto, (max-width: 512px) 100vw, 512px\" \/><figcaption class=\"wp-element-caption\">Mastercard<\/figcaption><\/figure>\n\n\n\n<figure class=\"wp-block-image size-full is-resized hide-mobile\"><img loading=\"lazy\" decoding=\"async\" width=\"512\" height=\"512\" src=\"https:\/\/mobilitaetszentrum-dasing.de\/wp-content\/uploads\/2025\/10\/Maestrocard.jpg\" alt=\"Maestro Icon\" class=\"wp-image-440\" style=\"object-fit:cover;width:100px;height:100px\" srcset=\"https:\/\/mobilitaetszentrum-dasing.de\/wp-content\/uploads\/2025\/10\/Maestrocard.jpg 512w, https:\/\/mobilitaetszentrum-dasing.de\/wp-content\/uploads\/2025\/10\/Maestrocard-300x300.jpg 300w, https:\/\/mobilitaetszentrum-dasing.de\/wp-content\/uploads\/2025\/10\/Maestrocard-150x150.jpg 150w\" sizes=\"auto, (max-width: 512px) 100vw, 512px\" \/><figcaption class=\"wp-element-caption\">Maestro<\/figcaption><\/figure>\n\n\n\n<figure class=\"wp-block-image size-full is-resized hide-mobile\"><img loading=\"lazy\" decoding=\"async\" width=\"512\" height=\"512\" src=\"https:\/\/mobilitaetszentrum-dasing.de\/wp-content\/uploads\/2025\/10\/Amex.jpg\" alt=\"American Express Icon\" class=\"wp-image-445\" style=\"object-fit:cover;width:100px;height:100px\" srcset=\"https:\/\/mobilitaetszentrum-dasing.de\/wp-content\/uploads\/2025\/10\/Amex.jpg 512w, https:\/\/mobilitaetszentrum-dasing.de\/wp-content\/uploads\/2025\/10\/Amex-300x300.jpg 300w, https:\/\/mobilitaetszentrum-dasing.de\/wp-content\/uploads\/2025\/10\/Amex-150x150.jpg 150w\" sizes=\"auto, (max-width: 512px) 100vw, 512px\" \/><figcaption class=\"wp-element-caption\">American Express <\/figcaption><\/figure>\n\n\n\n<figure class=\"wp-block-image size-full is-resized hide-mobile\"><img loading=\"lazy\" decoding=\"async\" width=\"512\" height=\"512\" src=\"https:\/\/mobilitaetszentrum-dasing.de\/wp-content\/uploads\/2025\/09\/Diners.jpg\" alt=\"Diners Club Icon\" class=\"wp-image-339\" style=\"object-fit:cover;width:100px;height:100px\" srcset=\"https:\/\/mobilitaetszentrum-dasing.de\/wp-content\/uploads\/2025\/09\/Diners.jpg 512w, https:\/\/mobilitaetszentrum-dasing.de\/wp-content\/uploads\/2025\/09\/Diners-300x300.jpg 300w, https:\/\/mobilitaetszentrum-dasing.de\/wp-content\/uploads\/2025\/09\/Diners-150x150.jpg 150w\" sizes=\"auto, (max-width: 512px) 100vw, 512px\" \/><figcaption class=\"wp-element-caption\">Diners Club<\/figcaption><\/figure>\n\n\n\n<figure class=\"wp-block-image size-full is-resized hide-mobile\"><img loading=\"lazy\" decoding=\"async\" width=\"512\" height=\"512\" src=\"https:\/\/mobilitaetszentrum-dasing.de\/wp-content\/uploads\/2025\/09\/Discover.jpg\" alt=\"Discover it\u00ae Icon\" class=\"wp-image-338\" style=\"object-fit:cover;width:100px;height:100px\" srcset=\"https:\/\/mobilitaetszentrum-dasing.de\/wp-content\/uploads\/2025\/09\/Discover.jpg 512w, https:\/\/mobilitaetszentrum-dasing.de\/wp-content\/uploads\/2025\/09\/Discover-300x300.jpg 300w, https:\/\/mobilitaetszentrum-dasing.de\/wp-content\/uploads\/2025\/09\/Discover-150x150.jpg 150w\" sizes=\"auto, (max-width: 512px) 100vw, 512px\" \/><figcaption class=\"wp-element-caption\">Odkryj<\/figcaption><\/figure>\n\n\n\n<figure class=\"wp-block-image size-full is-resized hide-mobile\"><img loading=\"lazy\" decoding=\"async\" width=\"512\" height=\"512\" src=\"https:\/\/mobilitaetszentrum-dasing.de\/wp-content\/uploads\/2025\/11\/DKV.jpg\" alt=\"\" class=\"wp-image-798\" style=\"object-fit:cover;width:100px;height:100px\" srcset=\"https:\/\/mobilitaetszentrum-dasing.de\/wp-content\/uploads\/2025\/11\/DKV.jpg 512w, https:\/\/mobilitaetszentrum-dasing.de\/wp-content\/uploads\/2025\/11\/DKV-300x300.jpg 300w, https:\/\/mobilitaetszentrum-dasing.de\/wp-content\/uploads\/2025\/11\/DKV-150x150.jpg 150w, https:\/\/mobilitaetszentrum-dasing.de\/wp-content\/uploads\/2025\/11\/DKV-12x12.jpg 12w\" sizes=\"auto, (max-width: 512px) 100vw, 512px\" \/><figcaption class=\"wp-element-caption\">DKV<\/figcaption><\/figure>\n\n\n\n<figure class=\"wp-block-image size-full is-resized hide-mobile\"><img loading=\"lazy\" decoding=\"async\" width=\"512\" height=\"512\" src=\"https:\/\/mobilitaetszentrum-dasing.de\/wp-content\/uploads\/2025\/11\/UTA.jpg\" alt=\"\" class=\"wp-image-797\" style=\"object-fit:cover;width:100px;height:100px\" srcset=\"https:\/\/mobilitaetszentrum-dasing.de\/wp-content\/uploads\/2025\/11\/UTA.jpg 512w, https:\/\/mobilitaetszentrum-dasing.de\/wp-content\/uploads\/2025\/11\/UTA-300x300.jpg 300w, https:\/\/mobilitaetszentrum-dasing.de\/wp-content\/uploads\/2025\/11\/UTA-150x150.jpg 150w, https:\/\/mobilitaetszentrum-dasing.de\/wp-content\/uploads\/2025\/11\/UTA-12x12.jpg 12w\" sizes=\"auto, (max-width: 512px) 100vw, 512px\" \/><figcaption class=\"wp-element-caption\">UTA<\/figcaption><\/figure>\n<\/div>\n\n\n\n<h2 class=\"wp-block-heading has-text-align-center show-mobile\" style=\"margin-top:37px;margin-bottom:0px\">Mo\u017cliwe metody p\u0142atno\u015bci w Dasing Mobility Centre<\/h2>\n\n\n\n<div class=\"wp-block-group is-style-default is-horizontal is-content-justification-center is-layout-flex wp-container-core-group-is-layout-4f6f85ca wp-block-group-is-layout-flex\">\n<figure class=\"wp-block-image size-thumbnail is-resized show-mobile\"><img loading=\"lazy\" decoding=\"async\" width=\"150\" height=\"150\" src=\"https:\/\/mobilitaetszentrum-dasing.de\/wp-content\/uploads\/2025\/09\/Girokonto-1-150x150.jpg\" alt=\"Girocard Icon \" class=\"wp-image-341\" style=\"object-fit:cover;width:50px;height:50px\" srcset=\"https:\/\/mobilitaetszentrum-dasing.de\/wp-content\/uploads\/2025\/09\/Girokonto-1-150x150.jpg 150w, https:\/\/mobilitaetszentrum-dasing.de\/wp-content\/uploads\/2025\/09\/Girokonto-1-300x300.jpg 300w, https:\/\/mobilitaetszentrum-dasing.de\/wp-content\/uploads\/2025\/09\/Girokonto-1.jpg 512w\" sizes=\"auto, (max-width: 150px) 100vw, 150px\" \/><figcaption class=\"wp-element-caption\">Girocard<\/figcaption><\/figure>\n\n\n\n<figure class=\"wp-block-image size-full is-resized show-mobile\"><img loading=\"lazy\" decoding=\"async\" width=\"512\" height=\"512\" src=\"https:\/\/mobilitaetszentrum-dasing.de\/wp-content\/uploads\/2025\/09\/VISA-1.jpg\" alt=\"Visa Icon \" class=\"wp-image-344\" style=\"object-fit:cover;width:50px;height:50px\" srcset=\"https:\/\/mobilitaetszentrum-dasing.de\/wp-content\/uploads\/2025\/09\/VISA-1.jpg 512w, https:\/\/mobilitaetszentrum-dasing.de\/wp-content\/uploads\/2025\/09\/VISA-1-300x300.jpg 300w, https:\/\/mobilitaetszentrum-dasing.de\/wp-content\/uploads\/2025\/09\/VISA-1-150x150.jpg 150w\" sizes=\"auto, (max-width: 512px) 100vw, 512px\" \/><figcaption class=\"wp-element-caption\">Wiza<\/figcaption><\/figure>\n\n\n\n<figure class=\"wp-block-image size-full is-resized show-mobile\"><img loading=\"lazy\" decoding=\"async\" width=\"512\" height=\"512\" src=\"https:\/\/mobilitaetszentrum-dasing.de\/wp-content\/uploads\/2025\/10\/Mastercard.jpg\" alt=\"Mastercard Icon \" class=\"wp-image-438\" style=\"object-fit:cover;width:50px;height:50px\" srcset=\"https:\/\/mobilitaetszentrum-dasing.de\/wp-content\/uploads\/2025\/10\/Mastercard.jpg 512w, https:\/\/mobilitaetszentrum-dasing.de\/wp-content\/uploads\/2025\/10\/Mastercard-300x300.jpg 300w, https:\/\/mobilitaetszentrum-dasing.de\/wp-content\/uploads\/2025\/10\/Mastercard-150x150.jpg 150w\" sizes=\"auto, (max-width: 512px) 100vw, 512px\" \/><figcaption class=\"wp-element-caption\">Mastercard<\/figcaption><\/figure>\n\n\n\n<figure class=\"wp-block-image size-full is-resized show-mobile\"><img loading=\"lazy\" decoding=\"async\" width=\"512\" height=\"512\" src=\"https:\/\/mobilitaetszentrum-dasing.de\/wp-content\/uploads\/2025\/10\/Maestrocard.jpg\" alt=\"Maestro Icon \" class=\"wp-image-440\" style=\"object-fit:cover;width:50px;height:50px\" srcset=\"https:\/\/mobilitaetszentrum-dasing.de\/wp-content\/uploads\/2025\/10\/Maestrocard.jpg 512w, https:\/\/mobilitaetszentrum-dasing.de\/wp-content\/uploads\/2025\/10\/Maestrocard-300x300.jpg 300w, https:\/\/mobilitaetszentrum-dasing.de\/wp-content\/uploads\/2025\/10\/Maestrocard-150x150.jpg 150w\" sizes=\"auto, (max-width: 512px) 100vw, 512px\" \/><figcaption class=\"wp-element-caption\">Maestro<\/figcaption><\/figure>\n\n\n\n<figure class=\"wp-block-image size-full is-resized has-custom-border show-mobile\" style=\"margin-top:var(--wp--preset--spacing--50);margin-bottom:0\"><img loading=\"lazy\" decoding=\"async\" width=\"512\" height=\"512\" src=\"https:\/\/mobilitaetszentrum-dasing.de\/wp-content\/uploads\/2025\/10\/Amex.jpg\" alt=\"American Express Icon\" class=\"wp-image-445\" style=\"border-style:none;border-width:0px;object-fit:cover;width:50px;height:50px\" srcset=\"https:\/\/mobilitaetszentrum-dasing.de\/wp-content\/uploads\/2025\/10\/Amex.jpg 512w, https:\/\/mobilitaetszentrum-dasing.de\/wp-content\/uploads\/2025\/10\/Amex-300x300.jpg 300w, https:\/\/mobilitaetszentrum-dasing.de\/wp-content\/uploads\/2025\/10\/Amex-150x150.jpg 150w\" sizes=\"auto, (max-width: 512px) 100vw, 512px\" \/><figcaption class=\"wp-element-caption\">Ameryka\u0144ski<br>Express<\/figcaption><\/figure>\n\n\n\n<figure class=\"wp-block-image size-full is-resized show-mobile\"><img loading=\"lazy\" decoding=\"async\" width=\"512\" height=\"512\" src=\"https:\/\/mobilitaetszentrum-dasing.de\/wp-content\/uploads\/2025\/09\/Diners.jpg\" alt=\"Diners Club Icon \" class=\"wp-image-339\" style=\"object-fit:cover;width:50px;height:50px\" srcset=\"https:\/\/mobilitaetszentrum-dasing.de\/wp-content\/uploads\/2025\/09\/Diners.jpg 512w, https:\/\/mobilitaetszentrum-dasing.de\/wp-content\/uploads\/2025\/09\/Diners-300x300.jpg 300w, https:\/\/mobilitaetszentrum-dasing.de\/wp-content\/uploads\/2025\/09\/Diners-150x150.jpg 150w\" sizes=\"auto, (max-width: 512px) 100vw, 512px\" \/><figcaption class=\"wp-element-caption\">Diners Club<\/figcaption><\/figure>\n\n\n\n<figure class=\"wp-block-image size-full is-resized show-mobile\"><img loading=\"lazy\" decoding=\"async\" width=\"512\" height=\"512\" src=\"https:\/\/mobilitaetszentrum-dasing.de\/wp-content\/uploads\/2025\/09\/Discover.jpg\" alt=\"Discover it\u00ae Icon \" class=\"wp-image-338\" style=\"object-fit:cover;width:50px;height:50px\" srcset=\"https:\/\/mobilitaetszentrum-dasing.de\/wp-content\/uploads\/2025\/09\/Discover.jpg 512w, https:\/\/mobilitaetszentrum-dasing.de\/wp-content\/uploads\/2025\/09\/Discover-300x300.jpg 300w, https:\/\/mobilitaetszentrum-dasing.de\/wp-content\/uploads\/2025\/09\/Discover-150x150.jpg 150w\" sizes=\"auto, (max-width: 512px) 100vw, 512px\" \/><figcaption class=\"wp-element-caption\">Odkryj<\/figcaption><\/figure>\n\n\n\n<figure class=\"wp-block-image size-full is-resized show-mobile\"><img loading=\"lazy\" decoding=\"async\" width=\"512\" height=\"512\" src=\"https:\/\/mobilitaetszentrum-dasing.de\/wp-content\/uploads\/2025\/11\/DKV.jpg\" alt=\"\" class=\"wp-image-798\" style=\"object-fit:cover;width:50px;height:50px\" srcset=\"https:\/\/mobilitaetszentrum-dasing.de\/wp-content\/uploads\/2025\/11\/DKV.jpg 512w, https:\/\/mobilitaetszentrum-dasing.de\/wp-content\/uploads\/2025\/11\/DKV-300x300.jpg 300w, https:\/\/mobilitaetszentrum-dasing.de\/wp-content\/uploads\/2025\/11\/DKV-150x150.jpg 150w, https:\/\/mobilitaetszentrum-dasing.de\/wp-content\/uploads\/2025\/11\/DKV-12x12.jpg 12w\" sizes=\"auto, (max-width: 512px) 100vw, 512px\" \/><figcaption class=\"wp-element-caption\">DKV<\/figcaption><\/figure>\n\n\n\n<figure class=\"wp-block-image size-full is-resized show-mobile\"><img loading=\"lazy\" decoding=\"async\" width=\"512\" height=\"512\" src=\"https:\/\/mobilitaetszentrum-dasing.de\/wp-content\/uploads\/2025\/11\/UTA.jpg\" alt=\"\" class=\"wp-image-797\" style=\"object-fit:cover;width:50px;height:50px\" srcset=\"https:\/\/mobilitaetszentrum-dasing.de\/wp-content\/uploads\/2025\/11\/UTA.jpg 512w, https:\/\/mobilitaetszentrum-dasing.de\/wp-content\/uploads\/2025\/11\/UTA-300x300.jpg 300w, https:\/\/mobilitaetszentrum-dasing.de\/wp-content\/uploads\/2025\/11\/UTA-150x150.jpg 150w, https:\/\/mobilitaetszentrum-dasing.de\/wp-content\/uploads\/2025\/11\/UTA-12x12.jpg 12w\" sizes=\"auto, (max-width: 512px) 100vw, 512px\" \/><figcaption class=\"wp-element-caption\">UTA<\/figcaption><\/figure>\n<\/div>\n<\/div>\n\n\n\n<div id=\"pkw-parken\" class=\"wp-block-group show-mobile is-layout-flow wp-block-group-is-layout-flow\">\n<div class=\"wp-block-columns are-vertically-aligned-center equal-height has-background-light-background-color has-background has-base-font-size is-layout-flex wp-container-core-columns-is-layout-072d2254 wp-block-columns-is-layout-flex\" style=\"padding-top:0px;padding-right:0px;padding-bottom:0px;padding-left:0px\">\n<div class=\"wp-block-column is-vertically-aligned-center is-layout-flow wp-container-core-column-is-layout-b2a27621 wp-block-column-is-layout-flow\" style=\"padding-top:0;padding-right:0;padding-bottom:0;padding-left:0\">\n<div class=\"wp-block-group has-background-light-background-color has-background is-layout-flow wp-container-core-group-is-layout-484e65cf wp-block-group-is-layout-flow\" style=\"min-height:325px;margin-top:var(--wp--preset--spacing--20);margin-bottom:var(--wp--preset--spacing--20);padding-top:51px;padding-right:var(--wp--preset--spacing--50);padding-bottom:51px;padding-left:var(--wp--preset--spacing--50)\">\n<div class=\"wp-block-group is-nowrap is-layout-flex wp-container-core-group-is-layout-6c531013 wp-block-group-is-layout-flex\">\n<figure class=\"wp-block-image size-full is-resized no-shrink\"><a href=\"https:\/\/mobilitaetszentrum-dasing.de\/pl\/pkw-parken\/\"><img loading=\"lazy\" decoding=\"async\" width=\"238\" height=\"238\" src=\"https:\/\/mobilitaetszentrum-dasing.de\/wp-content\/uploads\/2025\/09\/Mobilitaetszentrum-Dasing-Icons-Parken.png\" alt=\"PKW Parken Icon\" class=\"wp-image-91\" style=\"width:56px\" srcset=\"https:\/\/mobilitaetszentrum-dasing.de\/wp-content\/uploads\/2025\/09\/Mobilitaetszentrum-Dasing-Icons-Parken.png 238w, https:\/\/mobilitaetszentrum-dasing.de\/wp-content\/uploads\/2025\/09\/Mobilitaetszentrum-Dasing-Icons-Parken-150x150.png 150w\" sizes=\"auto, (max-width: 238px) 100vw, 238px\" \/><\/a><\/figure>\n\n\n\n<h2 class=\"wp-block-heading has-large-font-size\" style=\"line-height:1.2\"><a href=\"https:\/\/mobilitaetszentrum-dasing.de\/pl\/pkw-parken\/\">Parking<\/a><\/h2>\n<\/div>\n\n\n\n<p style=\"font-size:18px\"><strong>Parking bezpo\u015brednio przy centrum mobilno\u015bci Dasing - dogodnie zlokalizowany przy skrzy\u017cowaniu A8 \/ B300.<\/strong>.<br>Idealna lokalizacja dla podr\u00f3\u017cnych, os\u00f3b doje\u017cd\u017caj\u0105cych do pracy i pasa\u017cer\u00f3w dzi\u0119ki szybkiemu po\u0142\u0105czeniu z Monachium, Augsburgiem, Ingolstadt i Stuttgartem. Wjazd przez szlaban, wygodna p\u0142atno\u015b\u0107 w automacie biletowym.<\/p>\n\n\n\n<figure class=\"wp-block-table is-style-stripes\" style=\"font-size:18px\"><table class=\"has-fixed-layout\"><tbody><tr><td class=\"has-text-align-left\" data-align=\"left\">Dzie\u0144 1<\/td><td>3 \u20ac<\/td><\/tr><tr><td class=\"has-text-align-left\" data-align=\"left\">ka\u017cdy dodatkowy dzie\u0144<\/td><td>1,50 \u20ac<\/td><\/tr><\/tbody><\/table><\/figure>\n<\/div>\n<\/div>\n\n\n\n<div class=\"wp-block-column is-vertically-aligned-center is-style-no-spacing is-style-default is-layout-flow wp-container-core-column-is-layout-92d440f1 wp-block-column-is-layout-flow\" style=\"padding-top:0;padding-bottom:0;font-size:0rem\">\n<div class=\"wp-block-cover is-light\" style=\"margin-top:0;margin-bottom:0;padding-top:0;padding-bottom:0;font-size:0rem;min-height:521px;aspect-ratio:unset;\"><img loading=\"lazy\" decoding=\"async\" width=\"1024\" height=\"576\" class=\"wp-block-cover__image-background wp-image-372 size-large\" alt=\"Abbildung PKW Parkplatz\" src=\"https:\/\/mobilitaetszentrum-dasing.de\/wp-content\/uploads\/2025\/10\/PKW-Parken_bearb-1024x576.jpg\" data-object-fit=\"cover\" srcset=\"https:\/\/mobilitaetszentrum-dasing.de\/wp-content\/uploads\/2025\/10\/PKW-Parken_bearb-1024x576.jpg 1024w, https:\/\/mobilitaetszentrum-dasing.de\/wp-content\/uploads\/2025\/10\/PKW-Parken_bearb-300x169.jpg 300w, https:\/\/mobilitaetszentrum-dasing.de\/wp-content\/uploads\/2025\/10\/PKW-Parken_bearb-768x432.jpg 768w, https:\/\/mobilitaetszentrum-dasing.de\/wp-content\/uploads\/2025\/10\/PKW-Parken_bearb-1536x864.jpg 1536w, https:\/\/mobilitaetszentrum-dasing.de\/wp-content\/uploads\/2025\/10\/PKW-Parken_bearb-2048x1152.jpg 2048w, https:\/\/mobilitaetszentrum-dasing.de\/wp-content\/uploads\/2025\/10\/PKW-Parken_bearb-1170x658.jpg 1170w\" sizes=\"auto, (max-width: 1024px) 100vw, 1024px\" \/><span aria-hidden=\"true\" class=\"wp-block-cover__background has-background-dim-0 has-background-dim\" style=\"background-color:#a6acb4\"><\/span><div class=\"wp-block-cover__inner-container is-layout-flow wp-container-core-cover-is-layout-4fa898ef wp-block-cover-is-layout-flow\">\n<p class=\"has-text-align-center has-large-font-size\"><\/p>\n<\/div><\/div>\n<\/div>\n<\/div>\n<\/div>\n\n\n\n<div id=\"pkw-parken\" class=\"wp-block-group hide-mobile is-layout-flow wp-block-group-is-layout-flow\">\n<div class=\"wp-block-columns are-vertically-aligned-center equal-height has-background-light-background-color has-background has-base-font-size is-layout-flex wp-container-core-columns-is-layout-072d2254 wp-block-columns-is-layout-flex\" style=\"padding-top:0px;padding-right:0px;padding-bottom:0px;padding-left:0px\">\n<div class=\"wp-block-column is-vertically-aligned-center is-style-no-spacing is-style-default is-layout-flow wp-container-core-column-is-layout-15d35364 wp-block-column-is-layout-flow\" style=\"padding-top:0;padding-bottom:0;font-size:0rem\">\n<div class=\"wp-block-cover is-light\" style=\"margin-top:0;margin-bottom:0;padding-top:0;padding-bottom:0;font-size:0rem;min-height:590px;aspect-ratio:unset;\"><img loading=\"lazy\" decoding=\"async\" width=\"1024\" height=\"576\" class=\"wp-block-cover__image-background wp-image-372 size-large\" alt=\"PKW Parkplatz\" src=\"https:\/\/mobilitaetszentrum-dasing.de\/wp-content\/uploads\/2025\/10\/PKW-Parken_bearb-1024x576.jpg\" data-object-fit=\"cover\" srcset=\"https:\/\/mobilitaetszentrum-dasing.de\/wp-content\/uploads\/2025\/10\/PKW-Parken_bearb-1024x576.jpg 1024w, https:\/\/mobilitaetszentrum-dasing.de\/wp-content\/uploads\/2025\/10\/PKW-Parken_bearb-300x169.jpg 300w, https:\/\/mobilitaetszentrum-dasing.de\/wp-content\/uploads\/2025\/10\/PKW-Parken_bearb-768x432.jpg 768w, https:\/\/mobilitaetszentrum-dasing.de\/wp-content\/uploads\/2025\/10\/PKW-Parken_bearb-1536x864.jpg 1536w, https:\/\/mobilitaetszentrum-dasing.de\/wp-content\/uploads\/2025\/10\/PKW-Parken_bearb-2048x1152.jpg 2048w, https:\/\/mobilitaetszentrum-dasing.de\/wp-content\/uploads\/2025\/10\/PKW-Parken_bearb-1170x658.jpg 1170w\" sizes=\"auto, (max-width: 1024px) 100vw, 1024px\" \/><span aria-hidden=\"true\" class=\"wp-block-cover__background has-background-dim-0 has-background-dim\" style=\"background-color:#a6acb4\"><\/span><div class=\"wp-block-cover__inner-container is-layout-flow wp-container-core-cover-is-layout-4fa898ef wp-block-cover-is-layout-flow\">\n<p class=\"has-text-align-center has-large-font-size\"><\/p>\n<\/div><\/div>\n<\/div>\n\n\n\n<div class=\"wp-block-column is-vertically-aligned-center is-layout-flow wp-container-core-column-is-layout-b2a27621 wp-block-column-is-layout-flow\" style=\"padding-top:0;padding-right:0;padding-bottom:0;padding-left:0\">\n<div class=\"wp-block-group has-background-light-background-color has-background is-layout-flow wp-container-core-group-is-layout-1120ab4e wp-block-group-is-layout-flow\" style=\"min-height:590px;margin-top:0;margin-bottom:0;padding-top:33px;padding-right:var(--wp--preset--spacing--50);padding-bottom:33px;padding-left:var(--wp--preset--spacing--50)\">\n<div class=\"wp-block-group is-nowrap is-layout-flex wp-container-core-group-is-layout-6c531013 wp-block-group-is-layout-flex\">\n<figure class=\"wp-block-image size-full is-resized no-shrink\"><a href=\"https:\/\/mobilitaetszentrum-dasing.de\/pl\/pkw-parken\/\"><img loading=\"lazy\" decoding=\"async\" width=\"238\" height=\"238\" src=\"https:\/\/mobilitaetszentrum-dasing.de\/wp-content\/uploads\/2025\/09\/Mobilitaetszentrum-Dasing-Icons-Parken.png\" alt=\"PKW Parken Icon\" class=\"wp-image-91\" style=\"width:56px\" srcset=\"https:\/\/mobilitaetszentrum-dasing.de\/wp-content\/uploads\/2025\/09\/Mobilitaetszentrum-Dasing-Icons-Parken.png 238w, https:\/\/mobilitaetszentrum-dasing.de\/wp-content\/uploads\/2025\/09\/Mobilitaetszentrum-Dasing-Icons-Parken-150x150.png 150w\" sizes=\"auto, (max-width: 238px) 100vw, 238px\" \/><\/a><\/figure>\n\n\n\n<h2 class=\"wp-block-heading has-large-font-size\" style=\"line-height:1.2\"><a href=\"https:\/\/mobilitaetszentrum-dasing.de\/pl\/pkw-parken\/\">Parking<\/a><\/h2>\n<\/div>\n\n\n\n<p style=\"font-size:18px\"><strong>Parking bezpo\u015brednio przy centrum mobilno\u015bci Dasing - dogodnie zlokalizowany przy skrzy\u017cowaniu A8 \/ B300.<\/strong>.<br>Idealna lokalizacja dla podr\u00f3\u017cnych, os\u00f3b doje\u017cd\u017caj\u0105cych do pracy i pasa\u017cer\u00f3w dzi\u0119ki szybkiemu po\u0142\u0105czeniu z Monachium, Augsburgiem, Ingolstadt i Stuttgartem. Wjazd przez szlaban, wygodna p\u0142atno\u015b\u0107 w automacie biletowym.<\/p>\n\n\n\n<figure class=\"wp-block-table is-style-stripes\" style=\"margin-bottom:0;padding-top:0;padding-bottom:0;font-size:18px\"><table class=\"has-fixed-layout\"><tbody><tr><td class=\"has-text-align-left\" data-align=\"left\">Dzie\u0144 1<\/td><td>3 \u20ac<\/td><\/tr><tr><td class=\"has-text-align-left\" data-align=\"left\">ka\u017cdy dodatkowy dzie\u0144<\/td><td>1,50 \u20ac<\/td><\/tr><\/tbody><\/table><\/figure>\n<\/div>\n<\/div>\n<\/div>\n<\/div>","protected":false},"excerpt":{"rendered":"<p>Parking<\/p>","protected":false},"author":1,"featured_media":0,"parent":0,"menu_order":0,"comment_status":"closed","ping_status":"closed","template":"blank","meta":{"footnotes":""},"class_list":["post-871","page","type-page","status-publish","hentry"],"_links":{"self":[{"href":"https:\/\/mobilitaetszentrum-dasing.de\/pl\/wp-json\/wp\/v2\/pages\/871","targetHints":{"allow":["GET"]}}],"collection":[{"href":"https:\/\/mobilitaetszentrum-dasing.de\/pl\/wp-json\/wp\/v2\/pages"}],"about":[{"href":"https:\/\/mobilitaetszentrum-dasing.de\/pl\/wp-json\/wp\/v2\/types\/page"}],"author":[{"embeddable":true,"href":"https:\/\/mobilitaetszentrum-dasing.de\/pl\/wp-json\/wp\/v2\/users\/1"}],"replies":[{"embeddable":true,"href":"https:\/\/mobilitaetszentrum-dasing.de\/pl\/wp-json\/wp\/v2\/comments?post=871"}],"version-history":[{"count":8,"href":"https:\/\/mobilitaetszentrum-dasing.de\/pl\/wp-json\/wp\/v2\/pages\/871\/revisions"}],"predecessor-version":[{"id":1051,"href":"https:\/\/mobilitaetszentrum-dasing.de\/pl\/wp-json\/wp\/v2\/pages\/871\/revisions\/1051"}],"wp:attachment":[{"href":"https:\/\/mobilitaetszentrum-dasing.de\/pl\/wp-json\/wp\/v2\/media?parent=871"}],"curies":[{"name":"wp","href":"https:\/\/api.w.org\/{rel}","templated":true}]}}