{"id":1344,"date":"2026-03-25T15:21:04","date_gmt":"2026-03-25T15:21:04","guid":{"rendered":"https:\/\/mobilitaetszentrum-dasing.de\/?page_id=1344"},"modified":"2026-03-25T15:22:40","modified_gmt":"2026-03-25T15:22:40","slug":"duschen-2","status":"publish","type":"page","link":"https:\/\/mobilitaetszentrum-dasing.de\/pl\/anleitungen\/de\/duschen-2\/","title":{"rendered":"Duschen"},"content":{"rendered":"<p><\/p>\n\n\n\n<div class=\"wp-block-group show-mobile hide-tablet is-layout-constrained wp-block-group-is-layout-constrained\">\n<div style=\"height:130px\" aria-hidden=\"true\" class=\"wp-block-spacer\"><\/div>\n\n\n\n<h3 class=\"wp-block-heading has-text-align-center\" id=\"bezahlung\" style=\"margin-top:0px;padding-top:0px\">Jak dzia\u0142a p\u0142atno\u015b\u0107<\/h3>\n\n\n\n<figure class=\"wp-block-video show-mobile\" style=\"margin-top:0;margin-bottom:0;padding-top:var(--wp--preset--spacing--30);padding-right:var(--wp--preset--spacing--80);padding-bottom:0;padding-left:var(--wp--preset--spacing--80)\"><video height=\"1280\" style=\"aspect-ratio: 720 \/ 1280;\" width=\"720\" controls poster=\"https:\/\/mobilitaetszentrum-dasing.de\/wp-content\/uploads\/2026\/03\/Bezahlung_DE.png\" src=\"https:\/\/mobilitaetszentrum-dasing.de\/wp-content\/uploads\/2026\/03\/00_DE_Celine_Ticket-UTA-DKV_20260317.mp4\" playsinline><\/video><\/figure>\n\n\n\n<ol style=\"padding-top:var(--wp--preset--spacing--20);padding-bottom:var(--wp--preset--spacing--40)\" class=\"wp-block-list\">\n<li style=\"margin-bottom:var(--wp--preset--spacing--20)\">Najpierw prosz\u0119 przesun\u0105\u0107 <strong>Bilet<\/strong> w automatach.<\/li>\n\n\n\n<li style=\"margin-bottom:var(--wp--preset--spacing--20)\">Nast\u0119pnie r\u00f3wnie\u017c w\u0142\u00f3\u017c kart\u0119 do automatu.<\/li>\n\n\n\n<li style=\"margin-bottom:var(--wp--preset--spacing--20)\">Wyjmij kart\u0119 z powrotem, gdy tylko zostaniesz o to poproszony.<\/li>\n\n\n\n<li style=\"margin-bottom:var(--wp--preset--spacing--20)\">Podaj obecny <strong>Przebieg<\/strong> i Pa\u0144stwa <strong>PIN<\/strong> uruchom urz\u0105dzenie.<\/li>\n\n\n\n<li style=\"margin-bottom:var(--wp--preset--spacing--20)\">Gdy pojawi si\u0119 komunikat \u201eP\u0142atno\u015b\u0107 zrealizowana\u201c, odbierz sw\u00f3j bilet.<\/li>\n\n\n\n<li style=\"margin-bottom:var(--wp--preset--spacing--20)\">Masz teraz mo\u017cliwo\u015b\u0107 wydrukowania potwierdzenia. Wystarczy to potwierdzi\u0107 przez <strong>zielony haczyk<\/strong>.<\/li>\n\n\n\n<li>Wyjmij potwierdzenie i sprawd\u017a, czy p\u0142atno\u015b\u0107 <strong>pomy\u015blnie zako\u0144czono<\/strong> lub ewentualnie przerwano.<\/li>\n<\/ol>\n\n\n\n<h3 class=\"wp-block-heading has-text-align-center\" id=\"duschen\" style=\"padding-top:150px;padding-bottom:var(--wp--preset--spacing--20)\">Jak korzysta\u0107 z naszych prysznic\u00f3w<\/h3>\n\n\n\n<figure class=\"wp-block-video show-mobile\" style=\"margin-top:0;margin-bottom:0;padding-top:var(--wp--preset--spacing--30);padding-right:var(--wp--preset--spacing--80);padding-bottom:0;padding-left:var(--wp--preset--spacing--80)\"><video height=\"1280\" style=\"aspect-ratio: 720 \/ 1280;\" width=\"720\" controls poster=\"https:\/\/mobilitaetszentrum-dasing.de\/wp-content\/uploads\/2026\/03\/Dusche_DE.png\" src=\"https:\/\/mobilitaetszentrum-dasing.de\/wp-content\/uploads\/2026\/03\/00_DEU_Celine_Duschen_QR-Code.mp4\" playsinline><\/video><\/figure>\n\n\n\n<ol style=\"padding-top:var(--wp--preset--spacing--20);padding-bottom:var(--wp--preset--spacing--40)\" class=\"wp-block-list\">\n<li style=\"margin-bottom:var(--wp--preset--spacing--20)\">Najpierw prosz\u0119 przesun\u0105\u0107 <strong>Bilet<\/strong> w automatach.<\/li>\n\n\n\n<li style=\"margin-bottom:var(--wp--preset--spacing--20)\">Nast\u0119pnie r\u00f3wnie\u017c w\u0142\u00f3\u017c kart\u0119 do automatu.<\/li>\n\n\n\n<li style=\"margin-bottom:var(--wp--preset--spacing--20)\">Wyjmij kart\u0119 z powrotem, gdy tylko zostaniesz o to poproszony.<\/li>\n\n\n\n<li style=\"margin-bottom:var(--wp--preset--spacing--20)\">Podaj obecny <strong>Przebieg<\/strong> i Pa\u0144stwa <strong>PIN<\/strong> uruchom urz\u0105dzenie.<\/li>\n\n\n\n<li style=\"margin-bottom:var(--wp--preset--spacing--20)\">Gdy pojawi si\u0119 komunikat \u201eP\u0142atno\u015b\u0107 zrealizowana\u201c, odbierz sw\u00f3j bilet.<\/li>\n\n\n\n<li style=\"margin-bottom:var(--wp--preset--spacing--20)\">Masz teraz mo\u017cliwo\u015b\u0107 wydrukowania potwierdzenia. Wystarczy to potwierdzi\u0107 przez <strong>zielony haczyk<\/strong>.<\/li>\n\n\n\n<li>Wyjmij potwierdzenie i sprawd\u017a, czy p\u0142atno\u015b\u0107 <strong>pomy\u015blnie zako\u0144czono<\/strong> lub ewentualnie przerwano.<\/li>\n<\/ol>\n<\/div>","protected":false},"excerpt":{"rendered":"<p>So funktioniert die Bezahlung So benutzen Sie unsere Duschen<\/p>","protected":false},"author":2,"featured_media":0,"parent":1232,"menu_order":0,"comment_status":"closed","ping_status":"closed","template":"blank","meta":{"footnotes":""},"class_list":["post-1344","page","type-page","status-publish","hentry"],"_links":{"self":[{"href":"https:\/\/mobilitaetszentrum-dasing.de\/pl\/wp-json\/wp\/v2\/pages\/1344","targetHints":{"allow":["GET"]}}],"collection":[{"href":"https:\/\/mobilitaetszentrum-dasing.de\/pl\/wp-json\/wp\/v2\/pages"}],"about":[{"href":"https:\/\/mobilitaetszentrum-dasing.de\/pl\/wp-json\/wp\/v2\/types\/page"}],"author":[{"embeddable":true,"href":"https:\/\/mobilitaetszentrum-dasing.de\/pl\/wp-json\/wp\/v2\/users\/2"}],"replies":[{"embeddable":true,"href":"https:\/\/mobilitaetszentrum-dasing.de\/pl\/wp-json\/wp\/v2\/comments?post=1344"}],"version-history":[{"count":3,"href":"https:\/\/mobilitaetszentrum-dasing.de\/pl\/wp-json\/wp\/v2\/pages\/1344\/revisions"}],"predecessor-version":[{"id":1347,"href":"https:\/\/mobilitaetszentrum-dasing.de\/pl\/wp-json\/wp\/v2\/pages\/1344\/revisions\/1347"}],"up":[{"embeddable":true,"href":"https:\/\/mobilitaetszentrum-dasing.de\/pl\/wp-json\/wp\/v2\/pages\/1232"}],"wp:attachment":[{"href":"https:\/\/mobilitaetszentrum-dasing.de\/pl\/wp-json\/wp\/v2\/media?parent=1344"}],"curies":[{"name":"wp","href":"https:\/\/api.w.org\/{rel}","templated":true}]}}