{"id":1232,"date":"2026-03-23T12:22:46","date_gmt":"2026-03-23T12:22:46","guid":{"rendered":"https:\/\/mobilitaetszentrum-dasing.de\/?page_id=1232"},"modified":"2026-04-01T11:01:16","modified_gmt":"2026-04-01T11:01:16","slug":"de","status":"publish","type":"page","link":"https:\/\/mobilitaetszentrum-dasing.de\/pl\/anleitungen\/de\/","title":{"rendered":"Anleitungen deutsch"},"content":{"rendered":"<div class=\"wp-block-group show-mobile hide-tablet is-layout-constrained wp-block-group-is-layout-constrained\">\n<div style=\"height:130px\" aria-hidden=\"true\" class=\"wp-block-spacer show-mobile\"><\/div>\n\n\n\n<h1 class=\"wp-block-heading has-text-align-center\">Instrukcje<\/h1>\n\n\n\n<div class=\"wp-block-group is-layout-grid wp-container-core-group-is-layout-634643bd wp-block-group-is-layout-grid\" style=\"padding-top:0;padding-right:var(--wp--preset--spacing--30);padding-bottom:0;padding-left:var(--wp--preset--spacing--30)\">\n<figure class=\"wp-block-image size-full has-custom-border wp-container-content-e0161f5a\"><a href=\"https:\/\/mobilitaetszentrum-dasing.de\/pl\/anleitungen\/de\/#bezahlung\"><img loading=\"lazy\" decoding=\"async\" width=\"263\" height=\"223\" src=\"https:\/\/mobilitaetszentrum-dasing.de\/wp-content\/uploads\/2026\/04\/Bezahlung.jpg\" alt=\"\" class=\"wp-image-1408\" style=\"border-style:none;border-width:0px\" srcset=\"https:\/\/mobilitaetszentrum-dasing.de\/wp-content\/uploads\/2026\/04\/Bezahlung.jpg 263w, https:\/\/mobilitaetszentrum-dasing.de\/wp-content\/uploads\/2026\/04\/Bezahlung-14x12.jpg 14w\" sizes=\"auto, (max-width: 263px) 100vw, 263px\" \/><\/a><\/figure>\n\n\n\n<figure class=\"wp-block-image size-full has-custom-border\"><a href=\"https:\/\/mobilitaetszentrum-dasing.de\/pl\/anleitungen\/de\/#duschen\"><img loading=\"lazy\" decoding=\"async\" width=\"263\" height=\"223\" src=\"https:\/\/mobilitaetszentrum-dasing.de\/wp-content\/uploads\/2026\/03\/Duschen.png\" alt=\"\" class=\"wp-image-1339\" style=\"border-style:none;border-width:0px\" srcset=\"https:\/\/mobilitaetszentrum-dasing.de\/wp-content\/uploads\/2026\/03\/Duschen.png 263w, https:\/\/mobilitaetszentrum-dasing.de\/wp-content\/uploads\/2026\/03\/Duschen-14x12.png 14w\" sizes=\"auto, (max-width: 263px) 100vw, 263px\" \/><\/a><\/figure>\n<\/div>\n\n\n\n<div style=\"height:130px\" aria-hidden=\"true\" class=\"wp-block-spacer\"><\/div>\n\n\n\n<h3 class=\"wp-block-heading has-text-align-center\" id=\"bezahlung\" style=\"margin-top:0px;padding-top:150px\">Jak dzia\u0142a p\u0142atno\u015b\u0107<\/h3>\n\n\n\n<figure class=\"wp-block-video show-mobile\" style=\"margin-top:0;margin-bottom:0;padding-top:var(--wp--preset--spacing--30);padding-right:var(--wp--preset--spacing--80);padding-bottom:0;padding-left:var(--wp--preset--spacing--80)\"><video height=\"1280\" style=\"aspect-ratio: 720 \/ 1280;\" width=\"720\" controls poster=\"https:\/\/mobilitaetszentrum-dasing.de\/wp-content\/uploads\/2026\/03\/Zahlung_de.jpg\" src=\"https:\/\/mobilitaetszentrum-dasing.de\/wp-content\/uploads\/2026\/03\/00_DE_Celine_Ticket-UTA-DKV_20260317.mp4\" playsinline><\/video><\/figure>\n\n\n\n<ol style=\"padding-top:var(--wp--preset--spacing--20);padding-bottom:var(--wp--preset--spacing--40)\" class=\"wp-block-list\">\n<li style=\"margin-bottom:var(--wp--preset--spacing--20)\">Najpierw prosz\u0119 przesun\u0105\u0107 <strong>Bilet<\/strong> w automatach.<\/li>\n\n\n\n<li style=\"margin-bottom:var(--wp--preset--spacing--20)\">Nast\u0119pnie r\u00f3wnie\u017c w\u0142\u00f3\u017c kart\u0119 do automatu.<\/li>\n\n\n\n<li style=\"margin-bottom:var(--wp--preset--spacing--20)\">Wyjmij kart\u0119 z powrotem, gdy tylko zostaniesz o to poproszony.<\/li>\n\n\n\n<li style=\"margin-bottom:var(--wp--preset--spacing--20)\">Podaj obecny <strong>Przebieg<\/strong> i Pa\u0144stwa <strong>PIN<\/strong> uruchom urz\u0105dzenie.<\/li>\n\n\n\n<li style=\"margin-bottom:var(--wp--preset--spacing--20)\">Gdy pojawi si\u0119 komunikat \u201eP\u0142atno\u015b\u0107 zrealizowana\u201c, odbierz sw\u00f3j bilet.<\/li>\n\n\n\n<li style=\"margin-bottom:var(--wp--preset--spacing--20)\">Masz teraz mo\u017cliwo\u015b\u0107 wydrukowania potwierdzenia. Wystarczy to potwierdzi\u0107 przez <strong>zielony haczyk<\/strong>.<\/li>\n\n\n\n<li>Wyjmij potwierdzenie i sprawd\u017a, czy p\u0142atno\u015b\u0107 <strong>pomy\u015blnie zako\u0144czono<\/strong> lub ewentualnie przerwano.<\/li>\n<\/ol>\n\n\n\n<h3 class=\"wp-block-heading has-text-align-center\" id=\"duschen\" style=\"padding-top:150px;padding-bottom:var(--wp--preset--spacing--20)\">Jak korzysta\u0107 z naszych prysznic\u00f3w<\/h3>\n\n\n\n<figure class=\"wp-block-video show-mobile\" style=\"margin-top:0;margin-bottom:0;padding-top:var(--wp--preset--spacing--30);padding-right:var(--wp--preset--spacing--80);padding-bottom:0;padding-left:var(--wp--preset--spacing--80)\"><video height=\"1280\" style=\"aspect-ratio: 720 \/ 1280;\" width=\"720\" controls poster=\"https:\/\/mobilitaetszentrum-dasing.de\/wp-content\/uploads\/2026\/03\/Dusche_de.jpg\" src=\"https:\/\/mobilitaetszentrum-dasing.de\/wp-content\/uploads\/2026\/03\/00_DEU_Celine_Duschen_QR-Code.mp4\" playsinline><\/video><\/figure>\n\n\n\n<ol style=\"padding-top:var(--wp--preset--spacing--20);padding-bottom:var(--wp--preset--spacing--40)\" class=\"wp-block-list\">\n<li style=\"margin-bottom:var(--wp--preset--spacing--20)\">Prosz\u0119 ustawi\u0107 <strong>Jasno\u015b\u0107 Twojego smartfona<\/strong> najpierw na najwy\u017cszy stopie\u0144.<\/li>\n\n\n\n<li style=\"margin-bottom:var(--wp--preset--spacing--20)\">Wy\u015bwietl sw\u00f3j kod QR Bosch lub Turis i <strong>powi\u0119kszy\u0107 to lekko<\/strong>, ale nie za mocno.<\/li>\n\n\n\n<li style=\"margin-bottom:var(--wp--preset--spacing--20)\">Chwy\u0107 swoje urz\u0105dzenie za <strong>g\u00f3rny obszar<\/strong> nie.<\/li>\n\n\n\n<li style=\"margin-bottom:var(--wp--preset--spacing--20)\">Trzymaj kod QR pod odpowiednim k\u0105tem pod <strong>Skaner<\/strong>.<\/li>\n\n\n\n<li style=\"margin-bottom:var(--wp--preset--spacing--20)\">Gdy drzwi <strong>robi ha\u0142as<\/strong>, jest odblokowana. Mo\u017cna j\u0105 teraz otworzy\u0107 i skorzysta\u0107 z prysznic\u00f3w.<\/li>\n<\/ol>\n<\/div>\n\n\n\n<div class=\"wp-block-group hide-mobile is-layout-constrained wp-block-group-is-layout-constrained\">\n<h1 class=\"wp-block-heading has-text-align-center\">Instrukcje<\/h1>\n\n\n\n<div class=\"wp-block-group alignwide has-background-light-background-color has-background is-layout-flow wp-block-group-is-layout-flow\">\n<div class=\"wp-block-columns is-layout-flex wp-container-core-columns-is-layout-04fa3f86 wp-block-columns-is-layout-flex\">\n<div class=\"wp-block-column is-vertically-aligned-stretch is-layout-flow wp-block-column-is-layout-flow\" style=\"padding-right:0;padding-left:0\">\n<h2 class=\"wp-block-heading has-text-align-center\" style=\"padding-bottom:var(--wp--preset--spacing--40)\">Jak dzia\u0142a p\u0142atno\u015b\u0107<\/h2>\n\n\n\n<ol style=\"padding-bottom:var(--wp--preset--spacing--40)\" class=\"wp-block-list\">\n<li style=\"margin-bottom:var(--wp--preset--spacing--20)\">Najpierw prosz\u0119 przesun\u0105\u0107 <strong>Bilet<\/strong> w automatach.<\/li>\n\n\n\n<li style=\"margin-bottom:var(--wp--preset--spacing--20)\">Nast\u0119pnie r\u00f3wnie\u017c w\u0142\u00f3\u017c kart\u0119 do automatu.<\/li>\n\n\n\n<li style=\"margin-bottom:var(--wp--preset--spacing--20)\">Wyjmij kart\u0119 z powrotem, gdy tylko zostaniesz o to poproszony.<\/li>\n\n\n\n<li style=\"margin-bottom:var(--wp--preset--spacing--20)\">Podaj obecny <strong>Przebieg<\/strong> i Pa\u0144stwa <strong>PIN<\/strong> uruchom urz\u0105dzenie.<\/li>\n\n\n\n<li style=\"margin-bottom:var(--wp--preset--spacing--20)\">Gdy pojawi si\u0119 komunikat \u201eP\u0142atno\u015b\u0107 zrealizowana\u201c, odbierz sw\u00f3j bilet.<\/li>\n\n\n\n<li style=\"margin-bottom:var(--wp--preset--spacing--20)\">Masz teraz mo\u017cliwo\u015b\u0107 wydrukowania potwierdzenia. Wystarczy to potwierdzi\u0107 przez <strong>zielony haczyk<\/strong>.<\/li>\n\n\n\n<li>Wyjmij potwierdzenie i sprawd\u017a, czy p\u0142atno\u015b\u0107 <strong>pomy\u015blnie zako\u0144czono<\/strong> lub ewentualnie przerwano.<\/li>\n<\/ol>\n<\/div>\n\n\n\n<div class=\"wp-block-column is-layout-flow wp-block-column-is-layout-flow\">\n<figure style=\"padding-top:0;padding-right:var(--wp--preset--spacing--80);padding-bottom:0;padding-left:var(--wp--preset--spacing--80)\" class=\"wp-block-video\"><video height=\"1280\" style=\"aspect-ratio: 720 \/ 1280;\" width=\"720\" controls poster=\"https:\/\/mobilitaetszentrum-dasing.de\/wp-content\/uploads\/2026\/03\/Zahlung_de.jpg\" src=\"https:\/\/mobilitaetszentrum-dasing.de\/wp-content\/uploads\/2026\/03\/00_DE_Celine_Ticket-UTA-DKV_20260317.mp4\"><\/video><\/figure>\n<\/div>\n<\/div>\n<\/div>\n\n\n\n<div class=\"wp-block-group alignwide has-background-light-background-color has-background is-layout-flow wp-block-group-is-layout-flow\">\n<div class=\"wp-block-columns is-layout-flex wp-container-core-columns-is-layout-04fa3f86 wp-block-columns-is-layout-flex\">\n<div class=\"wp-block-column is-vertically-aligned-stretch is-layout-flow wp-block-column-is-layout-flow\" style=\"padding-right:0;padding-left:0\">\n<h2 class=\"wp-block-heading has-text-align-center\" style=\"padding-bottom:var(--wp--preset--spacing--40)\">Jak korzysta\u0107 z naszych prysznic\u00f3w<\/h2>\n\n\n\n<ol style=\"padding-bottom:var(--wp--preset--spacing--40)\" class=\"wp-block-list\">\n<li style=\"margin-bottom:var(--wp--preset--spacing--20)\">Prosz\u0119 ustawi\u0107 <strong>Jasno\u015b\u0107 Twojego smartfona<\/strong> najpierw na najwy\u017cszy stopie\u0144.<\/li>\n\n\n\n<li style=\"margin-bottom:var(--wp--preset--spacing--20)\">Wy\u015bwietl sw\u00f3j kod QR Bosch lub Turis i <strong>powi\u0119kszy\u0107 to lekko<\/strong>, ale nie za mocno.<\/li>\n\n\n\n<li style=\"margin-bottom:var(--wp--preset--spacing--20)\">Chwy\u0107 swoje urz\u0105dzenie za <strong>g\u00f3rny obszar<\/strong> nie.<\/li>\n\n\n\n<li style=\"margin-bottom:var(--wp--preset--spacing--20)\">Trzymaj kod QR pod odpowiednim k\u0105tem pod <strong>Skaner<\/strong>.<\/li>\n\n\n\n<li style=\"margin-bottom:var(--wp--preset--spacing--20)\">Gdy drzwi <strong>robi ha\u0142as<\/strong>, jest odblokowana. Mo\u017cna j\u0105 teraz otworzy\u0107 i skorzysta\u0107 z prysznic\u00f3w.<\/li>\n<\/ol>\n<\/div>\n\n\n\n<div class=\"wp-block-column is-layout-flow wp-block-column-is-layout-flow\">\n<figure style=\"padding-top:0;padding-right:var(--wp--preset--spacing--80);padding-bottom:0;padding-left:var(--wp--preset--spacing--80)\" class=\"wp-block-video\"><video height=\"1280\" style=\"aspect-ratio: 720 \/ 1280;\" width=\"720\" controls poster=\"https:\/\/mobilitaetszentrum-dasing.de\/wp-content\/uploads\/2026\/03\/Dusche_de.jpg\" src=\"https:\/\/mobilitaetszentrum-dasing.de\/wp-content\/uploads\/2026\/03\/00_DEU_Celine_Duschen_QR-Code.mp4\"><\/video><\/figure>\n<\/div>\n<\/div>\n<\/div>\n<\/div>\n\n\n\n<p><\/p>","protected":false},"excerpt":{"rendered":"<p>Anleitungen So funktioniert die Bezahlung So benutzen Sie unsere Duschen Anleitungen So funktioniert die Bezahlung So benutzen Sie unsere Duschen<\/p>","protected":false},"author":2,"featured_media":0,"parent":1084,"menu_order":0,"comment_status":"closed","ping_status":"closed","template":"blank","meta":{"footnotes":""},"class_list":["post-1232","page","type-page","status-publish","hentry"],"_links":{"self":[{"href":"https:\/\/mobilitaetszentrum-dasing.de\/pl\/wp-json\/wp\/v2\/pages\/1232","targetHints":{"allow":["GET"]}}],"collection":[{"href":"https:\/\/mobilitaetszentrum-dasing.de\/pl\/wp-json\/wp\/v2\/pages"}],"about":[{"href":"https:\/\/mobilitaetszentrum-dasing.de\/pl\/wp-json\/wp\/v2\/types\/page"}],"author":[{"embeddable":true,"href":"https:\/\/mobilitaetszentrum-dasing.de\/pl\/wp-json\/wp\/v2\/users\/2"}],"replies":[{"embeddable":true,"href":"https:\/\/mobilitaetszentrum-dasing.de\/pl\/wp-json\/wp\/v2\/comments?post=1232"}],"version-history":[{"count":68,"href":"https:\/\/mobilitaetszentrum-dasing.de\/pl\/wp-json\/wp\/v2\/pages\/1232\/revisions"}],"predecessor-version":[{"id":1414,"href":"https:\/\/mobilitaetszentrum-dasing.de\/pl\/wp-json\/wp\/v2\/pages\/1232\/revisions\/1414"}],"up":[{"embeddable":true,"href":"https:\/\/mobilitaetszentrum-dasing.de\/pl\/wp-json\/wp\/v2\/pages\/1084"}],"wp:attachment":[{"href":"https:\/\/mobilitaetszentrum-dasing.de\/pl\/wp-json\/wp\/v2\/media?parent=1232"}],"curies":[{"name":"wp","href":"https:\/\/api.w.org\/{rel}","templated":true}]}}