{"id":738,"date":"2025-10-17T09:00:06","date_gmt":"2025-10-17T09:00:06","guid":{"rendered":"https:\/\/mobilitaetszentrum-dasing.de\/?page_id=738"},"modified":"2025-12-29T11:20:44","modified_gmt":"2025-12-29T11:20:44","slug":"agb","status":"publish","type":"page","link":"https:\/\/mobilitaetszentrum-dasing.de\/lv\/agb\/","title":{"rendered":"GTC"},"content":{"rendered":"<div class=\"wp-block-group is-layout-constrained wp-container-core-group-is-layout-7a3688e9 wp-block-group-is-layout-constrained\">\n<div style=\"height:130px\" aria-hidden=\"true\" class=\"wp-block-spacer show-mobile\"><\/div>\n\n\n\n<h1 class=\"wp-block-heading has-medium-large-font-size\">Visp\u0101r\u012bgie noteikumi un nosac\u012bjumi<\/h1>\n\n\n\n<p><strong>1. piem\u0113ro\u0161anas joma<\/strong><\/p>\n\n\n\n<p>\u0160ie lieto\u0161anas noteikumi reglament\u0113 Dasingas mobilit\u0101tes centra, An der Brandleiten 4, 86453 Dasing, autost\u0101vvietu un sanit\u0101ro telpu izmanto\u0161anu. Centra apsaimniekot\u0101js ir H\u00f6rmann-Reisen GmbH, Fuggerstra\u00dfe 16, 86150 Augsburg.<\/p>\n\n\n\n<p><strong>2. ce\u013cu satiksmes noteikumu sp\u0113k\u0101 esam\u012bba<\/strong><\/p>\n\n\n\n<p>Vis\u0101 teritorij\u0101 ir sp\u0113k\u0101 V\u0101cijas Ce\u013cu satiksmes noteikumu (StVO) aktu\u0101l\u0101 versija.<\/p>\n\n\n\n<p><strong>3. piek\u013cuves un autost\u0101vvietas at\u013cauja<\/strong><\/p>\n\n\n\n<ul class=\"wp-block-list\">\n<li>Piek\u013cuve ir iesp\u0113jama tikai ar barjeru sist\u0113mu.<\/li>\n\n\n\n<li>Izmanto\u0161ana ir at\u013cauta tikai tad, ja ir ieg\u0101d\u0101ta autost\u0101vvietas bi\u013cete vai veikta der\u012bga iepriek\u0161\u0113ja rezerv\u0101cija, izmantojot autoriz\u0113tu rezerv\u0101cijas lietotni.<\/li>\n\n\n\n<li>Izbrauk\u0161ana ir iesp\u0113jama tikai tad, ja ir pien\u0101c\u012bgi samaks\u0101ta maksa par autost\u0101vvietu.<\/li>\n\n\n\n<li>Apsaimniekot\u0101jam ir ties\u012bbas uz \u012bpa\u0161nieka r\u0113\u0137ina un risku no\u0146emt neat\u013caut\u0101 veid\u0101 novietotos transportl\u012bdzek\u013cus.<\/li>\n<\/ul>\n\n\n\n<p><strong>4 Maksas un maks\u0101\u0161anas veids<\/strong><\/p>\n\n\n\n<ul class=\"wp-block-list\">\n<li>Piem\u0113ro tarifus, kas nor\u0101d\u012bti ieejas un bi\u013ce\u0161u autom\u0101tos un rezerv\u0101cijas lietotn\u0113s.<\/li>\n\n\n\n<li>Autost\u0101vvietu maksas ir \u0161\u0101das. <strong>pirms izejas<\/strong> bi\u013ce\u0161u autom\u0101t\u0101 vai izmantojot rezerv\u0101cijas lietotni.<\/li>\n\n\n\n<li>Veicot iepriek\u0161\u0113ju rezerv\u0101ciju lietotn\u0113, transportl\u012bdzeklim j\u0101b\u016bt skaidri identific\u0113jamam (piem\u0113ram, p\u0113c numura z\u012bmes atpaz\u012b\u0161anas). \u0160\u0101d\u0101 gad\u012bjum\u0101 barjera atveras autom\u0101tiski.<\/li>\n\n\n\n<li>Ja numura z\u012bme nav tehniski atpaz\u012bstama (piem\u0113ram, net\u012brumu vai sniega d\u0113\u013c), autovad\u012bt\u0101jam ir pien\u0101kums pa\u0146emt autost\u0101vvietas bi\u013ceti un ievad\u012bt numura z\u012bmi maksas punkt\u0101. Kad numura numurs ir veiksm\u012bgi ievad\u012bts, autovad\u012bt\u0101jam saska\u0146\u0101 ar sp\u0113k\u0101 eso\u0161o iepriek\u0161\u0113jo rezerv\u0101ciju ir at\u013cauts izbraukt no autost\u0101vvietas bez maksas.<\/li>\n\n\n\n<li>Nesamaks\u0101t\u0101s nodevas var tikt iekas\u0113tas v\u0113l\u0101k un piedz\u012btas juridiski.<\/li>\n<\/ul>\n\n\n\n<p><strong>5 Videonov\u0113ro\u0161ana un datu aizsardz\u012bba<\/strong><\/p>\n\n\n\n<ul class=\"wp-block-list\">\n<li>Objekts tiek nov\u0113rots ar videokamer\u0101m dro\u0161\u012bbas apsv\u0113rumu d\u0113\u013c, lai kontrol\u0113tu piek\u013cuvi un \u012bstenotu iedz\u012bvot\u0101ju ties\u012bbas.<\/li>\n\n\n\n<li>Atbild\u012bgs VDAR izpratn\u0113 ir <strong>H\u00f6rmann-Reisen GmbH, Fuggerstra\u00dfe 16, 86150 Augsburg<\/strong>.<\/li>\n\n\n\n<li>Apstr\u0101des juridiskais pamats ir VDAR 6. panta 1. punkta f) apak\u0161punkts (likum\u012bg\u0101s intereses).<\/li>\n\n\n\n<li>Ierakstus izmanto tikai noteiktajiem m\u0113r\u0137iem un dz\u0113\u0161 p\u0113c likum\u0101 noteikto termi\u0146u beig\u0101m.<\/li>\n\n\n\n<li>Datu subjektiem ir ties\u012bbas uz inform\u0101ciju, datu labo\u0161anu, dz\u0113\u0161anu, apstr\u0101des ierobe\u017eo\u0161anu un ties\u012bbas iesniegt s\u016bdz\u012bbu kompetentajai datu aizsardz\u012bbas uzraudz\u012bbas iest\u0101dei.<\/li>\n<\/ul>\n\n\n\n<p><strong>6 Lietot\u0101ju pien\u0101kumi<\/strong><\/p>\n\n\n\n<ul class=\"wp-block-list\">\n<li>Transportl\u012bdzek\u013ciem j\u0101b\u016bt pareizi novietotiem tam paredz\u0113taj\u0101s viet\u0101s.<\/li>\n\n\n\n<li>Nevajadz\u012bga dzin\u0113ja darb\u012bba ir aizliegta.<\/li>\n\n\n\n<li>J\u016bsu uztur\u0113\u0161an\u0101s laik\u0101 uzkr\u0101tos atkritumus dr\u012bkst izmest tikai parastos sadz\u012bves atkritumos paredz\u0113taj\u0101s atkritumu tvertn\u0113s.<\/li>\n<\/ul>\n\n\n\n<p><strong>7. tualetes un du\u0161as telpu izmanto\u0161ana<\/strong><\/p>\n\n\n\n<ul start=\"1\" class=\"wp-block-list\">\n<li>Eso\u0161\u0101s tualetes un du\u0161as ir pieejamas tikai autost\u0101vvietas lietot\u0101jiem.<\/li>\n\n\n\n<li>Izmanto\u0161ana var b\u016bt par maksu; piem\u0113ro uz vietas izvietotos tarifus.<\/li>\n\n\n\n<li>Lietot\u0101ju pien\u0101kums ir t\u012bri un saudz\u012bgi iztur\u0113ties pret telp\u0101m.<\/li>\n\n\n\n<li>Uz\u0146\u0113m\u0113js neuz\u0146emas nek\u0101du atbild\u012bbu par atst\u0101tajiem priek\u0161metiem vai boj\u0101jumiem, kas radu\u0161ies nepareizas lieto\u0161anas rezult\u0101t\u0101.<\/li>\n\n\n\n<li>Operators patur ties\u012bbas uz laiku sl\u0113gt objektus ekspluat\u0101cijas iemeslu d\u0113\u013c (piem\u0113ram, t\u012br\u012b\u0161anas, apkopes, vand\u0101lisma d\u0113\u013c).<\/li>\n\n\n\n<li>Nepareiza lieto\u0161ana vai rupja net\u012br\u012bba var izrais\u012bt past\u0101v\u012bgu aizliegumu lietot un, iesp\u0113jams, pras\u012bbas par zaud\u0113jumu atl\u012bdzin\u0101\u0161anu.<\/li>\n<\/ul>\n\n\n\n<p><strong>8. atbild\u012bba<\/strong><\/p>\n\n\n\n<ul class=\"wp-block-list\">\n<li>Autost\u0101vvietas un sanit\u0101ros mezglus izmantojiet uz savu risku.<\/li>\n\n\n\n<li>Uz\u0146\u0113m\u0113js neuz\u0146emas nek\u0101du atbild\u012bbu par transportl\u012bdzek\u013cu, to satura vai person\u012bgo mantu boj\u0101jumiem, nozaud\u0113\u0161anu vai z\u0101dz\u012bbu.<\/li>\n\n\n\n<li>Pras\u012bbas par atbild\u012bbu var izvirz\u012bt tikai tad, ja operators vai t\u0101 a\u0123enti ir vainojami t\u012b\u0161\u0101 vai rupj\u0101 nolaid\u012bb\u0101.<\/li>\n<\/ul>\n\n\n\n<p><strong>9. domicila ties\u012bbas<\/strong><\/p>\n\n\n\n<ul class=\"wp-block-list\">\n<li>Operators izmanto domicila ties\u012bbas.<\/li>\n\n\n\n<li>Par \u0161o Noteikumu vai StVO p\u0101rk\u0101pumiem var tikt piem\u0113rots aizliegums iebraukt telp\u0101s, l\u012bgumsods vai transportl\u012bdzek\u013ca aizv\u0101k\u0161ana.<\/li>\n<\/ul>\n\n\n\n<p><strong>10. nobeiguma noteikumi<\/strong><\/p>\n\n\n\n<ul class=\"wp-block-list\">\n<li>Ja atsevi\u0161\u0137i noteikumi ir sp\u0113k\u0101 neeso\u0161i, tas neietekm\u0113 p\u0101r\u0113jo noteikumu sp\u0113k\u0101 esam\u012bbu.<\/li>\n\n\n\n<li>Piem\u0113ro V\u0101cijas Federat\u012bv\u0101s Republikas ties\u012bbu aktus.<\/li>\n<\/ul>\n\n\n\n<p><\/p>\n\n\n\n<p>Statuss: 26\/09\/2025<\/p>\n\n\n\n<p><\/p>\n<\/div>","protected":false},"excerpt":{"rendered":"<p>Allgemeine Gesch\u00e4ftsbedingungen 1. Geltungsbereich Diese Nutzungsbedingungen regeln die Benutzung der Parkfl\u00e4chen sowie der sanit\u00e4ren Einrichtungen des Mobilit\u00e4tszentrums Dasing, An der Brandleiten 4, 86453 Dasing. Betreiber der Anlage ist die H\u00f6rmann-Reisen GmbH, Fuggerstra\u00dfe 16, 86150 Augsburg. 2. Geltung der Stra\u00dfenverkehrsordnung Auf dem gesamten Gel\u00e4nde gilt die Stra\u00dfenverkehrsordnung (StVO) in der jeweils g\u00fcltigen Fassung. 3. Zufahrt und [&hellip;]<\/p>\n","protected":false},"author":1,"featured_media":0,"parent":0,"menu_order":0,"comment_status":"closed","ping_status":"closed","template":"blank","meta":{"footnotes":""},"class_list":["post-738","page","type-page","status-publish","hentry"],"_links":{"self":[{"href":"https:\/\/mobilitaetszentrum-dasing.de\/lv\/wp-json\/wp\/v2\/pages\/738","targetHints":{"allow":["GET"]}}],"collection":[{"href":"https:\/\/mobilitaetszentrum-dasing.de\/lv\/wp-json\/wp\/v2\/pages"}],"about":[{"href":"https:\/\/mobilitaetszentrum-dasing.de\/lv\/wp-json\/wp\/v2\/types\/page"}],"author":[{"embeddable":true,"href":"https:\/\/mobilitaetszentrum-dasing.de\/lv\/wp-json\/wp\/v2\/users\/1"}],"replies":[{"embeddable":true,"href":"https:\/\/mobilitaetszentrum-dasing.de\/lv\/wp-json\/wp\/v2\/comments?post=738"}],"version-history":[{"count":16,"href":"https:\/\/mobilitaetszentrum-dasing.de\/lv\/wp-json\/wp\/v2\/pages\/738\/revisions"}],"predecessor-version":[{"id":1021,"href":"https:\/\/mobilitaetszentrum-dasing.de\/lv\/wp-json\/wp\/v2\/pages\/738\/revisions\/1021"}],"wp:attachment":[{"href":"https:\/\/mobilitaetszentrum-dasing.de\/lv\/wp-json\/wp\/v2\/media?parent=738"}],"curies":[{"name":"wp","href":"https:\/\/api.w.org\/{rel}","templated":true}]}}