{"id":1344,"date":"2026-03-25T15:21:04","date_gmt":"2026-03-25T15:21:04","guid":{"rendered":"https:\/\/mobilitaetszentrum-dasing.de\/?page_id=1344"},"modified":"2026-03-25T15:22:40","modified_gmt":"2026-03-25T15:22:40","slug":"duschen-2","status":"publish","type":"page","link":"https:\/\/mobilitaetszentrum-dasing.de\/lv\/anleitungen\/de\/duschen-2\/","title":{"rendered":"Duschen"},"content":{"rendered":"<p><\/p>\n\n\n\n<div class=\"wp-block-group show-mobile hide-tablet is-layout-constrained wp-block-group-is-layout-constrained\">\n<div style=\"height:130px\" aria-hidden=\"true\" class=\"wp-block-spacer\"><\/div>\n\n\n\n<h3 class=\"wp-block-heading has-text-align-center\" id=\"bezahlung\" style=\"margin-top:0px;padding-top:0px\">K\u0101 notiek apmaksa<\/h3>\n\n\n\n<figure class=\"wp-block-video show-mobile\" style=\"margin-top:0;margin-bottom:0;padding-top:var(--wp--preset--spacing--30);padding-right:var(--wp--preset--spacing--80);padding-bottom:0;padding-left:var(--wp--preset--spacing--80)\"><video height=\"1280\" style=\"aspect-ratio: 720 \/ 1280;\" width=\"720\" controls poster=\"https:\/\/mobilitaetszentrum-dasing.de\/wp-content\/uploads\/2026\/03\/Bezahlung_DE.png\" src=\"https:\/\/mobilitaetszentrum-dasing.de\/wp-content\/uploads\/2026\/03\/00_DE_Celine_Ticket-UTA-DKV_20260317.mp4\" playsinline><\/video><\/figure>\n\n\n\n<ol style=\"padding-top:var(--wp--preset--spacing--20);padding-bottom:var(--wp--preset--spacing--40)\" class=\"wp-block-list\">\n<li style=\"margin-bottom:var(--wp--preset--spacing--20)\">Vispirms pab\u012bdiet savu <strong>Bi\u013cete<\/strong> autom\u0101tos.<\/li>\n\n\n\n<li style=\"margin-bottom:var(--wp--preset--spacing--20)\">P\u0113c tam ar\u012b savu karti ievietojiet automat\u0101.<\/li>\n\n\n\n<li style=\"margin-bottom:var(--wp--preset--spacing--20)\">Iz\u0146emiet karti nekav\u0113joties, kad jums tiks dots r\u012bkojums.<\/li>\n\n\n\n<li style=\"margin-bottom:var(--wp--preset--spacing--20)\">Tag 2 <strong>Nobraukums<\/strong> un j\u016bsu <strong>PIN<\/strong> Ier\u012bc\u0113.<\/li>\n\n\n\n<li style=\"margin-bottom:var(--wp--preset--spacing--20)\">Kad par\u0101d\u012bsies zi\u0146ojums \u201eMaks\u0101jums veiksm\u012bgs\u201c, iz\u0146emiet savu bi\u013ceti.<\/li>\n\n\n\n<li style=\"margin-bottom:var(--wp--preset--spacing--20)\">Jums tagad ir iesp\u0113ja izdruk\u0101t kv\u012bti. Vienk\u0101r\u0161i apstipriniet to caur <strong>za\u013c\u0161 \u0101\u0137is<\/strong>.<\/li>\n\n\n\n<li>Iz\u0146emiet kv\u012bti un p\u0101rbaudiet, vai maks\u0101jums <strong>veiksm\u012bgi pabeigts<\/strong> vai ar\u012b tika p\u0101rtraukta.<\/li>\n<\/ol>\n\n\n\n<h3 class=\"wp-block-heading has-text-align-center\" id=\"duschen\" style=\"padding-top:150px;padding-bottom:var(--wp--preset--spacing--20)\">K\u0101 lietot m\u016bsu du\u0161as<\/h3>\n\n\n\n<figure class=\"wp-block-video show-mobile\" style=\"margin-top:0;margin-bottom:0;padding-top:var(--wp--preset--spacing--30);padding-right:var(--wp--preset--spacing--80);padding-bottom:0;padding-left:var(--wp--preset--spacing--80)\"><video height=\"1280\" style=\"aspect-ratio: 720 \/ 1280;\" width=\"720\" controls poster=\"https:\/\/mobilitaetszentrum-dasing.de\/wp-content\/uploads\/2026\/03\/Dusche_DE.png\" src=\"https:\/\/mobilitaetszentrum-dasing.de\/wp-content\/uploads\/2026\/03\/00_DEU_Celine_Duschen_QR-Code.mp4\" playsinline><\/video><\/figure>\n\n\n\n<ol style=\"padding-top:var(--wp--preset--spacing--20);padding-bottom:var(--wp--preset--spacing--40)\" class=\"wp-block-list\">\n<li style=\"margin-bottom:var(--wp--preset--spacing--20)\">Vispirms pab\u012bdiet savu <strong>Bi\u013cete<\/strong> autom\u0101tos.<\/li>\n\n\n\n<li style=\"margin-bottom:var(--wp--preset--spacing--20)\">P\u0113c tam ar\u012b savu karti ievietojiet automat\u0101.<\/li>\n\n\n\n<li style=\"margin-bottom:var(--wp--preset--spacing--20)\">Iz\u0146emiet karti nekav\u0113joties, kad jums tiks dots r\u012bkojums.<\/li>\n\n\n\n<li style=\"margin-bottom:var(--wp--preset--spacing--20)\">Tag 2 <strong>Nobraukums<\/strong> un j\u016bsu <strong>PIN<\/strong> Ier\u012bc\u0113.<\/li>\n\n\n\n<li style=\"margin-bottom:var(--wp--preset--spacing--20)\">Kad par\u0101d\u012bsies zi\u0146ojums \u201eMaks\u0101jums veiksm\u012bgs\u201c, iz\u0146emiet savu bi\u013ceti.<\/li>\n\n\n\n<li style=\"margin-bottom:var(--wp--preset--spacing--20)\">Jums tagad ir iesp\u0113ja izdruk\u0101t kv\u012bti. Vienk\u0101r\u0161i apstipriniet to caur <strong>za\u013c\u0161 \u0101\u0137is<\/strong>.<\/li>\n\n\n\n<li>Iz\u0146emiet kv\u012bti un p\u0101rbaudiet, vai maks\u0101jums <strong>veiksm\u012bgi pabeigts<\/strong> vai ar\u012b tika p\u0101rtraukta.<\/li>\n<\/ol>\n<\/div>","protected":false},"excerpt":{"rendered":"<p>So funktioniert die Bezahlung So benutzen Sie unsere Duschen<\/p>","protected":false},"author":2,"featured_media":0,"parent":1232,"menu_order":0,"comment_status":"closed","ping_status":"closed","template":"blank","meta":{"footnotes":""},"class_list":["post-1344","page","type-page","status-publish","hentry"],"_links":{"self":[{"href":"https:\/\/mobilitaetszentrum-dasing.de\/lv\/wp-json\/wp\/v2\/pages\/1344","targetHints":{"allow":["GET"]}}],"collection":[{"href":"https:\/\/mobilitaetszentrum-dasing.de\/lv\/wp-json\/wp\/v2\/pages"}],"about":[{"href":"https:\/\/mobilitaetszentrum-dasing.de\/lv\/wp-json\/wp\/v2\/types\/page"}],"author":[{"embeddable":true,"href":"https:\/\/mobilitaetszentrum-dasing.de\/lv\/wp-json\/wp\/v2\/users\/2"}],"replies":[{"embeddable":true,"href":"https:\/\/mobilitaetszentrum-dasing.de\/lv\/wp-json\/wp\/v2\/comments?post=1344"}],"version-history":[{"count":3,"href":"https:\/\/mobilitaetszentrum-dasing.de\/lv\/wp-json\/wp\/v2\/pages\/1344\/revisions"}],"predecessor-version":[{"id":1347,"href":"https:\/\/mobilitaetszentrum-dasing.de\/lv\/wp-json\/wp\/v2\/pages\/1344\/revisions\/1347"}],"up":[{"embeddable":true,"href":"https:\/\/mobilitaetszentrum-dasing.de\/lv\/wp-json\/wp\/v2\/pages\/1232"}],"wp:attachment":[{"href":"https:\/\/mobilitaetszentrum-dasing.de\/lv\/wp-json\/wp\/v2\/media?parent=1344"}],"curies":[{"name":"wp","href":"https:\/\/api.w.org\/{rel}","templated":true}]}}