{"id":1232,"date":"2026-03-23T12:22:46","date_gmt":"2026-03-23T12:22:46","guid":{"rendered":"https:\/\/mobilitaetszentrum-dasing.de\/?page_id=1232"},"modified":"2026-04-01T11:01:16","modified_gmt":"2026-04-01T11:01:16","slug":"de","status":"publish","type":"page","link":"https:\/\/mobilitaetszentrum-dasing.de\/lv\/anleitungen\/de\/","title":{"rendered":"Anleitungen deutsch"},"content":{"rendered":"<div class=\"wp-block-group show-mobile hide-tablet is-layout-constrained wp-block-group-is-layout-constrained\">\n<div style=\"height:130px\" aria-hidden=\"true\" class=\"wp-block-spacer show-mobile\"><\/div>\n\n\n\n<h1 class=\"wp-block-heading has-text-align-center\">Instrukcijas<\/h1>\n\n\n\n<div class=\"wp-block-group is-layout-grid wp-container-core-group-is-layout-634643bd wp-block-group-is-layout-grid\" style=\"padding-top:0;padding-right:var(--wp--preset--spacing--30);padding-bottom:0;padding-left:var(--wp--preset--spacing--30)\">\n<figure class=\"wp-block-image size-full has-custom-border wp-container-content-e0161f5a\"><a href=\"https:\/\/mobilitaetszentrum-dasing.de\/lv\/anleitungen\/de\/#bezahlung\"><img loading=\"lazy\" decoding=\"async\" width=\"263\" height=\"223\" src=\"https:\/\/mobilitaetszentrum-dasing.de\/wp-content\/uploads\/2026\/04\/Bezahlung.jpg\" alt=\"\" class=\"wp-image-1408\" style=\"border-style:none;border-width:0px\" srcset=\"https:\/\/mobilitaetszentrum-dasing.de\/wp-content\/uploads\/2026\/04\/Bezahlung.jpg 263w, https:\/\/mobilitaetszentrum-dasing.de\/wp-content\/uploads\/2026\/04\/Bezahlung-14x12.jpg 14w\" sizes=\"auto, (max-width: 263px) 100vw, 263px\" \/><\/a><\/figure>\n\n\n\n<figure class=\"wp-block-image size-full has-custom-border\"><a href=\"https:\/\/mobilitaetszentrum-dasing.de\/lv\/anleitungen\/de\/#duschen\"><img loading=\"lazy\" decoding=\"async\" width=\"263\" height=\"223\" src=\"https:\/\/mobilitaetszentrum-dasing.de\/wp-content\/uploads\/2026\/03\/Duschen.png\" alt=\"\" class=\"wp-image-1339\" style=\"border-style:none;border-width:0px\" srcset=\"https:\/\/mobilitaetszentrum-dasing.de\/wp-content\/uploads\/2026\/03\/Duschen.png 263w, https:\/\/mobilitaetszentrum-dasing.de\/wp-content\/uploads\/2026\/03\/Duschen-14x12.png 14w\" sizes=\"auto, (max-width: 263px) 100vw, 263px\" \/><\/a><\/figure>\n<\/div>\n\n\n\n<div style=\"height:130px\" aria-hidden=\"true\" class=\"wp-block-spacer\"><\/div>\n\n\n\n<h3 class=\"wp-block-heading has-text-align-center\" id=\"bezahlung\" style=\"margin-top:0px;padding-top:150px\">K\u0101 notiek apmaksa<\/h3>\n\n\n\n<figure class=\"wp-block-video show-mobile\" style=\"margin-top:0;margin-bottom:0;padding-top:var(--wp--preset--spacing--30);padding-right:var(--wp--preset--spacing--80);padding-bottom:0;padding-left:var(--wp--preset--spacing--80)\"><video height=\"1280\" style=\"aspect-ratio: 720 \/ 1280;\" width=\"720\" controls poster=\"https:\/\/mobilitaetszentrum-dasing.de\/wp-content\/uploads\/2026\/03\/Zahlung_de.jpg\" src=\"https:\/\/mobilitaetszentrum-dasing.de\/wp-content\/uploads\/2026\/03\/00_DE_Celine_Ticket-UTA-DKV_20260317.mp4\" playsinline><\/video><\/figure>\n\n\n\n<ol style=\"padding-top:var(--wp--preset--spacing--20);padding-bottom:var(--wp--preset--spacing--40)\" class=\"wp-block-list\">\n<li style=\"margin-bottom:var(--wp--preset--spacing--20)\">Vispirms pab\u012bdiet savu <strong>Bi\u013cete<\/strong> autom\u0101tos.<\/li>\n\n\n\n<li style=\"margin-bottom:var(--wp--preset--spacing--20)\">P\u0113c tam ar\u012b savu karti ievietojiet automat\u0101.<\/li>\n\n\n\n<li style=\"margin-bottom:var(--wp--preset--spacing--20)\">Iz\u0146emiet karti nekav\u0113joties, kad jums tiks dots r\u012bkojums.<\/li>\n\n\n\n<li style=\"margin-bottom:var(--wp--preset--spacing--20)\">Tag 2 <strong>Nobraukums<\/strong> un j\u016bsu <strong>PIN<\/strong> Ier\u012bc\u0113.<\/li>\n\n\n\n<li style=\"margin-bottom:var(--wp--preset--spacing--20)\">Kad par\u0101d\u012bsies zi\u0146ojums \u201eMaks\u0101jums veiksm\u012bgs\u201c, iz\u0146emiet savu bi\u013ceti.<\/li>\n\n\n\n<li style=\"margin-bottom:var(--wp--preset--spacing--20)\">Jums tagad ir iesp\u0113ja izdruk\u0101t kv\u012bti. Vienk\u0101r\u0161i apstipriniet to caur <strong>za\u013c\u0161 \u0101\u0137is<\/strong>.<\/li>\n\n\n\n<li>Iz\u0146emiet kv\u012bti un p\u0101rbaudiet, vai maks\u0101jums <strong>veiksm\u012bgi pabeigts<\/strong> vai ar\u012b tika p\u0101rtraukta.<\/li>\n<\/ol>\n\n\n\n<h3 class=\"wp-block-heading has-text-align-center\" id=\"duschen\" style=\"padding-top:150px;padding-bottom:var(--wp--preset--spacing--20)\">K\u0101 lietot m\u016bsu du\u0161as<\/h3>\n\n\n\n<figure class=\"wp-block-video show-mobile\" style=\"margin-top:0;margin-bottom:0;padding-top:var(--wp--preset--spacing--30);padding-right:var(--wp--preset--spacing--80);padding-bottom:0;padding-left:var(--wp--preset--spacing--80)\"><video height=\"1280\" style=\"aspect-ratio: 720 \/ 1280;\" width=\"720\" controls poster=\"https:\/\/mobilitaetszentrum-dasing.de\/wp-content\/uploads\/2026\/03\/Dusche_de.jpg\" src=\"https:\/\/mobilitaetszentrum-dasing.de\/wp-content\/uploads\/2026\/03\/00_DEU_Celine_Duschen_QR-Code.mp4\" playsinline><\/video><\/figure>\n\n\n\n<ol style=\"padding-top:var(--wp--preset--spacing--20);padding-bottom:var(--wp--preset--spacing--40)\" class=\"wp-block-list\">\n<li style=\"margin-bottom:var(--wp--preset--spacing--20)\">St\u0101diet <strong>Spilgtumu j\u016bsu viedt\u0101lrun\u012b<\/strong> vispirms uz augst\u0101ko l\u012bmeni.<\/li>\n\n\n\n<li style=\"margin-bottom:var(--wp--preset--spacing--20)\">Uzaiciniet savu Bosch vai Turis QR kodu un <strong>palieliniet \u0161o nedaudz<\/strong>, bet ne p\u0101r\u0101k stipri.<\/li>\n\n\n\n<li style=\"margin-bottom:var(--wp--preset--spacing--20)\">Satveriet savu ier\u012bci <strong>aug\u0161\u0113jo zonu<\/strong> an.<\/li>\n\n\n\n<li style=\"margin-bottom:var(--wp--preset--spacing--20)\">Turiet QR kodu pareiz\u0101 le\u0146\u0137\u012b zem <strong>Skeneris<\/strong>.<\/li>\n\n\n\n<li style=\"margin-bottom:var(--wp--preset--spacing--20)\">Tikl\u012bdz durvis <strong>rada troksni<\/strong>, tad t\u0101 ir atblo\u0137\u0113ta. Tagad varat to atv\u0113rt un izmantot du\u0161as.<\/li>\n<\/ol>\n<\/div>\n\n\n\n<div class=\"wp-block-group hide-mobile is-layout-constrained wp-block-group-is-layout-constrained\">\n<h1 class=\"wp-block-heading has-text-align-center\">Instrukcijas<\/h1>\n\n\n\n<div class=\"wp-block-group alignwide has-background-light-background-color has-background is-layout-flow wp-block-group-is-layout-flow\">\n<div class=\"wp-block-columns is-layout-flex wp-container-core-columns-is-layout-04fa3f86 wp-block-columns-is-layout-flex\">\n<div class=\"wp-block-column is-vertically-aligned-stretch is-layout-flow wp-block-column-is-layout-flow\" style=\"padding-right:0;padding-left:0\">\n<h2 class=\"wp-block-heading has-text-align-center\" style=\"padding-bottom:var(--wp--preset--spacing--40)\">K\u0101 notiek apmaksa<\/h2>\n\n\n\n<ol style=\"padding-bottom:var(--wp--preset--spacing--40)\" class=\"wp-block-list\">\n<li style=\"margin-bottom:var(--wp--preset--spacing--20)\">Vispirms pab\u012bdiet savu <strong>Bi\u013cete<\/strong> autom\u0101tos.<\/li>\n\n\n\n<li style=\"margin-bottom:var(--wp--preset--spacing--20)\">P\u0113c tam ar\u012b savu karti ievietojiet automat\u0101.<\/li>\n\n\n\n<li style=\"margin-bottom:var(--wp--preset--spacing--20)\">Iz\u0146emiet karti nekav\u0113joties, kad jums tiks dots r\u012bkojums.<\/li>\n\n\n\n<li style=\"margin-bottom:var(--wp--preset--spacing--20)\">Tag 2 <strong>Nobraukums<\/strong> un j\u016bsu <strong>PIN<\/strong> Ier\u012bc\u0113.<\/li>\n\n\n\n<li style=\"margin-bottom:var(--wp--preset--spacing--20)\">Kad par\u0101d\u012bsies zi\u0146ojums \u201eMaks\u0101jums veiksm\u012bgs\u201c, iz\u0146emiet savu bi\u013ceti.<\/li>\n\n\n\n<li style=\"margin-bottom:var(--wp--preset--spacing--20)\">Jums tagad ir iesp\u0113ja izdruk\u0101t kv\u012bti. Vienk\u0101r\u0161i apstipriniet to caur <strong>za\u013c\u0161 \u0101\u0137is<\/strong>.<\/li>\n\n\n\n<li>Iz\u0146emiet kv\u012bti un p\u0101rbaudiet, vai maks\u0101jums <strong>veiksm\u012bgi pabeigts<\/strong> vai ar\u012b tika p\u0101rtraukta.<\/li>\n<\/ol>\n<\/div>\n\n\n\n<div class=\"wp-block-column is-layout-flow wp-block-column-is-layout-flow\">\n<figure style=\"padding-top:0;padding-right:var(--wp--preset--spacing--80);padding-bottom:0;padding-left:var(--wp--preset--spacing--80)\" class=\"wp-block-video\"><video height=\"1280\" style=\"aspect-ratio: 720 \/ 1280;\" width=\"720\" controls poster=\"https:\/\/mobilitaetszentrum-dasing.de\/wp-content\/uploads\/2026\/03\/Zahlung_de.jpg\" src=\"https:\/\/mobilitaetszentrum-dasing.de\/wp-content\/uploads\/2026\/03\/00_DE_Celine_Ticket-UTA-DKV_20260317.mp4\"><\/video><\/figure>\n<\/div>\n<\/div>\n<\/div>\n\n\n\n<div class=\"wp-block-group alignwide has-background-light-background-color has-background is-layout-flow wp-block-group-is-layout-flow\">\n<div class=\"wp-block-columns is-layout-flex wp-container-core-columns-is-layout-04fa3f86 wp-block-columns-is-layout-flex\">\n<div class=\"wp-block-column is-vertically-aligned-stretch is-layout-flow wp-block-column-is-layout-flow\" style=\"padding-right:0;padding-left:0\">\n<h2 class=\"wp-block-heading has-text-align-center\" style=\"padding-bottom:var(--wp--preset--spacing--40)\">K\u0101 lietot m\u016bsu du\u0161as<\/h2>\n\n\n\n<ol style=\"padding-bottom:var(--wp--preset--spacing--40)\" class=\"wp-block-list\">\n<li style=\"margin-bottom:var(--wp--preset--spacing--20)\">St\u0101diet <strong>Spilgtumu j\u016bsu viedt\u0101lrun\u012b<\/strong> vispirms uz augst\u0101ko l\u012bmeni.<\/li>\n\n\n\n<li style=\"margin-bottom:var(--wp--preset--spacing--20)\">Uzaiciniet savu Bosch vai Turis QR kodu un <strong>palieliniet \u0161o nedaudz<\/strong>, bet ne p\u0101r\u0101k stipri.<\/li>\n\n\n\n<li style=\"margin-bottom:var(--wp--preset--spacing--20)\">Satveriet savu ier\u012bci <strong>aug\u0161\u0113jo zonu<\/strong> an.<\/li>\n\n\n\n<li style=\"margin-bottom:var(--wp--preset--spacing--20)\">Turiet QR kodu pareiz\u0101 le\u0146\u0137\u012b zem <strong>Skeneris<\/strong>.<\/li>\n\n\n\n<li style=\"margin-bottom:var(--wp--preset--spacing--20)\">Tikl\u012bdz durvis <strong>rada troksni<\/strong>, tad t\u0101 ir atblo\u0137\u0113ta. Tagad varat to atv\u0113rt un izmantot du\u0161as.<\/li>\n<\/ol>\n<\/div>\n\n\n\n<div class=\"wp-block-column is-layout-flow wp-block-column-is-layout-flow\">\n<figure style=\"padding-top:0;padding-right:var(--wp--preset--spacing--80);padding-bottom:0;padding-left:var(--wp--preset--spacing--80)\" class=\"wp-block-video\"><video height=\"1280\" style=\"aspect-ratio: 720 \/ 1280;\" width=\"720\" controls poster=\"https:\/\/mobilitaetszentrum-dasing.de\/wp-content\/uploads\/2026\/03\/Dusche_de.jpg\" src=\"https:\/\/mobilitaetszentrum-dasing.de\/wp-content\/uploads\/2026\/03\/00_DEU_Celine_Duschen_QR-Code.mp4\"><\/video><\/figure>\n<\/div>\n<\/div>\n<\/div>\n<\/div>\n\n\n\n<p><\/p>","protected":false},"excerpt":{"rendered":"<p>Anleitungen So funktioniert die Bezahlung So benutzen Sie unsere Duschen Anleitungen So funktioniert die Bezahlung So benutzen Sie unsere Duschen<\/p>","protected":false},"author":2,"featured_media":0,"parent":1084,"menu_order":0,"comment_status":"closed","ping_status":"closed","template":"blank","meta":{"footnotes":""},"class_list":["post-1232","page","type-page","status-publish","hentry"],"_links":{"self":[{"href":"https:\/\/mobilitaetszentrum-dasing.de\/lv\/wp-json\/wp\/v2\/pages\/1232","targetHints":{"allow":["GET"]}}],"collection":[{"href":"https:\/\/mobilitaetszentrum-dasing.de\/lv\/wp-json\/wp\/v2\/pages"}],"about":[{"href":"https:\/\/mobilitaetszentrum-dasing.de\/lv\/wp-json\/wp\/v2\/types\/page"}],"author":[{"embeddable":true,"href":"https:\/\/mobilitaetszentrum-dasing.de\/lv\/wp-json\/wp\/v2\/users\/2"}],"replies":[{"embeddable":true,"href":"https:\/\/mobilitaetszentrum-dasing.de\/lv\/wp-json\/wp\/v2\/comments?post=1232"}],"version-history":[{"count":68,"href":"https:\/\/mobilitaetszentrum-dasing.de\/lv\/wp-json\/wp\/v2\/pages\/1232\/revisions"}],"predecessor-version":[{"id":1414,"href":"https:\/\/mobilitaetszentrum-dasing.de\/lv\/wp-json\/wp\/v2\/pages\/1232\/revisions\/1414"}],"up":[{"embeddable":true,"href":"https:\/\/mobilitaetszentrum-dasing.de\/lv\/wp-json\/wp\/v2\/pages\/1084"}],"wp:attachment":[{"href":"https:\/\/mobilitaetszentrum-dasing.de\/lv\/wp-json\/wp\/v2\/media?parent=1232"}],"curies":[{"name":"wp","href":"https:\/\/api.w.org\/{rel}","templated":true}]}}