{"id":738,"date":"2025-10-17T09:00:06","date_gmt":"2025-10-17T09:00:06","guid":{"rendered":"https:\/\/mobilitaetszentrum-dasing.de\/?page_id=738"},"modified":"2025-12-29T11:20:44","modified_gmt":"2025-12-29T11:20:44","slug":"agb","status":"publish","type":"page","link":"https:\/\/mobilitaetszentrum-dasing.de\/lt\/agb\/","title":{"rendered":"GTC"},"content":{"rendered":"<div class=\"wp-block-group is-layout-constrained wp-container-core-group-is-layout-7a3688e9 wp-block-group-is-layout-constrained\">\n<div style=\"height:130px\" aria-hidden=\"true\" class=\"wp-block-spacer show-mobile\"><\/div>\n\n\n\n<h1 class=\"wp-block-heading has-medium-large-font-size\">Bendrosios s\u0105lygos<\/h1>\n\n\n\n<p><strong>1. taikymo sritis<\/strong><\/p>\n\n\n\n<p>\u0160ios naudojimo s\u0105lygos reglamentuoja naudojim\u0105si Dasingo mobilumo centro, An der Brandleiten 4, 86453 Dasingas, automobili\u0173 stov\u0117jimo aik\u0161tel\u0117mis ir sanitariniais \u012frenginiais. Centro operatorius yra H\u00f6rmann-Reisen GmbH, Fuggerstra\u00dfe 16, 86150 Augsburg.<\/p>\n\n\n\n<p><strong>2. keli\u0173 eismo taisykli\u0173 galiojimas<\/strong><\/p>\n\n\n\n<p>Visoje svetain\u0117je galioja dabartin\u0117 Vokietijos keli\u0173 eismo taisykli\u0173 (StVO) redakcija.<\/p>\n\n\n\n<p><strong>3. leidimas \u012fva\u017eiuoti ir stov\u0117ti<\/strong><\/p>\n\n\n\n<ul class=\"wp-block-list\">\n<li>Patekti \u012f vid\u0173 galima tik per barjer\u0173 sistem\u0105.<\/li>\n\n\n\n<li>Naudotis leid\u017eiama tik \u012fsigijus parkavimo biliet\u0105 arba atlikus galiojant\u012f i\u0161ankstin\u012f u\u017esakym\u0105 \u012fgaliotoje rezervavimo program\u0117l\u0117je.<\/li>\n\n\n\n<li>I\u0161va\u017eiuoti galima tik tinkamai sumok\u0117jus mokes\u010dius u\u017e automobili\u0173 stov\u0117jim\u0105.<\/li>\n\n\n\n<li>Operatorius turi teis\u0119 savininko s\u0105skaita ir rizika pa\u0161alinti neleistinai pastatytas transporto priemones.<\/li>\n<\/ul>\n\n\n\n<p><strong>4 Mokes\u010diai ir mok\u0117jimo b\u016bdas<\/strong><\/p>\n\n\n\n<ul class=\"wp-block-list\">\n<li>Taikomi \u012f\u0117jimo ir biliet\u0173 automatuose bei u\u017esakymo program\u0117l\u0117se nurodyti tarifai.<\/li>\n\n\n\n<li>Automobili\u0173 stov\u0117jimo aik\u0161tel\u0117s mokes\u010diai <strong>prie\u0161 i\u0161\u0117jim\u0105<\/strong> biliet\u0173 automate arba per u\u017esakymo program\u0117l\u0119.<\/li>\n\n\n\n<li>Kai u\u017esakoma i\u0161 anksto per program\u0117l\u0119, transporto priemon\u0117 turi b\u016bti ai\u0161kiai atpa\u017e\u012fstama (pvz., atpa\u017e\u012fstant valstybin\u012f numer\u012f). Tokiu atveju u\u017etvaras atsidaro automati\u0161kai.<\/li>\n\n\n\n<li>Jei valstybinio numerio \u017eenklo numeris techni\u0161kai neatpa\u017e\u012fstamas (pvz., d\u0117l purvo ar sniego), vairuotojas privalo paimti stov\u0117jimo biliet\u0105 ir \u012fvesti savo valstybinio numerio \u017eenkl\u0105 mok\u0117jimo punkte. S\u0117kmingai \u012fvedus valstybinio numerio \u017eenkl\u0105, vairuotojui bus leista nemokamai i\u0161va\u017eiuoti i\u0161 stov\u0117jimo aik\u0161tel\u0117s pagal galiojant\u012f i\u0161ankstin\u012f u\u017esakym\u0105.<\/li>\n\n\n\n<li>Nesumok\u0117ti mokes\u010diai gali b\u016bti i\u0161ie\u0161komi v\u0117liau ir i\u0161ie\u0161komi teisi\u0161kai.<\/li>\n<\/ul>\n\n\n\n<p><strong>5 Vaizdo steb\u0117jimas ir duomen\u0173 apsauga<\/strong><\/p>\n\n\n\n<ul class=\"wp-block-list\">\n<li>Svetain\u0117 stebima vaizdo kameromis saugumo sumetimais, siekiant kontroliuoti patekim\u0105 \u012f j\u0105 ir u\u017etikrinti gyventoj\u0173 teises.<\/li>\n\n\n\n<li>Atsakingas, kaip apibr\u0117\u017eta BDAR, yra <strong>H\u00f6rmann-Reisen GmbH, Fuggerstra\u00dfe 16, 86150 Augsburg<\/strong>.<\/li>\n\n\n\n<li>Teisinis duomen\u0173 tvarkymo pagrindas yra BDAR 6 straipsnio 1 dalies f punktas (teis\u0117tas interesas).<\/li>\n\n\n\n<li>\u012era\u0161ai naudojami tik nurodytais tikslais ir i\u0161trinami pasibaigus teis\u0117s aktuose nustatytiems laikotarpiams.<\/li>\n\n\n\n<li>Duomen\u0173 subjektai turi teis\u0119 \u012f informacij\u0105, i\u0161taisym\u0105, i\u0161trynim\u0105, duomen\u0173 tvarkymo apribojim\u0105 ir pateikti skund\u0105 kompetentingai duomen\u0173 apsaugos prie\u017ei\u016bros institucijai.<\/li>\n<\/ul>\n\n\n\n<p><strong>6 Naudotoj\u0173 \u012fsipareigojimai<\/strong><\/p>\n\n\n\n<ul class=\"wp-block-list\">\n<li>Transporto priemon\u0117s turi b\u016bti tinkamai pastatytos tam skirtose vietose.<\/li>\n\n\n\n<li>Draud\u017eiama be reikalo \u012fjungti varikl\u012f.<\/li>\n\n\n\n<li>Vie\u0161nag\u0117s metu susikaupusias \u0161iuk\u0161les galima i\u0161mesti tik \u012fprastu buitiniu b\u016bdu \u012f tam skirtas \u0161iuk\u0161liad\u0117\u017ees.<\/li>\n<\/ul>\n\n\n\n<p><strong>7. naudojimasis tualetu ir du\u0161u<\/strong><\/p>\n\n\n\n<ul start=\"1\" class=\"wp-block-list\">\n<li>Esamais tualetais ir du\u0161ais gali naudotis tik automobili\u0173 stov\u0117jimo aik\u0161tel\u0117s naudotojai.<\/li>\n\n\n\n<li>U\u017e naudojim\u0105si gali b\u016bti imamas mokestis; taikomi vietoje nurodyti tarifai.<\/li>\n\n\n\n<li>Naudotojai privalo \u0161variai ir r\u016bpestingai elgtis su patalpomis.<\/li>\n\n\n\n<li>Operatorius neprisiima jokios atsakomyb\u0117s u\u017e paliktus daiktus ar \u017eal\u0105, atsiradusi\u0105 d\u0117l netinkamo naudojimo.<\/li>\n\n\n\n<li>Operatorius pasilieka teis\u0119 laikinai u\u017edaryti patalpas d\u0117l eksploatacini\u0173 prie\u017eas\u010di\u0173 (pvz., valymo, prie\u017ei\u016bros, vandalizmo).<\/li>\n\n\n\n<li>D\u0117l netinkamo naudojimo ar didelio sutepimo gali b\u016bti visam laikui u\u017edrausta naudoti ir gali b\u016bti pareikalauta atlyginti \u017eal\u0105.<\/li>\n<\/ul>\n\n\n\n<p><strong>8. atsakomyb\u0117<\/strong><\/p>\n\n\n\n<ul class=\"wp-block-list\">\n<li>Automobili\u0173 stov\u0117jimo aik\u0161tel\u0117mis ir sanitariniais \u012frenginiais naudojat\u0117s savo rizika.<\/li>\n\n\n\n<li>Ve\u017e\u0117jas neprisiima jokios atsakomyb\u0117s u\u017e transporto priemoni\u0173, j\u0173 turinio ar asmenini\u0173 daikt\u0173 sugadinim\u0105, praradim\u0105 ar vagyst\u0119.<\/li>\n\n\n\n<li>Reikalavimai d\u0117l atsakomyb\u0117s gali b\u016bti rei\u0161kiami tik tuo atveju, jei operatorius ar jo \u012fgalioti asmenys veik\u0117 ty\u010dia arba d\u0117l didelio neatsargumo.<\/li>\n<\/ul>\n\n\n\n<p><strong>9. gyvenamosios vietos teis\u0117s<\/strong><\/p>\n\n\n\n<ul class=\"wp-block-list\">\n<li>Veiklos vykdytojas naudojasi nuolatin\u0117s gyvenamosios vietos teis\u0117mis.<\/li>\n\n\n\n<li>U\u017e \u0161i\u0173 taisykli\u0173 arba StVO pa\u017eeidimus gali b\u016bti u\u017edrausta \u012fva\u017eiuoti \u012f patalpas, gali b\u016bti taikomos sutartin\u0117s baudos arba transporto priemon\u0117 gali b\u016bti pa\u0161alinta.<\/li>\n<\/ul>\n\n\n\n<p><strong>10. baigiamosios nuostatos<\/strong><\/p>\n\n\n\n<ul class=\"wp-block-list\">\n<li>Jei atskiros nuostatos negalioja, tai neturi \u012ftakos kit\u0173 nuostat\u0173 galiojimui.<\/li>\n\n\n\n<li>Taikoma Vokietijos Federacin\u0117s Respublikos teis\u0117.<\/li>\n<\/ul>\n\n\n\n<p><\/p>\n\n\n\n<p>Statusas: 26\/09\/2025<\/p>\n\n\n\n<p><\/p>\n<\/div>","protected":false},"excerpt":{"rendered":"<p>Allgemeine Gesch\u00e4ftsbedingungen 1. Geltungsbereich Diese Nutzungsbedingungen regeln die Benutzung der Parkfl\u00e4chen sowie der sanit\u00e4ren Einrichtungen des Mobilit\u00e4tszentrums Dasing, An der Brandleiten 4, 86453 Dasing. Betreiber der Anlage ist die H\u00f6rmann-Reisen GmbH, Fuggerstra\u00dfe 16, 86150 Augsburg. 2. Geltung der Stra\u00dfenverkehrsordnung Auf dem gesamten Gel\u00e4nde gilt die Stra\u00dfenverkehrsordnung (StVO) in der jeweils g\u00fcltigen Fassung. 3. Zufahrt und [&hellip;]<\/p>\n","protected":false},"author":1,"featured_media":0,"parent":0,"menu_order":0,"comment_status":"closed","ping_status":"closed","template":"blank","meta":{"footnotes":""},"class_list":["post-738","page","type-page","status-publish","hentry"],"_links":{"self":[{"href":"https:\/\/mobilitaetszentrum-dasing.de\/lt\/wp-json\/wp\/v2\/pages\/738","targetHints":{"allow":["GET"]}}],"collection":[{"href":"https:\/\/mobilitaetszentrum-dasing.de\/lt\/wp-json\/wp\/v2\/pages"}],"about":[{"href":"https:\/\/mobilitaetszentrum-dasing.de\/lt\/wp-json\/wp\/v2\/types\/page"}],"author":[{"embeddable":true,"href":"https:\/\/mobilitaetszentrum-dasing.de\/lt\/wp-json\/wp\/v2\/users\/1"}],"replies":[{"embeddable":true,"href":"https:\/\/mobilitaetszentrum-dasing.de\/lt\/wp-json\/wp\/v2\/comments?post=738"}],"version-history":[{"count":16,"href":"https:\/\/mobilitaetszentrum-dasing.de\/lt\/wp-json\/wp\/v2\/pages\/738\/revisions"}],"predecessor-version":[{"id":1021,"href":"https:\/\/mobilitaetszentrum-dasing.de\/lt\/wp-json\/wp\/v2\/pages\/738\/revisions\/1021"}],"wp:attachment":[{"href":"https:\/\/mobilitaetszentrum-dasing.de\/lt\/wp-json\/wp\/v2\/media?parent=738"}],"curies":[{"name":"wp","href":"https:\/\/api.w.org\/{rel}","templated":true}]}}