{"id":45,"date":"2025-09-12T06:41:09","date_gmt":"2025-09-12T06:41:09","guid":{"rendered":"https:\/\/mobilitaetszentrum-dasing.de\/?page_id=45"},"modified":"2026-01-30T07:34:56","modified_gmt":"2026-01-30T07:34:56","slug":"impressum","status":"publish","type":"page","link":"https:\/\/mobilitaetszentrum-dasing.de\/lt\/impressum\/","title":{"rendered":"Atspaudas"},"content":{"rendered":"<div class=\"wp-block-group is-layout-constrained wp-container-core-group-is-layout-7a3688e9 wp-block-group-is-layout-constrained\">\n<div style=\"height:130px\" aria-hidden=\"true\" class=\"wp-block-spacer show-mobile\"><\/div>\n\n\n\n<h1 class=\"wp-block-heading has-medium-large-font-size\">Atspaudas<\/h1>\n\n\n\n<p><strong>\"H\u00f6rmann-Reisen GmbH\" vardu vykdoma automobili\u0173 stov\u0117jimo aik\u0161tel\u0117s eksploatacija (operatyvin\u0117):<\/strong><br>33plus7 GmbH, Br\u00fcndlweg 6, 85301 Schweitenkirchen, Vokietija<br>Atstovauja: Sascha Pfannenschmidt<br>El. pa\u0161tas: <a href=\"mailto:info@33plus7gmbh.de\">info@33plus7gmbh.de<\/a><br>Registro teismas: Ingolstadt Local Court - HRB 12196<br>PVM mok\u0117tojo kodas: DE452920232&nbsp;<\/p>\n\n\n\n<p><strong>Pastaba:<\/strong>&nbsp;Sutartinius partnerius, s\u0105skait\u0173 fakt\u016br\u0173 i\u0161ra\u0161ym\u0105 ir mok\u0117jim\u0173 u\u017e automobili\u0173 stov\u0117jimo paslaugas gavim\u0105 tvarko \"H\u00f6rmann-Reisen GmbH\".&nbsp;<\/p>\n\n\n\n<p>Veiklos centras:<br>Dasingo mobilumo centras<br><strong>H\u00f6rmann-Reisen GmbH<\/strong><br><a href=\"https:\/\/www.google.com\/maps\/place\/Mobilit%C3%A4tszentrum+Dasing\/@48.3941144,11.0693762,750m\/data=!3m2!1e3!4b1!4m6!3m5!1s0x479e910d6c3ae5eb:0x11274c4bd2bc35a3!8m2!3d48.3941144!4d11.0693762!16s%2Fg%2F11yk1sqbpj?entry=ttu&amp;g_ep=EgoyMDI1MDkxNy4wIKXMDSoASAFQAw%3D%3D\">An der Brandleiten 4<\/a><br><a href=\"https:\/\/www.google.com\/maps\/place\/Mobilit%C3%A4tszentrum+Dasing\/@48.3941144,11.0693762,750m\/data=!3m2!1e3!4b1!4m6!3m5!1s0x479e910d6c3ae5eb:0x11274c4bd2bc35a3!8m2!3d48.3941144!4d11.0693762!16s%2Fg%2F11yk1sqbpj?entry=ttu&amp;g_ep=EgoyMDI1MDkxNy4wIKXMDSoASAFQAw%3D%3D\" data-type=\"link\" data-id=\"https:\/\/www.google.com\/maps\/place\/Mobilit%C3%A4tszentrum+Dasing\/@48.3941144,11.0693762,750m\/data=!3m2!1e3!4b1!4m6!3m5!1s0x479e910d6c3ae5eb:0x11274c4bd2bc35a3!8m2!3d48.3941144!4d11.0693762!16s%2Fg%2F11yk1sqbpj?entry=ttu&amp;g_ep=EgoyMDI1MDkxNy4wIKXMDSoASAFQAw%3D%3D\">D - 86453 Dasing<\/a><\/p>\n\n\n\n<p><strong>H\u00f6rmann-Reisen GmbH<\/strong><br>Fuggerstrasse 16<br>D - 86150 Augsburgas<\/p>\n\n\n\n<h2 class=\"wp-block-heading\">Susisiekite su mumis<\/h2>\n\n\n\n<figure class=\"wp-block-table\"><table class=\"has-fixed-layout\"><tbody><tr><td>Telefonas:<\/td><td>+49 (0) 8205 50 116 50<\/td><\/tr><tr><td>Faksas:<\/td><td>(0821) 345 00 70<\/td><\/tr><tr><td>El. pa\u0161tas:<\/td><td><a href=\"mailto:info@mobilitaetszentrum-dasing.de\">info@mobilitaetszentrum-dasing.de<\/a><\/td><\/tr><tr><td>Internetas:<\/td><td><a href=\"https:\/\/mobilitaetszentrum-dasing.de\/lt\/\" target=\"_blank\" rel=\"noreferrer noopener\">www.mobilitaetszentrum-dasing.de<\/a><br><a href=\"http:\/\/www.hoermann-reisen.de\/\" target=\"_blank\" rel=\"noreferrer noopener\">www.hoermann-reisen.de<\/a><br><a href=\"http:\/\/www.hoermann-skikurse.de\/\" target=\"_blank\" rel=\"noreferrer noopener\">www.hoermann-skikurse.de<\/a><br><a href=\"http:\/\/www.tui-reisecenter.de\/Augsburg1\/\" target=\"_blank\" rel=\"noreferrer noopener\">www.tui-reisecenter.de\/Augsburg1<\/a><\/td><\/tr><\/tbody><\/table><\/figure>\n\n\n\n<h2 class=\"wp-block-heading\">Registruotis<\/h2>\n\n\n\n<figure class=\"wp-block-table\"><table class=\"has-fixed-layout\"><tbody><tr><td><strong>Registracijos teismas:<\/strong><\/td><td>Augsburgo vietos teismas, HRB 20190<\/td><\/tr><tr><td><strong>Prie\u017ei\u016bros institucija (leidimus i\u0161duodanti institucija):<\/strong><\/td><td>\u0160vabijos vyriausyb\u0117, Fronhof 10, 86152 Augsburgas<\/td><\/tr><tr><td><strong>Valdantysis direktorius:<\/strong><\/td><td>Xaver H\u00f6rmann, Philipp H\u00f6rmann<\/td><\/tr><tr><td><strong>Pardavimo mokes\u010dio identifikacinis numeris pagal Pardavimo mokes\u010dio \u012fstatymo 27 a straipsn\u012f:<\/strong><\/td><td>DE813836567<\/td><\/tr><tr><td><strong>Atsakingas u\u017e turin\u012f <strong>pagal<\/strong> <strong>\u00a7 MStV 18 straipsnio 2 dalis<\/strong>:<\/strong><\/td><td>Xaver H\u00f6rmann, Philipp H\u00f6rmann<\/td><\/tr><\/tbody><\/table><\/figure>\n\n\n\n<h3 class=\"wp-block-heading\">Prane\u0161\u0117j\u0173 apie pa\u017eeidimus sistema<\/h3>\n\n\n\n<p><a href=\"https:\/\/www.hoermann-reisen.de\/ombudsstelle-hinweisgebersystem\/\">\u010cia<\/a> galite kreiptis \u012f m\u016bs\u0173 ombudsmeno tarnyb\u0105 ir \u012f prane\u0161\u0117j\u0173 sistem\u0105, jei \u012ftariate, kad bendrov\u0117je \"H\u00f6rmann-Reisen GmbH\" buvo pa\u017eeisti teis\u0117s aktai.<\/p>\n\n\n\n<h3 class=\"wp-block-heading\">Vartotoj\u0173 gin\u010d\u0173 sprendimas<\/h3>\n\n\n\n<p>Pagal Vartotoj\u0173 gin\u010d\u0173 sprendimo \u012fstatym\u0105 privalome jus informuoti, kad yra vadinamosios arbitra\u017eo institucijos, \u012f kurias galite kreiptis d\u0117l skund\u0173, pavyzd\u017eiui, Vie\u0161ojo keleivinio transporto arbitra\u017eo centras (s\u00f6p), <a href=\"https:\/\/www.soep-online.de\/\" target=\"_blank\" rel=\"noreferrer noopener\">www.soep-online.de<\/a> arba Bendrajame vartotoj\u0173 arbitra\u017eo centre, <a href=\"https:\/\/www.verbraucher-schlichter.de\/\" target=\"_blank\" rel=\"noreferrer noopener\">www.verbraucher-schlichter.de<\/a>. Taip pat nor\u0117tume pabr\u0117\u017eti, kad nedalyvaujame gin\u010d\u0173 sprendimo proced\u016brose vartotoj\u0173 arbitra\u017eo komisijoje.<\/p>\n\n\n\n<h3 class=\"wp-block-heading\">Duomen\u0173 apsauga<\/h3>\n\n\n\n<p>Visi \u0161ioje svetain\u0117je surinkti duomenys tvarkomi pagal BDAR nuostatas. Asmens duomenys nebus perduodami tre\u010diosioms \u0161alims be ai\u0161kaus atitinkamo asmens sutikimo. Asmens duomenimis vadiname informacij\u0105, pagal kuri\u0105 galima nustatyti j\u016bs\u0173 tapatyb\u0119, pavyzd\u017eiui, vard\u0105, pavard\u0119, adres\u0105 arba telefono numer\u012f.<\/p>\n\n\n\n<h3 class=\"wp-block-heading\">Atsakomyb\u0117s apribojimas<\/h3>\n\n\n\n<p>Nepaisant kruop\u0161\u010dios turinio kontrol\u0117s, neprisiimame jokios atsakomyb\u0117s u\u017e i\u0161orini\u0173 nuorod\u0173 turin\u012f. U\u017e puslapi\u0173, \u012f kuriuos pateikiamos nuorodos, turin\u012f atsako tik j\u0173 valdytojai.<\/p>\n\n\n\n<h3 class=\"wp-block-heading\">Atsakomyb\u0117s apribojimas<\/h3>\n\n\n\n<p>Visos nuotraukos, grafika, logotipai, tekstai, vaizdo \u012fra\u0161ai ir visi kiti \u0161ios svetain\u0117s komponentai yra \"H\u00f6rmann-Reisen GmbH\" autori\u0173 teisi\u0173 objektas ir jos nuosavyb\u0117. Bet koks tolesnis med\u017eiagos naudojimas be ra\u0161ti\u0161ko leidimo yra draud\u017eiamas. Bendrov\u0117 \"H\u00f6rmann-Reisen GmbH\" ai\u0161kiai pabr\u0117\u017eia, kad visa informacija pateikiama be garantijos ir bet kokia atsakomyb\u0117 d\u0117l neteisingos, nei\u0161samios ar pasenusios informacijos yra atmetama.<\/p>\n\n\n\n<h3 class=\"wp-block-heading\">draudimas<\/h3>\n\n\n\n<p style=\"font-size:1rem\">Jei turite prie\u017eas\u010di\u0173 sk\u0173stis d\u0117l draudimo tarpininkavimo, galite kreiptis \u012f \u0161\u012f neteisminio skund\u0173 nagrin\u0117jimo ir arbitra\u017eo centr\u0105: <br>Versicherungsombudsmann e. V.<br>P.O. Box 080632<br>10006 Berlynas<br>Telefonas: 0800 3696000<br>Faksas: 0800 3699000<br>El. pa\u0161tas: <br><a href=\"mailto:beschwerde@versicherungsombudsmann.de\">beschwerde@versicherungsombudsmann.de<\/a><br>Pagrindinis puslapis:<br><a href=\"http:\/\/www.versicherungsombudsmann.de\/\" target=\"_blank\" rel=\"noreferrer noopener\">www.versicherungsombudsmann.de<\/a><\/p>\n<\/div>\n\n\n\n<p><\/p>","protected":false},"excerpt":{"rendered":"<p>Impressum Parkplatzbetrieb (operativ) im Auftrag der H\u00f6rmann-Reisen GmbH:33plus7 GmbH, Br\u00fcndlweg 6, 85301 Schweitenkirchen, DeutschlandVertreten durch: Sascha PfannenschmidtE-Mail: info@33plus7gmbh.deRegistergericht: Amtsgericht Ingolstadt \u00b7 HRB 12196USt-IdNr.: DE452920232&nbsp; Hinweis:&nbsp;Vertragspartner, Abrechnung und Zahlungsempfang der Parkleistungen erfolgen \u00fcber die H\u00f6rmann-Reisen GmbH.&nbsp; Betriebsstelle:Mobilit\u00e4tszentrum DasingH\u00f6rmann-Reisen GmbHAn der Brandleiten 4D &#8211; 86453 Dasing H\u00f6rmann-Reisen GmbHFuggerstra\u00dfe 16D &#8211; 86150 Augsburg Kontakt Telefon: +49 (0) 8205 [&hellip;]<\/p>\n","protected":false},"author":1,"featured_media":0,"parent":0,"menu_order":0,"comment_status":"closed","ping_status":"closed","template":"blank","meta":{"footnotes":""},"class_list":["post-45","page","type-page","status-publish","hentry"],"_links":{"self":[{"href":"https:\/\/mobilitaetszentrum-dasing.de\/lt\/wp-json\/wp\/v2\/pages\/45","targetHints":{"allow":["GET"]}}],"collection":[{"href":"https:\/\/mobilitaetszentrum-dasing.de\/lt\/wp-json\/wp\/v2\/pages"}],"about":[{"href":"https:\/\/mobilitaetszentrum-dasing.de\/lt\/wp-json\/wp\/v2\/types\/page"}],"author":[{"embeddable":true,"href":"https:\/\/mobilitaetszentrum-dasing.de\/lt\/wp-json\/wp\/v2\/users\/1"}],"replies":[{"embeddable":true,"href":"https:\/\/mobilitaetszentrum-dasing.de\/lt\/wp-json\/wp\/v2\/comments?post=45"}],"version-history":[{"count":23,"href":"https:\/\/mobilitaetszentrum-dasing.de\/lt\/wp-json\/wp\/v2\/pages\/45\/revisions"}],"predecessor-version":[{"id":1078,"href":"https:\/\/mobilitaetszentrum-dasing.de\/lt\/wp-json\/wp\/v2\/pages\/45\/revisions\/1078"}],"wp:attachment":[{"href":"https:\/\/mobilitaetszentrum-dasing.de\/lt\/wp-json\/wp\/v2\/media?parent=45"}],"curies":[{"name":"wp","href":"https:\/\/api.w.org\/{rel}","templated":true}]}}