{"id":738,"date":"2025-10-17T09:00:06","date_gmt":"2025-10-17T09:00:06","guid":{"rendered":"https:\/\/mobilitaetszentrum-dasing.de\/?page_id=738"},"modified":"2025-12-29T11:20:44","modified_gmt":"2025-12-29T11:20:44","slug":"agb","status":"publish","type":"page","link":"https:\/\/mobilitaetszentrum-dasing.de\/hu\/agb\/","title":{"rendered":"GTC"},"content":{"rendered":"<div class=\"wp-block-group is-layout-constrained wp-container-core-group-is-layout-7a3688e9 wp-block-group-is-layout-constrained\">\n<div style=\"height:130px\" aria-hidden=\"true\" class=\"wp-block-spacer show-mobile\"><\/div>\n\n\n\n<h1 class=\"wp-block-heading has-medium-large-font-size\">\u00c1ltal\u00e1nos Szerz\u0151d\u00e9si Felt\u00e9telek<\/h1>\n\n\n\n<p><strong>1. alkalmaz\u00e1si k\u00f6r<\/strong><\/p>\n\n\n\n<p>A jelen haszn\u00e1lati felt\u00e9telek a Dasing Mobility Centre (An der Brandleiten 4, 86453 Dasing) parkol\u00f3inak \u00e9s eg\u00e9szs\u00e9g\u00fcgyi l\u00e9tes\u00edtm\u00e9nyeinek haszn\u00e1lat\u00e1ra vonatkoznak. A k\u00f6zpont \u00fczemeltet\u0151je a H\u00f6rmann-Reisen GmbH, Fuggerstra\u00dfe 16, 86150 Augsburg.<\/p>\n\n\n\n<p><strong>2. a k\u00f6z\u00fati k\u00f6zleked\u00e9si szab\u00e1lyok \u00e9rv\u00e9nyess\u00e9ge<\/strong><\/p>\n\n\n\n<p>Az eg\u00e9sz telephelyen a n\u00e9met k\u00f6z\u00fati k\u00f6zleked\u00e9si szab\u00e1lyzat (StVO) aktu\u00e1lis v\u00e1ltozata \u00e9rv\u00e9nyes.<\/p>\n\n\n\n<p><strong>3. bel\u00e9p\u00e9si \u00e9s parkol\u00e1si enged\u00e9ly<\/strong><\/p>\n\n\n\n<ul class=\"wp-block-list\">\n<li>A bel\u00e9p\u00e9s kiz\u00e1r\u00f3lag a soromp\u00f3rendszeren kereszt\u00fcl t\u00f6rt\u00e9nik.<\/li>\n\n\n\n<li>A haszn\u00e1lat csak akkor enged\u00e9lyezett, ha parkol\u00f3jegyet v\u00e1s\u00e1roltak, vagy \u00e9rv\u00e9nyes el\u0151zetes foglal\u00e1s t\u00f6rt\u00e9nt egy enged\u00e9lyezett foglal\u00e1si alkalmaz\u00e1son kereszt\u00fcl.<\/li>\n\n\n\n<li>A kil\u00e9p\u00e9s csak akkor lehets\u00e9ges, ha az esed\u00e9kes parkol\u00e1si d\u00edjakat megfelel\u0151en befizett\u00e9k.<\/li>\n\n\n\n<li>Az \u00fczemeltet\u0151 jogosult a jogosulatlanul parkol\u00f3 j\u00e1rm\u0171veket a tulajdonos k\u00f6lts\u00e9g\u00e9re \u00e9s kock\u00e1zat\u00e1ra elt\u00e1vol\u00edttatni.<\/li>\n<\/ul>\n\n\n\n<p><strong>4 D\u00edjak \u00e9s fizet\u00e9si m\u00f3d<\/strong><\/p>\n\n\n\n<ul class=\"wp-block-list\">\n<li>A bel\u00e9p\u0151- \u00e9s jegykiad\u00f3 automat\u00e1kon, valamint a foglal\u00e1si alkalmaz\u00e1sokban felt\u00fcntetett tarif\u00e1k \u00e9rv\u00e9nyesek.<\/li>\n\n\n\n<li>A parkol\u00e1si d\u00edjak a k\u00f6vetkez\u0151k <strong>kil\u00e9p\u00e9s el\u0151tt<\/strong> a jegyautomat\u00e1n\u00e1l vagy a foglal\u00e1si alkalmaz\u00e1son kereszt\u00fcl.<\/li>\n\n\n\n<li>Alkalmaz\u00e1son kereszt\u00fcl t\u00f6rt\u00e9n\u0151 el\u0151zetes foglal\u00e1s eset\u00e9n a j\u00e1rm\u0171nek egy\u00e9rtelm\u0171en azonos\u00edthat\u00f3nak kell lennie (pl. rendsz\u00e1mfelismer\u00e9ssel). Ebben az esetben a soromp\u00f3 automatikusan kiny\u00edlik.<\/li>\n\n\n\n<li>Ha a rendsz\u00e1mt\u00e1bla sz\u00e1ma technikailag nem felismerhet\u0151 (pl. szennyez\u0151d\u00e9s vagy h\u00f3 miatt), a j\u00e1rm\u0171vezet\u0151 k\u00f6teles parkol\u00f3jegyet venni \u00e9s a rendsz\u00e1mt\u00e1bl\u00e1t a fizet\u0151\u00e1llom\u00e1son be\u00edrni. A rendsz\u00e1m sikeres be\u00edr\u00e1sa ut\u00e1n a j\u00e1rm\u0171vezet\u0151 az \u00e9rv\u00e9nyes el\u0151foglal\u00e1snak megfelel\u0151en d\u00edjmentesen elhagyhatja a parkol\u00f3t.<\/li>\n\n\n\n<li>A be nem fizetett d\u00edjak ut\u00f3lag felsz\u00e1m\u00edthat\u00f3k \u00e9s jogilag \u00e9rv\u00e9nyes\u00edthet\u0151k.<\/li>\n<\/ul>\n\n\n\n<p><strong>5 Vide\u00f3fel\u00fcgyelet \u00e9s adatv\u00e9delem<\/strong><\/p>\n\n\n\n<ul class=\"wp-block-list\">\n<li>A helysz\u00ednt biztons\u00e1gi okokb\u00f3l, a bel\u00e9p\u00e9s ellen\u0151rz\u00e9se \u00e9s a h\u00e1zi jog \u00e9rv\u00e9nyes\u00edt\u00e9se \u00e9rdek\u00e9ben videokamer\u00e1k figyelik.<\/li>\n\n\n\n<li>A GDPR \u00e9rtelm\u00e9ben felel\u0151s a k\u00f6vetkez\u0151k\u00e9rt <strong>H\u00f6rmann-Reisen GmbH, Fuggerstra\u00dfe 16, 86150 Augsburg<\/strong>.<\/li>\n\n\n\n<li>Az adatkezel\u00e9s jogalapja a GDPR 6. cikk\u00e9nek (1) bekezd\u00e9s\u00e9nek f) pontja (jogos \u00e9rdek).<\/li>\n\n\n\n<li>A felv\u00e9teleket kiz\u00e1r\u00f3lag a megadott c\u00e9lokra haszn\u00e1lj\u00e1k fel, \u00e9s a t\u00f6rv\u00e9nyes hat\u00e1rid\u0151k lej\u00e1rta ut\u00e1n t\u00f6rlik.<\/li>\n\n\n\n<li>Az \u00e9rintetteknek joguk van a hozz\u00e1f\u00e9r\u00e9shez, a helyesb\u00edt\u00e9shez, a t\u00f6rl\u00e9shez, az adatkezel\u00e9s korl\u00e1toz\u00e1s\u00e1hoz, valamint ahhoz, hogy panaszt tegyenek az illet\u00e9kes adatv\u00e9delmi fel\u00fcgyeleti hat\u00f3s\u00e1gn\u00e1l.<\/li>\n<\/ul>\n\n\n\n<p><strong>6 A felhaszn\u00e1l\u00f3k k\u00f6telezetts\u00e9gei<\/strong><\/p>\n\n\n\n<ul class=\"wp-block-list\">\n<li>A j\u00e1rm\u0171veket a kijel\u00f6lt ter\u00fcleteken bel\u00fcl kell megfelel\u0151en parkolni.<\/li>\n\n\n\n<li>A motor sz\u00fcks\u00e9gtelen j\u00e1rat\u00e1sa tilos.<\/li>\n\n\n\n<li>A tart\u00f3zkod\u00e1s sor\u00e1n felhalmoz\u00f3dott szemetet csak a h\u00e1ztart\u00e1sban szok\u00e1sos mennyis\u00e9gben szabad a rendelkez\u00e9sre bocs\u00e1tott szemetesekbe dobni.<\/li>\n<\/ul>\n\n\n\n<p><strong>7. WC \u00e9s zuhanyz\u00f3 haszn\u00e1lata<\/strong><\/p>\n\n\n\n<ul start=\"1\" class=\"wp-block-list\">\n<li>A megl\u00e9v\u0151 WC- \u00e9s zuhanyz\u00f3helyis\u00e9gek csak a parkol\u00f3t haszn\u00e1l\u00f3k sz\u00e1m\u00e1ra \u00e1llnak rendelkez\u00e9sre.<\/li>\n\n\n\n<li>A haszn\u00e1lat d\u00edjk\u00f6teles lehet; a helysz\u00ednen felt\u00fcntetett d\u00edjszab\u00e1s \u00e9rv\u00e9nyes.<\/li>\n\n\n\n<li>A felhaszn\u00e1l\u00f3k k\u00f6telesek a l\u00e9tes\u00edtm\u00e9nyeket tiszt\u00e1n \u00e9s gondosan kezelni.<\/li>\n\n\n\n<li>Az \u00fczemeltet\u0151 nem v\u00e1llal felel\u0151ss\u00e9get a h\u00e1trahagyott t\u00e1rgyak\u00e9rt vagy a nem rendeltet\u00e9sszer\u0171 haszn\u00e1latb\u00f3l ered\u0151 k\u00e1rok\u00e9rt.<\/li>\n\n\n\n<li>Az \u00fczemeltet\u0151 fenntartja a jogot, hogy a l\u00e9tes\u00edtm\u00e9nyeket \u00fczemeltet\u00e9si okokb\u00f3l (pl. takar\u00edt\u00e1s, karbantart\u00e1s, vandalizmus) ideiglenesen bez\u00e1rja.<\/li>\n\n\n\n<li>A helytelen haszn\u00e1lat vagy durva szennyez\u0151d\u00e9s a haszn\u00e1latb\u00f3l val\u00f3 v\u00e9gleges kiz\u00e1r\u00e1shoz \u00e9s esetleg k\u00e1rt\u00e9r\u00edt\u00e9si ig\u00e9nyekhez vezethet.<\/li>\n<\/ul>\n\n\n\n<p><strong>8. felel\u0151ss\u00e9g<\/strong><\/p>\n\n\n\n<ul class=\"wp-block-list\">\n<li>A parkol\u00f3k \u00e9s az eg\u00e9szs\u00e9g\u00fcgyi l\u00e9tes\u00edtm\u00e9nyek haszn\u00e1lata saj\u00e1t felel\u0151ss\u00e9gre t\u00f6rt\u00e9nik.<\/li>\n\n\n\n<li>Az \u00fczemeltet\u0151 nem v\u00e1llal felel\u0151ss\u00e9get a j\u00e1rm\u0171vek, azok tartalm\u00e1nak vagy szem\u00e9lyes t\u00e1rgyainak s\u00e9r\u00fcl\u00e9s\u00e9\u00e9rt, elveszt\u00e9s\u00e9\u00e9rt vagy ellop\u00e1s\u00e1\u00e9rt.<\/li>\n\n\n\n<li>Felel\u0151ss\u00e9gi ig\u00e9nyt csak az \u00fczemeltet\u0151 vagy annak k\u00f6zrem\u0171k\u00f6d\u0151i sz\u00e1nd\u00e9koss\u00e1ga vagy s\u00falyos gondatlans\u00e1ga eset\u00e9n lehet \u00e9rv\u00e9nyes\u00edteni.<\/li>\n<\/ul>\n\n\n\n<p><strong>9. lak\u00f3helyi jogok<\/strong><\/p>\n\n\n\n<ul class=\"wp-block-list\">\n<li>Az \u00fczemeltet\u0151 gyakorolja a belf\u00f6ldi tart\u00f3zkod\u00e1si jogokat.<\/li>\n\n\n\n<li>A jelen \u00c1SZF vagy az StVO megs\u00e9rt\u00e9se a helysz\u00ednr\u0151l val\u00f3 kitilt\u00e1st, szerz\u0151d\u00e9ses b\u00fcntet\u00e9st vagy a j\u00e1rm\u0171 elsz\u00e1ll\u00edt\u00e1s\u00e1t vonhatja maga ut\u00e1n.<\/li>\n<\/ul>\n\n\n\n<p><strong>10. z\u00e1r\u00f3 rendelkez\u00e9sek<\/strong><\/p>\n\n\n\n<ul class=\"wp-block-list\">\n<li>Amennyiben egyes rendelkez\u00e9sek \u00e9rv\u00e9nytelenek, a t\u00f6bbi rendelkez\u00e9s \u00e9rv\u00e9nyess\u00e9g\u00e9t ez nem \u00e9rinti.<\/li>\n\n\n\n<li>A N\u00e9metorsz\u00e1gi Sz\u00f6vets\u00e9gi K\u00f6zt\u00e1rsas\u00e1g joga alkalmazand\u00f3.<\/li>\n<\/ul>\n\n\n\n<p><\/p>\n\n\n\n<p>\u00c1llapot: 26\/09\/2025<\/p>\n\n\n\n<p><\/p>\n<\/div>","protected":false},"excerpt":{"rendered":"<p>Allgemeine Gesch\u00e4ftsbedingungen 1. Geltungsbereich Diese Nutzungsbedingungen regeln die Benutzung der Parkfl\u00e4chen sowie der sanit\u00e4ren Einrichtungen des Mobilit\u00e4tszentrums Dasing, An der Brandleiten 4, 86453 Dasing. Betreiber der Anlage ist die H\u00f6rmann-Reisen GmbH, Fuggerstra\u00dfe 16, 86150 Augsburg. 2. Geltung der Stra\u00dfenverkehrsordnung Auf dem gesamten Gel\u00e4nde gilt die Stra\u00dfenverkehrsordnung (StVO) in der jeweils g\u00fcltigen Fassung. 3. Zufahrt und [&hellip;]<\/p>\n","protected":false},"author":1,"featured_media":0,"parent":0,"menu_order":0,"comment_status":"closed","ping_status":"closed","template":"blank","meta":{"footnotes":""},"class_list":["post-738","page","type-page","status-publish","hentry"],"_links":{"self":[{"href":"https:\/\/mobilitaetszentrum-dasing.de\/hu\/wp-json\/wp\/v2\/pages\/738","targetHints":{"allow":["GET"]}}],"collection":[{"href":"https:\/\/mobilitaetszentrum-dasing.de\/hu\/wp-json\/wp\/v2\/pages"}],"about":[{"href":"https:\/\/mobilitaetszentrum-dasing.de\/hu\/wp-json\/wp\/v2\/types\/page"}],"author":[{"embeddable":true,"href":"https:\/\/mobilitaetszentrum-dasing.de\/hu\/wp-json\/wp\/v2\/users\/1"}],"replies":[{"embeddable":true,"href":"https:\/\/mobilitaetszentrum-dasing.de\/hu\/wp-json\/wp\/v2\/comments?post=738"}],"version-history":[{"count":16,"href":"https:\/\/mobilitaetszentrum-dasing.de\/hu\/wp-json\/wp\/v2\/pages\/738\/revisions"}],"predecessor-version":[{"id":1021,"href":"https:\/\/mobilitaetszentrum-dasing.de\/hu\/wp-json\/wp\/v2\/pages\/738\/revisions\/1021"}],"wp:attachment":[{"href":"https:\/\/mobilitaetszentrum-dasing.de\/hu\/wp-json\/wp\/v2\/media?parent=738"}],"curies":[{"name":"wp","href":"https:\/\/api.w.org\/{rel}","templated":true}]}}