{"id":1344,"date":"2026-03-25T15:21:04","date_gmt":"2026-03-25T15:21:04","guid":{"rendered":"https:\/\/mobilitaetszentrum-dasing.de\/?page_id=1344"},"modified":"2026-03-25T15:22:40","modified_gmt":"2026-03-25T15:22:40","slug":"duschen-2","status":"publish","type":"page","link":"https:\/\/mobilitaetszentrum-dasing.de\/hu\/anleitungen\/de\/duschen-2\/","title":{"rendered":"Duschen"},"content":{"rendered":"<p><\/p>\n\n\n\n<div class=\"wp-block-group show-mobile hide-tablet is-layout-constrained wp-block-group-is-layout-constrained\">\n<div style=\"height:130px\" aria-hidden=\"true\" class=\"wp-block-spacer\"><\/div>\n\n\n\n<h3 class=\"wp-block-heading has-text-align-center\" id=\"bezahlung\" style=\"margin-top:0px;padding-top:0px\">\u00cdgy m\u0171k\u00f6dik a fizet\u00e9s<\/h3>\n\n\n\n<figure class=\"wp-block-video show-mobile\" style=\"margin-top:0;margin-bottom:0;padding-top:var(--wp--preset--spacing--30);padding-right:var(--wp--preset--spacing--80);padding-bottom:0;padding-left:var(--wp--preset--spacing--80)\"><video height=\"1280\" style=\"aspect-ratio: 720 \/ 1280;\" width=\"720\" controls poster=\"https:\/\/mobilitaetszentrum-dasing.de\/wp-content\/uploads\/2026\/03\/Bezahlung_DE.png\" src=\"https:\/\/mobilitaetszentrum-dasing.de\/wp-content\/uploads\/2026\/03\/00_DE_Celine_Ticket-UTA-DKV_20260317.mp4\" playsinline><\/video><\/figure>\n\n\n\n<ol style=\"padding-top:var(--wp--preset--spacing--20);padding-bottom:var(--wp--preset--spacing--40)\" class=\"wp-block-list\">\n<li style=\"margin-bottom:var(--wp--preset--spacing--20)\">Helyezze el\u0151sz\u00f6r <strong>Jegy<\/strong> a automat\u00e1kban.<\/li>\n\n\n\n<li style=\"margin-bottom:var(--wp--preset--spacing--20)\">Ezt k\u00f6vet\u0151en helyezze be a k\u00e1rty\u00e1j\u00e1t a g\u00e9pbe.<\/li>\n\n\n\n<li style=\"margin-bottom:var(--wp--preset--spacing--20)\">Vegye ki a k\u00e1rty\u00e1t, amint erre felsz\u00f3l\u00edtj\u00e1k.<\/li>\n\n\n\n<li style=\"margin-bottom:var(--wp--preset--spacing--20)\">Adja meg a jelenlegit <strong>Kilom\u00e9ter\u00f3ra<\/strong> \u00e9s az \u00d6n <strong>PIN<\/strong> a k\u00e9sz\u00fcl\u00e9ket.<\/li>\n\n\n\n<li style=\"margin-bottom:var(--wp--preset--spacing--20)\">Amint megjelenik a \u201eFizet\u00e9s megt\u00f6rt\u00e9nt\u201c felirat, vegye ki a jegy\u00e9t.<\/li>\n\n\n\n<li style=\"margin-bottom:var(--wp--preset--spacing--20)\">Most lehet\u0151s\u00e9ge van bizonylatot k\u00e9rni. Egyszer\u0171en er\u0151s\u00edtse meg a <strong>z\u00f6ld pipa<\/strong>.<\/li>\n\n\n\n<li>Vedd ki a nyugt\u00e1t, \u00e9s ellen\u0151rizd, hogy a fizet\u00e9s <strong>sikeresen befejezett<\/strong> vagy esetleg megszakadt.<\/li>\n<\/ol>\n\n\n\n<h3 class=\"wp-block-heading has-text-align-center\" id=\"duschen\" style=\"padding-top:150px;padding-bottom:var(--wp--preset--spacing--20)\">\u00cdgy haszn\u00e1lja zuhanyz\u00f3inkat<\/h3>\n\n\n\n<figure class=\"wp-block-video show-mobile\" style=\"margin-top:0;margin-bottom:0;padding-top:var(--wp--preset--spacing--30);padding-right:var(--wp--preset--spacing--80);padding-bottom:0;padding-left:var(--wp--preset--spacing--80)\"><video height=\"1280\" style=\"aspect-ratio: 720 \/ 1280;\" width=\"720\" controls poster=\"https:\/\/mobilitaetszentrum-dasing.de\/wp-content\/uploads\/2026\/03\/Dusche_DE.png\" src=\"https:\/\/mobilitaetszentrum-dasing.de\/wp-content\/uploads\/2026\/03\/00_DEU_Celine_Duschen_QR-Code.mp4\" playsinline><\/video><\/figure>\n\n\n\n<ol style=\"padding-top:var(--wp--preset--spacing--20);padding-bottom:var(--wp--preset--spacing--40)\" class=\"wp-block-list\">\n<li style=\"margin-bottom:var(--wp--preset--spacing--20)\">Helyezze el\u0151sz\u00f6r <strong>Jegy<\/strong> a automat\u00e1kban.<\/li>\n\n\n\n<li style=\"margin-bottom:var(--wp--preset--spacing--20)\">Ezt k\u00f6vet\u0151en helyezze be a k\u00e1rty\u00e1j\u00e1t a g\u00e9pbe.<\/li>\n\n\n\n<li style=\"margin-bottom:var(--wp--preset--spacing--20)\">Vegye ki a k\u00e1rty\u00e1t, amint erre felsz\u00f3l\u00edtj\u00e1k.<\/li>\n\n\n\n<li style=\"margin-bottom:var(--wp--preset--spacing--20)\">Adja meg a jelenlegit <strong>Kilom\u00e9ter\u00f3ra<\/strong> \u00e9s az \u00d6n <strong>PIN<\/strong> a k\u00e9sz\u00fcl\u00e9ket.<\/li>\n\n\n\n<li style=\"margin-bottom:var(--wp--preset--spacing--20)\">Amint megjelenik a \u201eFizet\u00e9s megt\u00f6rt\u00e9nt\u201c felirat, vegye ki a jegy\u00e9t.<\/li>\n\n\n\n<li style=\"margin-bottom:var(--wp--preset--spacing--20)\">Most lehet\u0151s\u00e9ge van bizonylatot k\u00e9rni. Egyszer\u0171en er\u0151s\u00edtse meg a <strong>z\u00f6ld pipa<\/strong>.<\/li>\n\n\n\n<li>Vedd ki a nyugt\u00e1t, \u00e9s ellen\u0151rizd, hogy a fizet\u00e9s <strong>sikeresen befejezett<\/strong> vagy esetleg megszakadt.<\/li>\n<\/ol>\n<\/div>","protected":false},"excerpt":{"rendered":"<p>So funktioniert die Bezahlung So benutzen Sie unsere Duschen<\/p>","protected":false},"author":2,"featured_media":0,"parent":1232,"menu_order":0,"comment_status":"closed","ping_status":"closed","template":"blank","meta":{"footnotes":""},"class_list":["post-1344","page","type-page","status-publish","hentry"],"_links":{"self":[{"href":"https:\/\/mobilitaetszentrum-dasing.de\/hu\/wp-json\/wp\/v2\/pages\/1344","targetHints":{"allow":["GET"]}}],"collection":[{"href":"https:\/\/mobilitaetszentrum-dasing.de\/hu\/wp-json\/wp\/v2\/pages"}],"about":[{"href":"https:\/\/mobilitaetszentrum-dasing.de\/hu\/wp-json\/wp\/v2\/types\/page"}],"author":[{"embeddable":true,"href":"https:\/\/mobilitaetszentrum-dasing.de\/hu\/wp-json\/wp\/v2\/users\/2"}],"replies":[{"embeddable":true,"href":"https:\/\/mobilitaetszentrum-dasing.de\/hu\/wp-json\/wp\/v2\/comments?post=1344"}],"version-history":[{"count":3,"href":"https:\/\/mobilitaetszentrum-dasing.de\/hu\/wp-json\/wp\/v2\/pages\/1344\/revisions"}],"predecessor-version":[{"id":1347,"href":"https:\/\/mobilitaetszentrum-dasing.de\/hu\/wp-json\/wp\/v2\/pages\/1344\/revisions\/1347"}],"up":[{"embeddable":true,"href":"https:\/\/mobilitaetszentrum-dasing.de\/hu\/wp-json\/wp\/v2\/pages\/1232"}],"wp:attachment":[{"href":"https:\/\/mobilitaetszentrum-dasing.de\/hu\/wp-json\/wp\/v2\/media?parent=1344"}],"curies":[{"name":"wp","href":"https:\/\/api.w.org\/{rel}","templated":true}]}}