{"id":1232,"date":"2026-03-23T12:22:46","date_gmt":"2026-03-23T12:22:46","guid":{"rendered":"https:\/\/mobilitaetszentrum-dasing.de\/?page_id=1232"},"modified":"2026-04-01T11:01:16","modified_gmt":"2026-04-01T11:01:16","slug":"de","status":"publish","type":"page","link":"https:\/\/mobilitaetszentrum-dasing.de\/hu\/anleitungen\/de\/","title":{"rendered":"Anleitungen deutsch"},"content":{"rendered":"<div class=\"wp-block-group show-mobile hide-tablet is-layout-constrained wp-block-group-is-layout-constrained\">\n<div style=\"height:130px\" aria-hidden=\"true\" class=\"wp-block-spacer show-mobile\"><\/div>\n\n\n\n<h1 class=\"wp-block-heading has-text-align-center\">Utas\u00edt\u00e1sok<\/h1>\n\n\n\n<div class=\"wp-block-group is-layout-grid wp-container-core-group-is-layout-634643bd wp-block-group-is-layout-grid\" style=\"padding-top:0;padding-right:var(--wp--preset--spacing--30);padding-bottom:0;padding-left:var(--wp--preset--spacing--30)\">\n<figure class=\"wp-block-image size-full has-custom-border wp-container-content-e0161f5a\"><a href=\"https:\/\/mobilitaetszentrum-dasing.de\/hu\/anleitungen\/de\/#bezahlung\"><img loading=\"lazy\" decoding=\"async\" width=\"263\" height=\"223\" src=\"https:\/\/mobilitaetszentrum-dasing.de\/wp-content\/uploads\/2026\/04\/Bezahlung.jpg\" alt=\"\" class=\"wp-image-1408\" style=\"border-style:none;border-width:0px\" srcset=\"https:\/\/mobilitaetszentrum-dasing.de\/wp-content\/uploads\/2026\/04\/Bezahlung.jpg 263w, https:\/\/mobilitaetszentrum-dasing.de\/wp-content\/uploads\/2026\/04\/Bezahlung-14x12.jpg 14w\" sizes=\"auto, (max-width: 263px) 100vw, 263px\" \/><\/a><\/figure>\n\n\n\n<figure class=\"wp-block-image size-full has-custom-border\"><a href=\"https:\/\/mobilitaetszentrum-dasing.de\/hu\/anleitungen\/de\/#duschen\"><img loading=\"lazy\" decoding=\"async\" width=\"263\" height=\"223\" src=\"https:\/\/mobilitaetszentrum-dasing.de\/wp-content\/uploads\/2026\/03\/Duschen.png\" alt=\"\" class=\"wp-image-1339\" style=\"border-style:none;border-width:0px\" srcset=\"https:\/\/mobilitaetszentrum-dasing.de\/wp-content\/uploads\/2026\/03\/Duschen.png 263w, https:\/\/mobilitaetszentrum-dasing.de\/wp-content\/uploads\/2026\/03\/Duschen-14x12.png 14w\" sizes=\"auto, (max-width: 263px) 100vw, 263px\" \/><\/a><\/figure>\n<\/div>\n\n\n\n<div style=\"height:130px\" aria-hidden=\"true\" class=\"wp-block-spacer\"><\/div>\n\n\n\n<h3 class=\"wp-block-heading has-text-align-center\" id=\"bezahlung\" style=\"margin-top:0px;padding-top:150px\">\u00cdgy m\u0171k\u00f6dik a fizet\u00e9s<\/h3>\n\n\n\n<figure class=\"wp-block-video show-mobile\" style=\"margin-top:0;margin-bottom:0;padding-top:var(--wp--preset--spacing--30);padding-right:var(--wp--preset--spacing--80);padding-bottom:0;padding-left:var(--wp--preset--spacing--80)\"><video height=\"1280\" style=\"aspect-ratio: 720 \/ 1280;\" width=\"720\" controls poster=\"https:\/\/mobilitaetszentrum-dasing.de\/wp-content\/uploads\/2026\/03\/Zahlung_de.jpg\" src=\"https:\/\/mobilitaetszentrum-dasing.de\/wp-content\/uploads\/2026\/03\/00_DE_Celine_Ticket-UTA-DKV_20260317.mp4\" playsinline><\/video><\/figure>\n\n\n\n<ol style=\"padding-top:var(--wp--preset--spacing--20);padding-bottom:var(--wp--preset--spacing--40)\" class=\"wp-block-list\">\n<li style=\"margin-bottom:var(--wp--preset--spacing--20)\">Helyezze el\u0151sz\u00f6r <strong>Jegy<\/strong> a automat\u00e1kban.<\/li>\n\n\n\n<li style=\"margin-bottom:var(--wp--preset--spacing--20)\">Ezt k\u00f6vet\u0151en helyezze be a k\u00e1rty\u00e1j\u00e1t a g\u00e9pbe.<\/li>\n\n\n\n<li style=\"margin-bottom:var(--wp--preset--spacing--20)\">Vegye ki a k\u00e1rty\u00e1t, amint erre felsz\u00f3l\u00edtj\u00e1k.<\/li>\n\n\n\n<li style=\"margin-bottom:var(--wp--preset--spacing--20)\">Adja meg a jelenlegit <strong>Kilom\u00e9ter\u00f3ra<\/strong> \u00e9s az \u00d6n <strong>PIN<\/strong> a k\u00e9sz\u00fcl\u00e9ket.<\/li>\n\n\n\n<li style=\"margin-bottom:var(--wp--preset--spacing--20)\">Amint megjelenik a \u201eFizet\u00e9s megt\u00f6rt\u00e9nt\u201c felirat, vegye ki a jegy\u00e9t.<\/li>\n\n\n\n<li style=\"margin-bottom:var(--wp--preset--spacing--20)\">Most lehet\u0151s\u00e9ge van bizonylatot k\u00e9rni. Egyszer\u0171en er\u0151s\u00edtse meg a <strong>z\u00f6ld pipa<\/strong>.<\/li>\n\n\n\n<li>Vedd ki a nyugt\u00e1t, \u00e9s ellen\u0151rizd, hogy a fizet\u00e9s <strong>sikeresen befejezett<\/strong> vagy esetleg megszakadt.<\/li>\n<\/ol>\n\n\n\n<h3 class=\"wp-block-heading has-text-align-center\" id=\"duschen\" style=\"padding-top:150px;padding-bottom:var(--wp--preset--spacing--20)\">\u00cdgy haszn\u00e1lja zuhanyz\u00f3inkat<\/h3>\n\n\n\n<figure class=\"wp-block-video show-mobile\" style=\"margin-top:0;margin-bottom:0;padding-top:var(--wp--preset--spacing--30);padding-right:var(--wp--preset--spacing--80);padding-bottom:0;padding-left:var(--wp--preset--spacing--80)\"><video height=\"1280\" style=\"aspect-ratio: 720 \/ 1280;\" width=\"720\" controls poster=\"https:\/\/mobilitaetszentrum-dasing.de\/wp-content\/uploads\/2026\/03\/Dusche_de.jpg\" src=\"https:\/\/mobilitaetszentrum-dasing.de\/wp-content\/uploads\/2026\/03\/00_DEU_Celine_Duschen_QR-Code.mp4\" playsinline><\/video><\/figure>\n\n\n\n<ol style=\"padding-top:var(--wp--preset--spacing--20);padding-bottom:var(--wp--preset--spacing--40)\" class=\"wp-block-list\">\n<li style=\"margin-bottom:var(--wp--preset--spacing--20)\">\u00c1ll\u00edtsa be a <strong>Okostelefonod f\u00e9nyereje<\/strong> el\u0151sz\u00f6r a legmagasabb fokozatra.<\/li>\n\n\n\n<li style=\"margin-bottom:var(--wp--preset--spacing--20)\">H\u00edvja be Bosch vagy Turis QR-k\u00f3dj\u00e1t, \u00e9s <strong>nagy\u00edtsa ezt meg kiss\u00e9<\/strong>, de nem t\u00fal er\u0151s.<\/li>\n\n\n\n<li style=\"margin-bottom:var(--wp--preset--spacing--20)\">Fogja meg a k\u00e9sz\u00fcl\u00e9ket <strong>fels\u0151 ter\u00fclet<\/strong> annem.<\/li>\n\n\n\n<li style=\"margin-bottom:var(--wp--preset--spacing--20)\">Tartsa a QR-k\u00f3dot megfelel\u0151 sz\u00f6gben a <strong>Szkenner<\/strong>.<\/li>\n\n\n\n<li style=\"margin-bottom:var(--wp--preset--spacing--20)\">amint az ajt\u00f3 <strong>Hangot ad<\/strong>, akkor az ki van oldva. Most m\u00e1r kinyithatja \u00e9s haszn\u00e1lhatja a zuhanyz\u00f3kat.<\/li>\n<\/ol>\n<\/div>\n\n\n\n<div class=\"wp-block-group hide-mobile is-layout-constrained wp-block-group-is-layout-constrained\">\n<h1 class=\"wp-block-heading has-text-align-center\">Utas\u00edt\u00e1sok<\/h1>\n\n\n\n<div class=\"wp-block-group alignwide has-background-light-background-color has-background is-layout-flow wp-block-group-is-layout-flow\">\n<div class=\"wp-block-columns is-layout-flex wp-container-core-columns-is-layout-04fa3f86 wp-block-columns-is-layout-flex\">\n<div class=\"wp-block-column is-vertically-aligned-stretch is-layout-flow wp-block-column-is-layout-flow\" style=\"padding-right:0;padding-left:0\">\n<h2 class=\"wp-block-heading has-text-align-center\" style=\"padding-bottom:var(--wp--preset--spacing--40)\">\u00cdgy m\u0171k\u00f6dik a fizet\u00e9s<\/h2>\n\n\n\n<ol style=\"padding-bottom:var(--wp--preset--spacing--40)\" class=\"wp-block-list\">\n<li style=\"margin-bottom:var(--wp--preset--spacing--20)\">Helyezze el\u0151sz\u00f6r <strong>Jegy<\/strong> a automat\u00e1kban.<\/li>\n\n\n\n<li style=\"margin-bottom:var(--wp--preset--spacing--20)\">Ezt k\u00f6vet\u0151en helyezze be a k\u00e1rty\u00e1j\u00e1t a g\u00e9pbe.<\/li>\n\n\n\n<li style=\"margin-bottom:var(--wp--preset--spacing--20)\">Vegye ki a k\u00e1rty\u00e1t, amint erre felsz\u00f3l\u00edtj\u00e1k.<\/li>\n\n\n\n<li style=\"margin-bottom:var(--wp--preset--spacing--20)\">Adja meg a jelenlegit <strong>Kilom\u00e9ter\u00f3ra<\/strong> \u00e9s az \u00d6n <strong>PIN<\/strong> a k\u00e9sz\u00fcl\u00e9ket.<\/li>\n\n\n\n<li style=\"margin-bottom:var(--wp--preset--spacing--20)\">Amint megjelenik a \u201eFizet\u00e9s megt\u00f6rt\u00e9nt\u201c felirat, vegye ki a jegy\u00e9t.<\/li>\n\n\n\n<li style=\"margin-bottom:var(--wp--preset--spacing--20)\">Most lehet\u0151s\u00e9ge van bizonylatot k\u00e9rni. Egyszer\u0171en er\u0151s\u00edtse meg a <strong>z\u00f6ld pipa<\/strong>.<\/li>\n\n\n\n<li>Vedd ki a nyugt\u00e1t, \u00e9s ellen\u0151rizd, hogy a fizet\u00e9s <strong>sikeresen befejezett<\/strong> vagy esetleg megszakadt.<\/li>\n<\/ol>\n<\/div>\n\n\n\n<div class=\"wp-block-column is-layout-flow wp-block-column-is-layout-flow\">\n<figure style=\"padding-top:0;padding-right:var(--wp--preset--spacing--80);padding-bottom:0;padding-left:var(--wp--preset--spacing--80)\" class=\"wp-block-video\"><video height=\"1280\" style=\"aspect-ratio: 720 \/ 1280;\" width=\"720\" controls poster=\"https:\/\/mobilitaetszentrum-dasing.de\/wp-content\/uploads\/2026\/03\/Zahlung_de.jpg\" src=\"https:\/\/mobilitaetszentrum-dasing.de\/wp-content\/uploads\/2026\/03\/00_DE_Celine_Ticket-UTA-DKV_20260317.mp4\"><\/video><\/figure>\n<\/div>\n<\/div>\n<\/div>\n\n\n\n<div class=\"wp-block-group alignwide has-background-light-background-color has-background is-layout-flow wp-block-group-is-layout-flow\">\n<div class=\"wp-block-columns is-layout-flex wp-container-core-columns-is-layout-04fa3f86 wp-block-columns-is-layout-flex\">\n<div class=\"wp-block-column is-vertically-aligned-stretch is-layout-flow wp-block-column-is-layout-flow\" style=\"padding-right:0;padding-left:0\">\n<h2 class=\"wp-block-heading has-text-align-center\" style=\"padding-bottom:var(--wp--preset--spacing--40)\">\u00cdgy haszn\u00e1lja zuhanyz\u00f3inkat<\/h2>\n\n\n\n<ol style=\"padding-bottom:var(--wp--preset--spacing--40)\" class=\"wp-block-list\">\n<li style=\"margin-bottom:var(--wp--preset--spacing--20)\">\u00c1ll\u00edtsa be a <strong>Okostelefonod f\u00e9nyereje<\/strong> el\u0151sz\u00f6r a legmagasabb fokozatra.<\/li>\n\n\n\n<li style=\"margin-bottom:var(--wp--preset--spacing--20)\">H\u00edvja be Bosch vagy Turis QR-k\u00f3dj\u00e1t, \u00e9s <strong>nagy\u00edtsa ezt meg kiss\u00e9<\/strong>, de nem t\u00fal er\u0151s.<\/li>\n\n\n\n<li style=\"margin-bottom:var(--wp--preset--spacing--20)\">Fogja meg a k\u00e9sz\u00fcl\u00e9ket <strong>fels\u0151 ter\u00fclet<\/strong> annem.<\/li>\n\n\n\n<li style=\"margin-bottom:var(--wp--preset--spacing--20)\">Tartsa a QR-k\u00f3dot megfelel\u0151 sz\u00f6gben a <strong>Szkenner<\/strong>.<\/li>\n\n\n\n<li style=\"margin-bottom:var(--wp--preset--spacing--20)\">amint az ajt\u00f3 <strong>Hangot ad<\/strong>, akkor az ki van oldva. Most m\u00e1r kinyithatja \u00e9s haszn\u00e1lhatja a zuhanyz\u00f3kat.<\/li>\n<\/ol>\n<\/div>\n\n\n\n<div class=\"wp-block-column is-layout-flow wp-block-column-is-layout-flow\">\n<figure style=\"padding-top:0;padding-right:var(--wp--preset--spacing--80);padding-bottom:0;padding-left:var(--wp--preset--spacing--80)\" class=\"wp-block-video\"><video height=\"1280\" style=\"aspect-ratio: 720 \/ 1280;\" width=\"720\" controls poster=\"https:\/\/mobilitaetszentrum-dasing.de\/wp-content\/uploads\/2026\/03\/Dusche_de.jpg\" src=\"https:\/\/mobilitaetszentrum-dasing.de\/wp-content\/uploads\/2026\/03\/00_DEU_Celine_Duschen_QR-Code.mp4\"><\/video><\/figure>\n<\/div>\n<\/div>\n<\/div>\n<\/div>\n\n\n\n<p><\/p>","protected":false},"excerpt":{"rendered":"<p>Anleitungen So funktioniert die Bezahlung So benutzen Sie unsere Duschen Anleitungen So funktioniert die Bezahlung So benutzen Sie unsere Duschen<\/p>","protected":false},"author":2,"featured_media":0,"parent":1084,"menu_order":0,"comment_status":"closed","ping_status":"closed","template":"blank","meta":{"footnotes":""},"class_list":["post-1232","page","type-page","status-publish","hentry"],"_links":{"self":[{"href":"https:\/\/mobilitaetszentrum-dasing.de\/hu\/wp-json\/wp\/v2\/pages\/1232","targetHints":{"allow":["GET"]}}],"collection":[{"href":"https:\/\/mobilitaetszentrum-dasing.de\/hu\/wp-json\/wp\/v2\/pages"}],"about":[{"href":"https:\/\/mobilitaetszentrum-dasing.de\/hu\/wp-json\/wp\/v2\/types\/page"}],"author":[{"embeddable":true,"href":"https:\/\/mobilitaetszentrum-dasing.de\/hu\/wp-json\/wp\/v2\/users\/2"}],"replies":[{"embeddable":true,"href":"https:\/\/mobilitaetszentrum-dasing.de\/hu\/wp-json\/wp\/v2\/comments?post=1232"}],"version-history":[{"count":68,"href":"https:\/\/mobilitaetszentrum-dasing.de\/hu\/wp-json\/wp\/v2\/pages\/1232\/revisions"}],"predecessor-version":[{"id":1414,"href":"https:\/\/mobilitaetszentrum-dasing.de\/hu\/wp-json\/wp\/v2\/pages\/1232\/revisions\/1414"}],"up":[{"embeddable":true,"href":"https:\/\/mobilitaetszentrum-dasing.de\/hu\/wp-json\/wp\/v2\/pages\/1084"}],"wp:attachment":[{"href":"https:\/\/mobilitaetszentrum-dasing.de\/hu\/wp-json\/wp\/v2\/media?parent=1232"}],"curies":[{"name":"wp","href":"https:\/\/api.w.org\/{rel}","templated":true}]}}