{"id":45,"date":"2025-09-12T06:41:09","date_gmt":"2025-09-12T06:41:09","guid":{"rendered":"https:\/\/mobilitaetszentrum-dasing.de\/?page_id=45"},"modified":"2026-01-30T07:34:56","modified_gmt":"2026-01-30T07:34:56","slug":"impressum","status":"publish","type":"page","link":"https:\/\/mobilitaetszentrum-dasing.de\/en\/impressum\/","title":{"rendered":"Imprint"},"content":{"rendered":"<div class=\"wp-block-group is-layout-constrained wp-container-core-group-is-layout-7a3688e9 wp-block-group-is-layout-constrained\">\n<div style=\"height:130px\" aria-hidden=\"true\" class=\"wp-block-spacer show-mobile\"><\/div>\n\n\n\n<h1 class=\"wp-block-heading has-medium-large-font-size\">Imprint<\/h1>\n\n\n\n<p><strong>Car park operation (operational) on behalf of H\u00f6rmann-Reisen GmbH:<\/strong><br>33plus7 GmbH, Br\u00fcndlweg 6, 85301 Schweitenkirchen, Germany<br>Represented by: Sascha Pfannenschmidt<br>e-mail: <a href=\"mailto:info@33plus7gmbh.de\">info@33plus7gmbh.de<\/a><br>Register court: Ingolstadt Local Court - HRB 12196<br>VAT ID No.: DE452920232&nbsp;<\/p>\n\n\n\n<p><strong>Note:<\/strong>&nbsp;Contractual partners, invoicing and receipt of payment for parking services are handled by H\u00f6rmann-Reisen GmbH.&nbsp;<\/p>\n\n\n\n<p>Operating centre:<br>Dasing Mobility Centre<br><strong>H\u00f6rmann-Reisen GmbH<\/strong><br><a href=\"https:\/\/www.google.com\/maps\/place\/Mobilit%C3%A4tszentrum+Dasing\/@48.3941144,11.0693762,750m\/data=!3m2!1e3!4b1!4m6!3m5!1s0x479e910d6c3ae5eb:0x11274c4bd2bc35a3!8m2!3d48.3941144!4d11.0693762!16s%2Fg%2F11yk1sqbpj?entry=ttu&amp;g_ep=EgoyMDI1MDkxNy4wIKXMDSoASAFQAw%3D%3D\">An der Brandleiten 4<\/a><br><a href=\"https:\/\/www.google.com\/maps\/place\/Mobilit%C3%A4tszentrum+Dasing\/@48.3941144,11.0693762,750m\/data=!3m2!1e3!4b1!4m6!3m5!1s0x479e910d6c3ae5eb:0x11274c4bd2bc35a3!8m2!3d48.3941144!4d11.0693762!16s%2Fg%2F11yk1sqbpj?entry=ttu&amp;g_ep=EgoyMDI1MDkxNy4wIKXMDSoASAFQAw%3D%3D\" data-type=\"link\" data-id=\"https:\/\/www.google.com\/maps\/place\/Mobilit%C3%A4tszentrum+Dasing\/@48.3941144,11.0693762,750m\/data=!3m2!1e3!4b1!4m6!3m5!1s0x479e910d6c3ae5eb:0x11274c4bd2bc35a3!8m2!3d48.3941144!4d11.0693762!16s%2Fg%2F11yk1sqbpj?entry=ttu&amp;g_ep=EgoyMDI1MDkxNy4wIKXMDSoASAFQAw%3D%3D\">D - 86453 Dasing<\/a><\/p>\n\n\n\n<p><strong>H\u00f6rmann-Reisen GmbH<\/strong><br>Fuggerstrasse 16<br>D - 86150 Augsburg<\/p>\n\n\n\n<h2 class=\"wp-block-heading\">Contact us<\/h2>\n\n\n\n<figure class=\"wp-block-table\"><table class=\"has-fixed-layout\"><tbody><tr><td>Telephone:<\/td><td>+49 (0) 8205 50 116 50<\/td><\/tr><tr><td>Fax:<\/td><td>(0821) 345 00 70<\/td><\/tr><tr><td>e-mail:<\/td><td><a href=\"mailto:info@mobilitaetszentrum-dasing.de\">info@mobilitaetszentrum-dasing.de<\/a><\/td><\/tr><tr><td>Internet:<\/td><td><a href=\"https:\/\/mobilitaetszentrum-dasing.de\/en\/\" target=\"_blank\" rel=\"noreferrer noopener\">www.mobilitaetszentrum-dasing.de<\/a><br><a href=\"http:\/\/www.hoermann-reisen.de\/\" target=\"_blank\" rel=\"noreferrer noopener\">www.hoermann-reisen.de<\/a><br><a href=\"http:\/\/www.hoermann-skikurse.de\/\" target=\"_blank\" rel=\"noreferrer noopener\">www.hoermann-skikurse.de<\/a><br><a href=\"http:\/\/www.tui-reisecenter.de\/Augsburg1\/\" target=\"_blank\" rel=\"noreferrer noopener\">www.tui-reisecenter.de\/Augsburg1<\/a><\/td><\/tr><\/tbody><\/table><\/figure>\n\n\n\n<h2 class=\"wp-block-heading\">Register<\/h2>\n\n\n\n<figure class=\"wp-block-table\"><table class=\"has-fixed-layout\"><tbody><tr><td><strong>Register court:<\/strong><\/td><td>Augsburg Local Court, HRB 20190<\/td><\/tr><tr><td><strong>Supervisory authority (authorisation authority):<\/strong><\/td><td>Government of Swabia, Fronhof 10, 86152 Augsburg<\/td><\/tr><tr><td><strong>Managing Director:<\/strong><\/td><td>Xaver H\u00f6rmann, Philipp H\u00f6rmann<\/td><\/tr><tr><td><strong>Sales tax identification number according to \u00a7 27 a sales tax law:<\/strong><\/td><td>DE813836567<\/td><\/tr><tr><td><strong>Responsible for content <strong>according to<\/strong> <strong>\u00a7 Section 18 (2) MStV<\/strong>:<\/strong><\/td><td>Xaver H\u00f6rmann, Philipp H\u00f6rmann<\/td><\/tr><\/tbody><\/table><\/figure>\n\n\n\n<h3 class=\"wp-block-heading\">Whistleblower system<\/h3>\n\n\n\n<p><a href=\"https:\/\/www.hoermann-reisen.de\/ombudsstelle-hinweisgebersystem\/\">Here<\/a> you can contact our ombudsman's office and the whistleblower system in the event of suspected breaches of regulations at H\u00f6rmann-Reisen GmbH.<\/p>\n\n\n\n<h3 class=\"wp-block-heading\">Consumer dispute resolution<\/h3>\n\n\n\n<p>According to the Consumer Dispute Resolution Act, we are obliged to inform you that there are so-called arbitration bodies to which you can turn in the event of complaints, such as the Arbitration Centre for Public Passenger Transport (s\u00f6p), <a href=\"https:\/\/www.soep-online.de\/\" target=\"_blank\" rel=\"noreferrer noopener\">www.soep-online.de<\/a> or the General Consumer Arbitration Centre, <a href=\"https:\/\/www.verbraucher-schlichter.de\/\" target=\"_blank\" rel=\"noreferrer noopener\">www.verbraucher-schlichter.de<\/a>. We would also like to point out that we do not participate in dispute resolution proceedings before a consumer arbitration board.<\/p>\n\n\n\n<h3 class=\"wp-block-heading\">Data protection<\/h3>\n\n\n\n<p>All data collected on this website is processed in accordance with the provisions of the GDPR. Personal data will not be passed on to third parties without the express consent of the person concerned. By personal data, we mean information that can be used to determine your identity, such as your name, address or telephone number.<\/p>\n\n\n\n<h3 class=\"wp-block-heading\">Disclaimer<\/h3>\n\n\n\n<p>Despite careful checking of the content, we accept no liability for the content of external links. The operators of the linked pages are solely responsible for their content.<\/p>\n\n\n\n<h3 class=\"wp-block-heading\">Disclaimer<\/h3>\n\n\n\n<p>All photos, graphics, logos, texts, videos and all other components of this website are subject to the copyright of H\u00f6rmann-Reisen GmbH and are its property. Any further use of the material is not permitted without written authorisation. H\u00f6rmann-Reisen GmbH expressly points out that all information is provided without guarantee and any liability due to incorrect, incomplete or outdated information is excluded.<\/p>\n\n\n\n<h3 class=\"wp-block-heading\">insurance<\/h3>\n\n\n\n<p style=\"font-size:1rem\">If you have cause for complaint in connection with insurance brokerage, you can contact this out-of-court complaints and arbitration centre: <br>Versicherungsombudsmann e. V.<br>P.O. Box 080632<br>10006 Berlin<br>Phone: 0800 3696000<br>Fax: 0800 3699000<br>e-mail: <br><a href=\"mailto:beschwerde@versicherungsombudsmann.de\">beschwerde@versicherungsombudsmann.de<\/a><br>Homepage:<br><a href=\"http:\/\/www.versicherungsombudsmann.de\/\" target=\"_blank\" rel=\"noreferrer noopener\">www.versicherungsombudsmann.de<\/a><\/p>\n<\/div>\n\n\n\n<p><\/p>","protected":false},"excerpt":{"rendered":"<p>Impressum Parkplatzbetrieb (operativ) im Auftrag der H\u00f6rmann-Reisen GmbH:33plus7 GmbH, Br\u00fcndlweg 6, 85301 Schweitenkirchen, DeutschlandVertreten durch: Sascha PfannenschmidtE-Mail: info@33plus7gmbh.deRegistergericht: Amtsgericht Ingolstadt \u00b7 HRB 12196USt-IdNr.: DE452920232&nbsp; Hinweis:&nbsp;Vertragspartner, Abrechnung und Zahlungsempfang der Parkleistungen erfolgen \u00fcber die H\u00f6rmann-Reisen GmbH.&nbsp; Betriebsstelle:Mobilit\u00e4tszentrum DasingH\u00f6rmann-Reisen GmbHAn der Brandleiten 4D &#8211; 86453 Dasing H\u00f6rmann-Reisen GmbHFuggerstra\u00dfe 16D &#8211; 86150 Augsburg Kontakt Telefon: +49 (0) 8205 [&hellip;]<\/p>\n","protected":false},"author":1,"featured_media":0,"parent":0,"menu_order":0,"comment_status":"closed","ping_status":"closed","template":"blank","meta":{"footnotes":""},"class_list":["post-45","page","type-page","status-publish","hentry"],"_links":{"self":[{"href":"https:\/\/mobilitaetszentrum-dasing.de\/en\/wp-json\/wp\/v2\/pages\/45","targetHints":{"allow":["GET"]}}],"collection":[{"href":"https:\/\/mobilitaetszentrum-dasing.de\/en\/wp-json\/wp\/v2\/pages"}],"about":[{"href":"https:\/\/mobilitaetszentrum-dasing.de\/en\/wp-json\/wp\/v2\/types\/page"}],"author":[{"embeddable":true,"href":"https:\/\/mobilitaetszentrum-dasing.de\/en\/wp-json\/wp\/v2\/users\/1"}],"replies":[{"embeddable":true,"href":"https:\/\/mobilitaetszentrum-dasing.de\/en\/wp-json\/wp\/v2\/comments?post=45"}],"version-history":[{"count":23,"href":"https:\/\/mobilitaetszentrum-dasing.de\/en\/wp-json\/wp\/v2\/pages\/45\/revisions"}],"predecessor-version":[{"id":1078,"href":"https:\/\/mobilitaetszentrum-dasing.de\/en\/wp-json\/wp\/v2\/pages\/45\/revisions\/1078"}],"wp:attachment":[{"href":"https:\/\/mobilitaetszentrum-dasing.de\/en\/wp-json\/wp\/v2\/media?parent=45"}],"curies":[{"name":"wp","href":"https:\/\/api.w.org\/{rel}","templated":true}]}}