{"id":738,"date":"2025-10-17T09:00:06","date_gmt":"2025-10-17T09:00:06","guid":{"rendered":"https:\/\/mobilitaetszentrum-dasing.de\/?page_id=738"},"modified":"2025-12-29T11:20:44","modified_gmt":"2025-12-29T11:20:44","slug":"agb","status":"publish","type":"page","link":"https:\/\/mobilitaetszentrum-dasing.de\/cs\/agb\/","title":{"rendered":"GTC"},"content":{"rendered":"<div class=\"wp-block-group is-layout-constrained wp-container-core-group-is-layout-7a3688e9 wp-block-group-is-layout-constrained\">\n<div style=\"height:130px\" aria-hidden=\"true\" class=\"wp-block-spacer show-mobile\"><\/div>\n\n\n\n<h1 class=\"wp-block-heading has-medium-large-font-size\">V\u0161eobecn\u00e9 podm\u00ednky<\/h1>\n\n\n\n<p><strong>1. rozsah pou\u017eit\u00ed<\/strong><\/p>\n\n\n\n<p>Tyto podm\u00ednky pou\u017e\u00edv\u00e1n\u00ed upravuj\u00ed pou\u017e\u00edv\u00e1n\u00ed parkovac\u00edch ploch a hygienick\u00fdch za\u0159\u00edzen\u00ed Centra mobility Dasing, An der Brandleiten 4, 86453 Dasing. Provozovatelem centra je spole\u010dnost H\u00f6rmann-Reisen GmbH, Fuggerstra\u00dfe 16, 86150 Augsburg.<\/p>\n\n\n\n<p><strong>2. platnost p\u0159edpis\u016f o silni\u010dn\u00edm provozu<\/strong><\/p>\n\n\n\n<p>V cel\u00e9m are\u00e1lu plat\u00ed aktu\u00e1ln\u00ed zn\u011bn\u00ed n\u011bmeck\u00fdch pravidel silni\u010dn\u00edho provozu (StVO).<\/p>\n\n\n\n<p><strong>3. povolen\u00ed k vjezdu a parkov\u00e1n\u00ed<\/strong><\/p>\n\n\n\n<ul class=\"wp-block-list\">\n<li>P\u0159\u00edstup je mo\u017en\u00fd v\u00fdhradn\u011b p\u0159es z\u00e1vorov\u00fd syst\u00e9m.<\/li>\n\n\n\n<li>Pou\u017eit\u00ed je povoleno pouze v p\u0159\u00edpad\u011b, \u017ee byl zakoupen parkovac\u00ed l\u00edstek nebo byla provedena platn\u00e1 rezervace p\u0159edem prost\u0159ednictv\u00edm autorizovan\u00e9 rezerva\u010dn\u00ed aplikace.<\/li>\n\n\n\n<li>V\u00fdjezd je mo\u017en\u00fd pouze po \u0159\u00e1dn\u00e9m zaplacen\u00ed parkovn\u00e9ho.<\/li>\n\n\n\n<li>Provozovatel je opr\u00e1vn\u011bn nechat neopr\u00e1vn\u011bn\u011b zaparkovan\u00e1 vozidla odstranit na n\u00e1klady a riziko vlastn\u00edka.<\/li>\n<\/ul>\n\n\n\n<p><strong>4 Poplatky a zp\u016fsob platby<\/strong><\/p>\n\n\n\n<ul class=\"wp-block-list\">\n<li>Plat\u00ed tarify uveden\u00e9 na vstupn\u00edch automatech a v rezerva\u010dn\u00edch aplikac\u00edch.<\/li>\n\n\n\n<li>Poplatky za parkov\u00e1n\u00ed jsou n\u00e1sleduj\u00edc\u00ed <strong>p\u0159ed ukon\u010den\u00edm<\/strong> v automatu na j\u00edzdenky nebo prost\u0159ednictv\u00edm rezerva\u010dn\u00ed aplikace.<\/li>\n\n\n\n<li>P\u0159i rezervaci p\u0159edem prost\u0159ednictv\u00edm aplikace mus\u00ed b\u00fdt vozidlo jasn\u011b identifikovateln\u00e9 (nap\u0159. pomoc\u00ed rozpozn\u00e1n\u00ed registra\u010dn\u00ed zna\u010dky). V takov\u00e9m p\u0159\u00edpad\u011b se z\u00e1vora otev\u0159e automaticky.<\/li>\n\n\n\n<li>Pokud nen\u00ed registra\u010dn\u00ed zna\u010dka technicky rozpoznateln\u00e1 (nap\u0159. kv\u016fli zne\u010di\u0161t\u011bn\u00ed nebo sn\u011bhu), je \u0159idi\u010d povinen vz\u00edt si parkovac\u00ed l\u00edstek a zadat registra\u010dn\u00ed zna\u010dku na platebn\u00edm m\u00edst\u011b. Po \u00fasp\u011b\u0161n\u00e9m zad\u00e1n\u00ed SPZ bude \u0159idi\u010di umo\u017en\u011bn bezplatn\u00fd v\u00fdjezd z parkovi\u0161t\u011b v souladu s platnou p\u0159edb\u011b\u017enou rezervac\u00ed.<\/li>\n\n\n\n<li>Nezaplacen\u00e9 poplatky mohou b\u00fdt n\u00e1sledn\u011b \u00fa\u010dtov\u00e1ny a pr\u00e1vn\u011b vym\u00e1h\u00e1ny.<\/li>\n<\/ul>\n\n\n\n<p><strong>5 Videodohled a ochrana dat<\/strong><\/p>\n\n\n\n<ul class=\"wp-block-list\">\n<li>Are\u00e1l je z bezpe\u010dnostn\u00edch d\u016fvod\u016f, kv\u016fli kontrole p\u0159\u00edstupu a prosazov\u00e1n\u00ed domovsk\u00fdch pr\u00e1v monitorov\u00e1n videokamerami.<\/li>\n\n\n\n<li>Odpov\u011bdn\u00fd ve smyslu GDPR je <strong>H\u00f6rmann-Reisen GmbH, Fuggerstra\u00dfe 16, 86150 Augsburg<\/strong>.<\/li>\n\n\n\n<li>Pr\u00e1vn\u00edm z\u00e1kladem pro zpracov\u00e1n\u00ed je \u010dl. 6 odst. 1 p\u00edsm. f GDPR (opr\u00e1vn\u011bn\u00fd z\u00e1jem).<\/li>\n\n\n\n<li>Z\u00e1znamy se pou\u017e\u00edvaj\u00ed v\u00fdhradn\u011b k uveden\u00fdm \u00fa\u010del\u016fm a po uplynut\u00ed z\u00e1konem stanoven\u00fdch lh\u016ft se vyma\u017eou.<\/li>\n\n\n\n<li>Subjekty \u00fadaj\u016f maj\u00ed pr\u00e1vo na informace, opravu, v\u00fdmaz, omezen\u00ed zpracov\u00e1n\u00ed a na pod\u00e1n\u00ed st\u00ed\u017enosti u p\u0159\u00edslu\u0161n\u00e9ho dozorov\u00e9ho \u00fa\u0159adu pro ochranu \u00fadaj\u016f.<\/li>\n<\/ul>\n\n\n\n<p><strong>6 Povinnosti u\u017eivatel\u016f<\/strong><\/p>\n\n\n\n<ul class=\"wp-block-list\">\n<li>Vozidla mus\u00ed b\u00fdt \u0159\u00e1dn\u011b zaparkov\u00e1na na vyhrazen\u00fdch m\u00edstech.<\/li>\n\n\n\n<li>Zbyte\u010dn\u00fd chod motoru je zak\u00e1z\u00e1n.<\/li>\n\n\n\n<li>Ve\u0161ker\u00e9 odpadky nashrom\u00e1\u017ed\u011bn\u00e9 b\u011bhem pobytu m\u016f\u017eete vyhazovat pouze v b\u011b\u017en\u00e9m mno\u017estv\u00ed do odpadkov\u00fdch ko\u0161\u016f, kter\u00e9 jsou k dispozici.<\/li>\n<\/ul>\n\n\n\n<p><strong>7. pou\u017e\u00edv\u00e1n\u00ed WC a sprch<\/strong><\/p>\n\n\n\n<ul start=\"1\" class=\"wp-block-list\">\n<li>St\u00e1vaj\u00edc\u00ed toalety a sprchy jsou k dispozici pouze u\u017eivatel\u016fm parkovi\u0161t\u011b.<\/li>\n\n\n\n<li>Pou\u017eit\u00ed m\u016f\u017ee b\u00fdt zpoplatn\u011bno; plat\u00ed tarify uveden\u00e9 na m\u00edst\u011b.<\/li>\n\n\n\n<li>U\u017eivatel\u00e9 jsou povinni zach\u00e1zet se za\u0159\u00edzen\u00edm \u010dist\u011b a \u0161etrn\u011b.<\/li>\n\n\n\n<li>Provozovatel nenese \u017e\u00e1dnou odpov\u011bdnost za odlo\u017een\u00e9 p\u0159edm\u011bty nebo \u0161kody zp\u016fsoben\u00e9 nespr\u00e1vn\u00fdm pou\u017e\u00edv\u00e1n\u00edm.<\/li>\n\n\n\n<li>Provozovatel si vyhrazuje pr\u00e1vo do\u010dasn\u011b uzav\u0159\u00edt za\u0159\u00edzen\u00ed z provozn\u00edch d\u016fvod\u016f (nap\u0159. \u00faklid, \u00fadr\u017eba, vandalismus).<\/li>\n\n\n\n<li>Nespr\u00e1vn\u00e9 pou\u017eit\u00ed nebo hrub\u00e9 zne\u010di\u0161t\u011bn\u00ed m\u016f\u017ee v\u00e9st k trval\u00e9mu vylou\u010den\u00ed z pou\u017e\u00edv\u00e1n\u00ed a p\u0159\u00edpadn\u011b k n\u00e1rok\u016fm na n\u00e1hradu \u0161kody.<\/li>\n<\/ul>\n\n\n\n<p><strong>8. odpov\u011bdnost<\/strong><\/p>\n\n\n\n<ul class=\"wp-block-list\">\n<li>Parkovi\u0161t\u011b a soci\u00e1ln\u00ed za\u0159\u00edzen\u00ed pou\u017e\u00edv\u00e1te na vlastn\u00ed nebezpe\u010d\u00ed.<\/li>\n\n\n\n<li>Provozovatel nenese \u017e\u00e1dnou odpov\u011bdnost za po\u0161kozen\u00ed, ztr\u00e1tu nebo odcizen\u00ed vozidel, jejich obsahu nebo osobn\u00edch v\u011bc\u00ed.<\/li>\n\n\n\n<li>N\u00e1roky z odpov\u011bdnosti lze uplatnit pouze v p\u0159\u00edpad\u011b \u00famyslu nebo hrub\u00e9 nedbalosti ze strany provozovatele nebo jeho z\u00e1stupc\u016f.<\/li>\n<\/ul>\n\n\n\n<p><strong>9. domovsk\u00e1 pr\u00e1va<\/strong><\/p>\n\n\n\n<ul class=\"wp-block-list\">\n<li>Provozovatel vykon\u00e1v\u00e1 domovsk\u00e1 pr\u00e1va.<\/li>\n\n\n\n<li>Poru\u0161en\u00ed t\u011bchto VOP nebo StVO m\u016f\u017ee m\u00edt za n\u00e1sledek vyk\u00e1z\u00e1n\u00ed z are\u00e1lu, smluvn\u00ed pokuty nebo odebr\u00e1n\u00ed vozidla.<\/li>\n<\/ul>\n\n\n\n<p><strong>10. z\u00e1v\u011bre\u010dn\u00e1 ustanoven\u00ed<\/strong><\/p>\n\n\n\n<ul class=\"wp-block-list\">\n<li>V p\u0159\u00edpad\u011b neplatnosti jednotliv\u00fdch ustanoven\u00ed z\u016fst\u00e1v\u00e1 platnost ostatn\u00edch ustanoven\u00ed nedot\u010dena.<\/li>\n\n\n\n<li>Pou\u017eije se pr\u00e1vo Spolkov\u00e9 republiky N\u011bmecko.<\/li>\n<\/ul>\n\n\n\n<p><\/p>\n\n\n\n<p>Stav: 26\/09\/2025<\/p>\n\n\n\n<p><\/p>\n<\/div>","protected":false},"excerpt":{"rendered":"<p>Allgemeine Gesch\u00e4ftsbedingungen 1. Geltungsbereich Diese Nutzungsbedingungen regeln die Benutzung der Parkfl\u00e4chen sowie der sanit\u00e4ren Einrichtungen des Mobilit\u00e4tszentrums Dasing, An der Brandleiten 4, 86453 Dasing. Betreiber der Anlage ist die H\u00f6rmann-Reisen GmbH, Fuggerstra\u00dfe 16, 86150 Augsburg. 2. Geltung der Stra\u00dfenverkehrsordnung Auf dem gesamten Gel\u00e4nde gilt die Stra\u00dfenverkehrsordnung (StVO) in der jeweils g\u00fcltigen Fassung. 3. Zufahrt und [&hellip;]<\/p>\n","protected":false},"author":1,"featured_media":0,"parent":0,"menu_order":0,"comment_status":"closed","ping_status":"closed","template":"blank","meta":{"footnotes":""},"class_list":["post-738","page","type-page","status-publish","hentry"],"_links":{"self":[{"href":"https:\/\/mobilitaetszentrum-dasing.de\/cs\/wp-json\/wp\/v2\/pages\/738","targetHints":{"allow":["GET"]}}],"collection":[{"href":"https:\/\/mobilitaetszentrum-dasing.de\/cs\/wp-json\/wp\/v2\/pages"}],"about":[{"href":"https:\/\/mobilitaetszentrum-dasing.de\/cs\/wp-json\/wp\/v2\/types\/page"}],"author":[{"embeddable":true,"href":"https:\/\/mobilitaetszentrum-dasing.de\/cs\/wp-json\/wp\/v2\/users\/1"}],"replies":[{"embeddable":true,"href":"https:\/\/mobilitaetszentrum-dasing.de\/cs\/wp-json\/wp\/v2\/comments?post=738"}],"version-history":[{"count":16,"href":"https:\/\/mobilitaetszentrum-dasing.de\/cs\/wp-json\/wp\/v2\/pages\/738\/revisions"}],"predecessor-version":[{"id":1021,"href":"https:\/\/mobilitaetszentrum-dasing.de\/cs\/wp-json\/wp\/v2\/pages\/738\/revisions\/1021"}],"wp:attachment":[{"href":"https:\/\/mobilitaetszentrum-dasing.de\/cs\/wp-json\/wp\/v2\/media?parent=738"}],"curies":[{"name":"wp","href":"https:\/\/api.w.org\/{rel}","templated":true}]}}