{"id":45,"date":"2025-09-12T06:41:09","date_gmt":"2025-09-12T06:41:09","guid":{"rendered":"https:\/\/mobilitaetszentrum-dasing.de\/?page_id=45"},"modified":"2026-01-30T07:34:56","modified_gmt":"2026-01-30T07:34:56","slug":"impressum","status":"publish","type":"page","link":"https:\/\/mobilitaetszentrum-dasing.de\/cs\/impressum\/","title":{"rendered":"Otisk"},"content":{"rendered":"<div class=\"wp-block-group is-layout-constrained wp-container-core-group-is-layout-7a3688e9 wp-block-group-is-layout-constrained\">\n<div style=\"height:130px\" aria-hidden=\"true\" class=\"wp-block-spacer show-mobile\"><\/div>\n\n\n\n<h1 class=\"wp-block-heading has-medium-large-font-size\">Otisk<\/h1>\n\n\n\n<p><strong>Provoz parkovi\u0161t\u011b (provozn\u00ed) jm\u00e9nem spole\u010dnosti H\u00f6rmann-Reisen GmbH:<\/strong><br>33plus7 GmbH, Br\u00fcndlweg 6, 85301 Schweitenkirchen, N\u011bmecko<br>Zastoupen\u00e1: Sascha Pfannenschmidt<br>E-mail: <a href=\"mailto:info@33plus7gmbh.de\">info@33plus7gmbh.de<\/a><br>Rejst\u0159\u00edkov\u00fd soud: M\u00edstn\u00ed soud Ingolstadt - HRB 12196<br>DI\u010c: DE452920232&nbsp;<\/p>\n\n\n\n<p><strong>Pozn\u00e1mka:<\/strong>&nbsp;Smluvn\u00ed partnery, fakturaci a p\u0159\u00edjem plateb za parkovac\u00ed slu\u017eby zaji\u0161\u0165uje spole\u010dnost H\u00f6rmann-Reisen GmbH.&nbsp;<\/p>\n\n\n\n<p>Opera\u010dn\u00ed st\u0159edisko:<br>Centrum mobility Dasing<br><strong>H\u00f6rmann-Reisen GmbH<\/strong><br><a href=\"https:\/\/www.google.com\/maps\/place\/Mobilit%C3%A4tszentrum+Dasing\/@48.3941144,11.0693762,750m\/data=!3m2!1e3!4b1!4m6!3m5!1s0x479e910d6c3ae5eb:0x11274c4bd2bc35a3!8m2!3d48.3941144!4d11.0693762!16s%2Fg%2F11yk1sqbpj?entry=ttu&amp;g_ep=EgoyMDI1MDkxNy4wIKXMDSoASAFQAw%3D%3D\">An der Brandleiten 4<\/a><br><a href=\"https:\/\/www.google.com\/maps\/place\/Mobilit%C3%A4tszentrum+Dasing\/@48.3941144,11.0693762,750m\/data=!3m2!1e3!4b1!4m6!3m5!1s0x479e910d6c3ae5eb:0x11274c4bd2bc35a3!8m2!3d48.3941144!4d11.0693762!16s%2Fg%2F11yk1sqbpj?entry=ttu&amp;g_ep=EgoyMDI1MDkxNy4wIKXMDSoASAFQAw%3D%3D\" data-type=\"link\" data-id=\"https:\/\/www.google.com\/maps\/place\/Mobilit%C3%A4tszentrum+Dasing\/@48.3941144,11.0693762,750m\/data=!3m2!1e3!4b1!4m6!3m5!1s0x479e910d6c3ae5eb:0x11274c4bd2bc35a3!8m2!3d48.3941144!4d11.0693762!16s%2Fg%2F11yk1sqbpj?entry=ttu&amp;g_ep=EgoyMDI1MDkxNy4wIKXMDSoASAFQAw%3D%3D\">D - 86453 Dasing<\/a><\/p>\n\n\n\n<p><strong>H\u00f6rmann-Reisen GmbH<\/strong><br>Fuggerstrasse 16<br>D - 86150 Augsburg<\/p>\n\n\n\n<h2 class=\"wp-block-heading\">Kontaktujte n\u00e1s<\/h2>\n\n\n\n<figure class=\"wp-block-table\"><table class=\"has-fixed-layout\"><tbody><tr><td>Telefon:<\/td><td>+49 (0) 8205 50 116 50<\/td><\/tr><tr><td>Fax:<\/td><td>(0821) 345 00 70<\/td><\/tr><tr><td>E-mail:<\/td><td><a href=\"mailto:info@mobilitaetszentrum-dasing.de\">info@mobilitaetszentrum-dasing.de<\/a><\/td><\/tr><tr><td>Internet:<\/td><td><a href=\"https:\/\/mobilitaetszentrum-dasing.de\/cs\/\" target=\"_blank\" rel=\"noreferrer noopener\">www.mobilitaetszentrum-dasing.de<\/a><br><a href=\"http:\/\/www.hoermann-reisen.de\/\" target=\"_blank\" rel=\"noreferrer noopener\">www.hoermann-reisen.de<\/a><br><a href=\"http:\/\/www.hoermann-skikurse.de\/\" target=\"_blank\" rel=\"noreferrer noopener\">www.hoermann-skikurse.de<\/a><br><a href=\"http:\/\/www.tui-reisecenter.de\/Augsburg1\/\" target=\"_blank\" rel=\"noreferrer noopener\">www.tui-reisecenter.de\/Augsburg1<\/a><\/td><\/tr><\/tbody><\/table><\/figure>\n\n\n\n<h2 class=\"wp-block-heading\">Registrace<\/h2>\n\n\n\n<figure class=\"wp-block-table\"><table class=\"has-fixed-layout\"><tbody><tr><td><strong>Registra\u010dn\u00ed soud:<\/strong><\/td><td>M\u00edstn\u00ed soud v Augsburgu, HRB 20190<\/td><\/tr><tr><td><strong>Dozorov\u00fd org\u00e1n (povolovac\u00ed org\u00e1n):<\/strong><\/td><td>\u0160v\u00e1bsk\u00e1 vl\u00e1da, Fronhof 10, 86152 Augsburg<\/td><\/tr><tr><td><strong>V\u00fdkonn\u00fd \u0159editel:<\/strong><\/td><td>Xaver H\u00f6rmann, Philipp H\u00f6rmann<\/td><\/tr><tr><td><strong>Identifika\u010dn\u00ed \u010d\u00edslo pro da\u0148 z obratu podle \u00a7 27a z\u00e1kona o dani z obratu:<\/strong><\/td><td>DE813836567<\/td><\/tr><tr><td><strong>Odpov\u011bdnost za obsah <strong>podle<\/strong> <strong>\u00a7 18 odst. 2 MStV<\/strong>:<\/strong><\/td><td>Xaver H\u00f6rmann, Philipp H\u00f6rmann<\/td><\/tr><\/tbody><\/table><\/figure>\n\n\n\n<h3 class=\"wp-block-heading\">Syst\u00e9m whistleblower\u016f<\/h3>\n\n\n\n<p><a href=\"https:\/\/www.hoermann-reisen.de\/ombudsstelle-hinweisgebersystem\/\">Zde<\/a> v p\u0159\u00edpad\u011b podez\u0159en\u00ed na poru\u0161en\u00ed p\u0159edpis\u016f ve spole\u010dnosti H\u00f6rmann-Reisen GmbH se m\u016f\u017eete obr\u00e1tit na na\u0161i kancel\u00e1\u0159 ombudsmana a na syst\u00e9m oznamovatel\u016f.<\/p>\n\n\n\n<h3 class=\"wp-block-heading\">\u0158e\u0161en\u00ed spot\u0159ebitelsk\u00fdch spor\u016f<\/h3>\n\n\n\n<p>Podle z\u00e1kona o \u0159e\u0161en\u00ed spot\u0159ebitelsk\u00fdch spor\u016f jsme povinni v\u00e1s informovat o tom, \u017ee existuj\u00ed tzv. rozhod\u010d\u00ed org\u00e1ny, na kter\u00e9 se m\u016f\u017eete v p\u0159\u00edpad\u011b st\u00ed\u017enost\u00ed obr\u00e1tit, jako je nap\u0159\u00edklad Rozhod\u010d\u00ed centrum pro ve\u0159ejnou osobn\u00ed dopravu (s\u00f6p), <a href=\"https:\/\/www.soep-online.de\/\" target=\"_blank\" rel=\"noreferrer noopener\">www.soep-online.de<\/a> nebo V\u0161eobecn\u00e9 spot\u0159ebitelsk\u00e9 arbitr\u00e1\u017en\u00ed centrum, <a href=\"https:\/\/www.verbraucher-schlichter.de\/\" target=\"_blank\" rel=\"noreferrer noopener\">www.verbraucher-schlichter.de<\/a>. R\u00e1di bychom tak\u00e9 upozornili, \u017ee se ne\u00fa\u010dastn\u00edme \u0159\u00edzen\u00ed o \u0159e\u0161en\u00ed spor\u016f p\u0159ed spot\u0159ebitelskou rozhod\u010d\u00ed komis\u00ed.<\/p>\n\n\n\n<h3 class=\"wp-block-heading\">Ochrana \u00fadaj\u016f<\/h3>\n\n\n\n<p>Ve\u0161ker\u00e9 \u00fadaje shrom\u00e1\u017ed\u011bn\u00e9 na t\u011bchto webov\u00fdch str\u00e1nk\u00e1ch jsou zpracov\u00e1v\u00e1ny v souladu s ustanoven\u00edmi GDPR. Osobn\u00ed \u00fadaje nebudou p\u0159ed\u00e1v\u00e1ny t\u0159et\u00edm stran\u00e1m bez v\u00fdslovn\u00e9ho souhlasu dot\u010den\u00e9 osoby. Osobn\u00edmi \u00fadaji rozum\u00edme informace, kter\u00e9 lze pou\u017e\u00edt k ur\u010den\u00ed va\u0161\u00ed toto\u017enosti, jako je va\u0161e jm\u00e9no, adresa nebo telefonn\u00ed \u010d\u00edslo.<\/p>\n\n\n\n<h3 class=\"wp-block-heading\">Odm\u00edtnut\u00ed odpov\u011bdnosti<\/h3>\n\n\n\n<p>I p\u0159es pe\u010dlivou kontrolu obsahu nep\u0159eb\u00edr\u00e1me \u017e\u00e1dnou odpov\u011bdnost za obsah extern\u00edch odkaz\u016f. Za obsah odkazovan\u00fdch str\u00e1nek odpov\u00eddaj\u00ed v\u00fdhradn\u011b jejich provozovatel\u00e9.<\/p>\n\n\n\n<h3 class=\"wp-block-heading\">Odm\u00edtnut\u00ed odpov\u011bdnosti<\/h3>\n\n\n\n<p>V\u0161echny fotografie, grafika, loga, texty, videa a v\u0161echny ostatn\u00ed sou\u010d\u00e1sti t\u011bchto webov\u00fdch str\u00e1nek podl\u00e9haj\u00ed autorsk\u00fdm pr\u00e1v\u016fm spole\u010dnosti H\u00f6rmann-Reisen GmbH a jsou jej\u00edm majetkem. Jak\u00e9koli dal\u0161\u00ed pou\u017eit\u00ed materi\u00e1lu nen\u00ed bez p\u00edsemn\u00e9ho povolen\u00ed povoleno. Spole\u010dnost H\u00f6rmann-Reisen GmbH v\u00fdslovn\u011b upozor\u0148uje, \u017ee ve\u0161ker\u00e9 informace jsou poskytov\u00e1ny bez z\u00e1ruky a jak\u00e1koli odpov\u011bdnost z d\u016fvodu nespr\u00e1vn\u00fdch, ne\u00fapln\u00fdch nebo neaktu\u00e1ln\u00edch informac\u00ed je vylou\u010dena.<\/p>\n\n\n\n<h3 class=\"wp-block-heading\">Poji\u0161t\u011bn\u00ed<\/h3>\n\n\n\n<p style=\"font-size:1rem\">Pokud m\u00e1te d\u016fvod ke st\u00ed\u017enosti v souvislosti se zprost\u0159edkov\u00e1n\u00edm poji\u0161t\u011bn\u00ed, m\u016f\u017eete se obr\u00e1tit na toto mimosoudn\u00ed centrum pro st\u00ed\u017enosti a rozhod\u010d\u00ed \u0159\u00edzen\u00ed: <br>Versicherungsombudsmann e. V.<br>P.O. Box 080632<br>10006 Berl\u00edn<br>Telefon: 0800 3696000<br>Fax: 0800 3699000<br>E-mail: <br><a href=\"mailto:beschwerde@versicherungsombudsmann.de\">beschwerde@versicherungsombudsmann.de<\/a><br>Domovsk\u00e1 str\u00e1nka:<br><a href=\"http:\/\/www.versicherungsombudsmann.de\/\" target=\"_blank\" rel=\"noreferrer noopener\">www.versicherungsombudsmann.de<\/a><\/p>\n<\/div>\n\n\n\n<p><\/p>","protected":false},"excerpt":{"rendered":"<p>Impressum Parkplatzbetrieb (operativ) im Auftrag der H\u00f6rmann-Reisen GmbH:33plus7 GmbH, Br\u00fcndlweg 6, 85301 Schweitenkirchen, DeutschlandVertreten durch: Sascha PfannenschmidtE-Mail: info@33plus7gmbh.deRegistergericht: Amtsgericht Ingolstadt \u00b7 HRB 12196USt-IdNr.: DE452920232&nbsp; Hinweis:&nbsp;Vertragspartner, Abrechnung und Zahlungsempfang der Parkleistungen erfolgen \u00fcber die H\u00f6rmann-Reisen GmbH.&nbsp; Betriebsstelle:Mobilit\u00e4tszentrum DasingH\u00f6rmann-Reisen GmbHAn der Brandleiten 4D &#8211; 86453 Dasing H\u00f6rmann-Reisen GmbHFuggerstra\u00dfe 16D &#8211; 86150 Augsburg Kontakt Telefon: +49 (0) 8205 [&hellip;]<\/p>\n","protected":false},"author":1,"featured_media":0,"parent":0,"menu_order":0,"comment_status":"closed","ping_status":"closed","template":"blank","meta":{"footnotes":""},"class_list":["post-45","page","type-page","status-publish","hentry"],"_links":{"self":[{"href":"https:\/\/mobilitaetszentrum-dasing.de\/cs\/wp-json\/wp\/v2\/pages\/45","targetHints":{"allow":["GET"]}}],"collection":[{"href":"https:\/\/mobilitaetszentrum-dasing.de\/cs\/wp-json\/wp\/v2\/pages"}],"about":[{"href":"https:\/\/mobilitaetszentrum-dasing.de\/cs\/wp-json\/wp\/v2\/types\/page"}],"author":[{"embeddable":true,"href":"https:\/\/mobilitaetszentrum-dasing.de\/cs\/wp-json\/wp\/v2\/users\/1"}],"replies":[{"embeddable":true,"href":"https:\/\/mobilitaetszentrum-dasing.de\/cs\/wp-json\/wp\/v2\/comments?post=45"}],"version-history":[{"count":23,"href":"https:\/\/mobilitaetszentrum-dasing.de\/cs\/wp-json\/wp\/v2\/pages\/45\/revisions"}],"predecessor-version":[{"id":1078,"href":"https:\/\/mobilitaetszentrum-dasing.de\/cs\/wp-json\/wp\/v2\/pages\/45\/revisions\/1078"}],"wp:attachment":[{"href":"https:\/\/mobilitaetszentrum-dasing.de\/cs\/wp-json\/wp\/v2\/media?parent=45"}],"curies":[{"name":"wp","href":"https:\/\/api.w.org\/{rel}","templated":true}]}}