{"id":1344,"date":"2026-03-25T15:21:04","date_gmt":"2026-03-25T15:21:04","guid":{"rendered":"https:\/\/mobilitaetszentrum-dasing.de\/?page_id=1344"},"modified":"2026-03-25T15:22:40","modified_gmt":"2026-03-25T15:22:40","slug":"duschen-2","status":"publish","type":"page","link":"https:\/\/mobilitaetszentrum-dasing.de\/cs\/anleitungen\/de\/duschen-2\/","title":{"rendered":"Duschen"},"content":{"rendered":"<p><\/p>\n\n\n\n<div class=\"wp-block-group show-mobile hide-tablet is-layout-constrained wp-block-group-is-layout-constrained\">\n<div style=\"height:130px\" aria-hidden=\"true\" class=\"wp-block-spacer\"><\/div>\n\n\n\n<h3 class=\"wp-block-heading has-text-align-center\" id=\"bezahlung\" style=\"margin-top:0px;padding-top:0px\">Takto funguje platba<\/h3>\n\n\n\n<figure class=\"wp-block-video show-mobile\" style=\"margin-top:0;margin-bottom:0;padding-top:var(--wp--preset--spacing--30);padding-right:var(--wp--preset--spacing--80);padding-bottom:0;padding-left:var(--wp--preset--spacing--80)\"><video height=\"1280\" style=\"aspect-ratio: 720 \/ 1280;\" width=\"720\" controls poster=\"https:\/\/mobilitaetszentrum-dasing.de\/wp-content\/uploads\/2026\/03\/Bezahlung_DE.png\" src=\"https:\/\/mobilitaetszentrum-dasing.de\/wp-content\/uploads\/2026\/03\/00_DE_Celine_Ticket-UTA-DKV_20260317.mp4\" playsinline><\/video><\/figure>\n\n\n\n<ol style=\"padding-top:var(--wp--preset--spacing--20);padding-bottom:var(--wp--preset--spacing--40)\" class=\"wp-block-list\">\n<li style=\"margin-bottom:var(--wp--preset--spacing--20)\">Nejd\u0159\u00edve si posu\u0148te sv\u016fj <strong>J\u00edzdenka<\/strong> do automat\u016f.<\/li>\n\n\n\n<li style=\"margin-bottom:var(--wp--preset--spacing--20)\">Pot\u00e9 vlo\u017ete tak\u00e9 svou kartu do p\u0159\u00edstroje.<\/li>\n\n\n\n<li style=\"margin-bottom:var(--wp--preset--spacing--20)\">Vyjm\u011bte kartu, jakmile budete vyzv\u00e1ni.<\/li>\n\n\n\n<li style=\"margin-bottom:var(--wp--preset--spacing--20)\">Zadejte pros\u00edm aktu\u00e1ln\u00ed <strong>Stav tachometru<\/strong> a va\u0161e <strong>PIN<\/strong> na za\u0159\u00edzen\u00ed.<\/li>\n\n\n\n<li style=\"margin-bottom:var(--wp--preset--spacing--20)\">Jakmile se zobraz\u00ed zpr\u00e1va \u201ePlatba provedena\u201c, vyjm\u011bte si pros\u00edm j\u00edzdenku.<\/li>\n\n\n\n<li style=\"margin-bottom:var(--wp--preset--spacing--20)\">Nyn\u00ed m\u00e1te mo\u017enost nechat si vytisknout \u00fa\u010dtenku. Potvr\u010fte to jednodu\u0161e pomoc\u00ed <strong>zelen\u00e1 fajfka<\/strong>.<\/li>\n\n\n\n<li>Vezm\u011bte \u00fa\u010dtenku a zkontrolujte, zda platba <strong>\u00fasp\u011b\u0161n\u011b dokon\u010den<\/strong> nebo p\u0159\u00edpadn\u011b p\u0159eru\u0161en.<\/li>\n<\/ol>\n\n\n\n<h3 class=\"wp-block-heading has-text-align-center\" id=\"duschen\" style=\"padding-top:150px;padding-bottom:var(--wp--preset--spacing--20)\">Jak pou\u017e\u00edvat na\u0161e sprchy<\/h3>\n\n\n\n<figure class=\"wp-block-video show-mobile\" style=\"margin-top:0;margin-bottom:0;padding-top:var(--wp--preset--spacing--30);padding-right:var(--wp--preset--spacing--80);padding-bottom:0;padding-left:var(--wp--preset--spacing--80)\"><video height=\"1280\" style=\"aspect-ratio: 720 \/ 1280;\" width=\"720\" controls poster=\"https:\/\/mobilitaetszentrum-dasing.de\/wp-content\/uploads\/2026\/03\/Dusche_DE.png\" src=\"https:\/\/mobilitaetszentrum-dasing.de\/wp-content\/uploads\/2026\/03\/00_DEU_Celine_Duschen_QR-Code.mp4\" playsinline><\/video><\/figure>\n\n\n\n<ol style=\"padding-top:var(--wp--preset--spacing--20);padding-bottom:var(--wp--preset--spacing--40)\" class=\"wp-block-list\">\n<li style=\"margin-bottom:var(--wp--preset--spacing--20)\">Nejd\u0159\u00edve si posu\u0148te sv\u016fj <strong>J\u00edzdenka<\/strong> do automat\u016f.<\/li>\n\n\n\n<li style=\"margin-bottom:var(--wp--preset--spacing--20)\">Pot\u00e9 vlo\u017ete tak\u00e9 svou kartu do p\u0159\u00edstroje.<\/li>\n\n\n\n<li style=\"margin-bottom:var(--wp--preset--spacing--20)\">Vyjm\u011bte kartu, jakmile budete vyzv\u00e1ni.<\/li>\n\n\n\n<li style=\"margin-bottom:var(--wp--preset--spacing--20)\">Zadejte pros\u00edm aktu\u00e1ln\u00ed <strong>Stav tachometru<\/strong> a va\u0161e <strong>PIN<\/strong> na za\u0159\u00edzen\u00ed.<\/li>\n\n\n\n<li style=\"margin-bottom:var(--wp--preset--spacing--20)\">Jakmile se zobraz\u00ed zpr\u00e1va \u201ePlatba provedena\u201c, vyjm\u011bte si pros\u00edm j\u00edzdenku.<\/li>\n\n\n\n<li style=\"margin-bottom:var(--wp--preset--spacing--20)\">Nyn\u00ed m\u00e1te mo\u017enost nechat si vytisknout \u00fa\u010dtenku. Potvr\u010fte to jednodu\u0161e pomoc\u00ed <strong>zelen\u00e1 fajfka<\/strong>.<\/li>\n\n\n\n<li>Vezm\u011bte \u00fa\u010dtenku a zkontrolujte, zda platba <strong>\u00fasp\u011b\u0161n\u011b dokon\u010den<\/strong> nebo p\u0159\u00edpadn\u011b p\u0159eru\u0161en.<\/li>\n<\/ol>\n<\/div>","protected":false},"excerpt":{"rendered":"<p>So funktioniert die Bezahlung So benutzen Sie unsere Duschen<\/p>","protected":false},"author":2,"featured_media":0,"parent":1232,"menu_order":0,"comment_status":"closed","ping_status":"closed","template":"blank","meta":{"footnotes":""},"class_list":["post-1344","page","type-page","status-publish","hentry"],"_links":{"self":[{"href":"https:\/\/mobilitaetszentrum-dasing.de\/cs\/wp-json\/wp\/v2\/pages\/1344","targetHints":{"allow":["GET"]}}],"collection":[{"href":"https:\/\/mobilitaetszentrum-dasing.de\/cs\/wp-json\/wp\/v2\/pages"}],"about":[{"href":"https:\/\/mobilitaetszentrum-dasing.de\/cs\/wp-json\/wp\/v2\/types\/page"}],"author":[{"embeddable":true,"href":"https:\/\/mobilitaetszentrum-dasing.de\/cs\/wp-json\/wp\/v2\/users\/2"}],"replies":[{"embeddable":true,"href":"https:\/\/mobilitaetszentrum-dasing.de\/cs\/wp-json\/wp\/v2\/comments?post=1344"}],"version-history":[{"count":3,"href":"https:\/\/mobilitaetszentrum-dasing.de\/cs\/wp-json\/wp\/v2\/pages\/1344\/revisions"}],"predecessor-version":[{"id":1347,"href":"https:\/\/mobilitaetszentrum-dasing.de\/cs\/wp-json\/wp\/v2\/pages\/1344\/revisions\/1347"}],"up":[{"embeddable":true,"href":"https:\/\/mobilitaetszentrum-dasing.de\/cs\/wp-json\/wp\/v2\/pages\/1232"}],"wp:attachment":[{"href":"https:\/\/mobilitaetszentrum-dasing.de\/cs\/wp-json\/wp\/v2\/media?parent=1344"}],"curies":[{"name":"wp","href":"https:\/\/api.w.org\/{rel}","templated":true}]}}