{"id":1082,"date":"2026-03-11T09:56:26","date_gmt":"2026-03-11T09:56:26","guid":{"rendered":"https:\/\/mobilitaetszentrum-dasing.de\/?page_id=1082"},"modified":"2026-03-31T08:51:49","modified_gmt":"2026-03-31T08:51:49","slug":"rabatte","status":"publish","type":"page","link":"https:\/\/mobilitaetszentrum-dasing.de\/cs\/rabatte\/","title":{"rendered":"V\u0161echny slevy a akce"},"content":{"rendered":"<div style=\"height:130px\" aria-hidden=\"true\" class=\"wp-block-spacer show-mobile\"><\/div>\n\n\n\n<figure class=\"wp-block-image aligncenter size-large\"><img loading=\"lazy\" decoding=\"async\" width=\"1024\" height=\"881\" src=\"https:\/\/mobilitaetszentrum-dasing.de\/wp-content\/uploads\/2026\/03\/Karte-mit-Wegbeschreibung_neu-1024x881.jpg\" alt=\"\" class=\"wp-image-1362\" srcset=\"https:\/\/mobilitaetszentrum-dasing.de\/wp-content\/uploads\/2026\/03\/Karte-mit-Wegbeschreibung_neu-1024x881.jpg 1024w, https:\/\/mobilitaetszentrum-dasing.de\/wp-content\/uploads\/2026\/03\/Karte-mit-Wegbeschreibung_neu-300x258.jpg 300w, https:\/\/mobilitaetszentrum-dasing.de\/wp-content\/uploads\/2026\/03\/Karte-mit-Wegbeschreibung_neu-768x660.jpg 768w, https:\/\/mobilitaetszentrum-dasing.de\/wp-content\/uploads\/2026\/03\/Karte-mit-Wegbeschreibung_neu-14x12.jpg 14w, https:\/\/mobilitaetszentrum-dasing.de\/wp-content\/uploads\/2026\/03\/Karte-mit-Wegbeschreibung_neu-1170x1006.jpg 1170w, https:\/\/mobilitaetszentrum-dasing.de\/wp-content\/uploads\/2026\/03\/Karte-mit-Wegbeschreibung_neu.jpg 1271w\" sizes=\"auto, (max-width: 1024px) 100vw, 1024px\" \/><\/figure>\n\n\n\n<div class=\"wp-block-group is-vertical is-content-justification-center is-layout-flex wp-container-core-group-is-layout-ce155fab wp-block-group-is-layout-flex\">\n<h2 class=\"wp-block-heading has-text-align-center\">V\u0161echny slevy a akce na parkov\u00e1n\u00ed n\u00e1kladn\u00edch vozidel v Dasing Mobility Center<\/h2>\n<\/div>\n\n\n\n<ul class=\"wp-block-list show-mobile\">\n<li style=\"margin-right:var(--wp--preset--spacing--50);margin-left:var(--wp--preset--spacing--50)\"><strong>10% sleva v gastronomii v <a href=\"https:\/\/maps.app.goo.gl\/RLfv8u3RdwJkTmRy5\" target=\"_blank\" rel=\"noreferrer noopener\">Farm\u00e1\u0159sk\u00fd trh Dasing <\/a><\/strong>(krom\u011b nab\u00eddek a akc\u00ed, grilovac\u00edho a sn\u00edda\u0148ov\u00e9ho bufetu) <br><br><\/li>\n\n\n\n<li style=\"margin-right:var(--wp--preset--spacing--50);margin-left:var(--wp--preset--spacing--50)\"><strong>3% Sleva na uzeniny, \u0159eznick\u00e9 a s\u00fdrov\u00e9 v\u00fdrobky v <a href=\"https:\/\/maps.app.goo.gl\/RLfv8u3RdwJkTmRy5\" target=\"_blank\" rel=\"noreferrer noopener\">Farm\u00e1\u0159sk\u00fd trh Dasing <\/a><\/strong>(krom\u011b st\u00e1vaj\u00edc\u00edch akc\u00ed)<br><br><\/li>\n\n\n\n<li style=\"margin-right:var(--wp--preset--spacing--50);margin-left:var(--wp--preset--spacing--50)\"><strong>10 % sleva na n\u00e1poje a j\u00eddlo v <a href=\"https:\/\/maps.app.goo.gl\/ChsZrQEpTu4x6bPG9\" target=\"_blank\" rel=\"noreferrer noopener\">Restaurace Pizzerie Da Luigi<\/a><\/strong><\/li>\n<\/ul>\n\n\n\n<p class=\"has-text-align-center\"><strong>10% sleva v gastronomii v <a href=\"https:\/\/maps.app.goo.gl\/RLfv8u3RdwJkTmRy5\" target=\"_blank\" rel=\"noreferrer noopener\">Farm\u00e1\u0159sk\u00fd trh Dasing <\/a><\/strong>(krom\u011b nab\u00eddek a akc\u00ed, grilovac\u00edho a sn\u00edda\u0148ov\u00e9ho bufetu) <br><br><\/p>\n\n\n\n<p class=\"has-text-align-center\"><strong>3% Sleva na uzeniny, \u0159eznick\u00e9 a s\u00fdrov\u00e9 v\u00fdrobky v <a href=\"https:\/\/maps.app.goo.gl\/RLfv8u3RdwJkTmRy5\" target=\"_blank\" rel=\"noreferrer noopener\">Farm\u00e1\u0159sk\u00fd trh Dasing <\/a><\/strong>(krom\u011b st\u00e1vaj\u00edc\u00edch akc\u00ed)<br><br><\/p>\n\n\n\n<p class=\"has-text-align-center\"><strong>10 % sleva na n\u00e1poje a j\u00eddlo v <a href=\"https:\/\/maps.app.goo.gl\/ChsZrQEpTu4x6bPG9\" target=\"_blank\" rel=\"noreferrer noopener\">Restaurace Pizzerie Da Luigi<\/a><\/strong><\/p>\n\n\n\n<h3 class=\"wp-block-heading has-text-align-center\" style=\"margin-top:var(--wp--preset--spacing--80)\"><strong>Za\u0159\u00edzen\u00ed v okol\u00ed<\/strong><\/h3>\n\n\n\n<p class=\"has-text-align-center\" style=\"padding-bottom:var(--wp--preset--spacing--50)\">V\u0161e, co pot\u0159ebujete \u2013 na dosah n\u011bkolika minut ch\u016fze.<\/p>\n\n\n\n<div class=\"wp-block-group is-layout-constrained wp-container-core-group-is-layout-3d2ab874 wp-block-group-is-layout-constrained\" style=\"margin-top:0px;padding-top:0;padding-right:var(--wp--preset--spacing--50);padding-bottom:0;padding-left:var(--wp--preset--spacing--50)\">\n<div class=\"wp-block-columns is-layout-flex wp-container-core-columns-is-layout-28f84493 wp-block-columns-is-layout-flex\">\n<div class=\"wp-block-column is-layout-flow wp-block-column-is-layout-flow\">\n<div class=\"wp-block-group has-border-color has-stroke-border-color is-layout-constrained wp-container-core-group-is-layout-6a773645 wp-block-group-is-layout-constrained\" style=\"border-width:1px;border-radius:5px;padding-top:56px;padding-right:48px;padding-bottom:56px;padding-left:48px\">\n<figure class=\"wp-block-image size-full is-resized\"><img loading=\"lazy\" decoding=\"async\" width=\"334\" height=\"226\" src=\"https:\/\/mobilitaetszentrum-dasing.de\/wp-content\/uploads\/2026\/03\/Restaurant-Icons_07_mit-10.jpg\" alt=\"\" class=\"wp-image-1363\" style=\"object-fit:contain;width:100px;height:50px\" srcset=\"https:\/\/mobilitaetszentrum-dasing.de\/wp-content\/uploads\/2026\/03\/Restaurant-Icons_07_mit-10.jpg 334w, https:\/\/mobilitaetszentrum-dasing.de\/wp-content\/uploads\/2026\/03\/Restaurant-Icons_07_mit-10-300x203.jpg 300w, https:\/\/mobilitaetszentrum-dasing.de\/wp-content\/uploads\/2026\/03\/Restaurant-Icons_07_mit-10-18x12.jpg 18w\" sizes=\"auto, (max-width: 334px) 100vw, 334px\" \/><\/figure>\n\n\n\n<h3 class=\"wp-block-heading\" style=\"font-size:1.25rem\">Restaurace<\/h3>\n\n\n\n<p><strong>Farm\u00e1\u0159sk\u00fd trh <\/strong>\u2013 3 minuty ch\u016fze<\/p>\n\n\n\n<div class=\"wp-block-buttons is-layout-flex wp-block-buttons-is-layout-flex\">\n<div class=\"wp-block-button is-style-ona-button-arrow-icon\"><a class=\"wp-block-button__link has-background wp-element-button\" href=\"https:\/\/maps.app.goo.gl\/RLfv8u3RdwJkTmRy5\" style=\"background-color:#213a8f\" target=\"_blank\" rel=\"noreferrer noopener\">do Map Google <\/a><\/div>\n<\/div>\n<\/div>\n<\/div>\n\n\n\n<div class=\"wp-block-column is-layout-flow wp-block-column-is-layout-flow\">\n<div class=\"wp-block-group has-border-color has-stroke-border-color is-layout-constrained wp-container-core-group-is-layout-6a773645 wp-block-group-is-layout-constrained\" style=\"border-width:1px;border-radius:5px;padding-top:56px;padding-right:48px;padding-bottom:56px;padding-left:48px\">\n<figure class=\"wp-block-image size-full is-resized\"><img loading=\"lazy\" decoding=\"async\" width=\"227\" height=\"226\" src=\"https:\/\/mobilitaetszentrum-dasing.de\/wp-content\/uploads\/2026\/03\/Icons_10.jpg\" alt=\"\" class=\"wp-image-1096\" style=\"width:50px\" srcset=\"https:\/\/mobilitaetszentrum-dasing.de\/wp-content\/uploads\/2026\/03\/Icons_10.jpg 227w, https:\/\/mobilitaetszentrum-dasing.de\/wp-content\/uploads\/2026\/03\/Icons_10-150x150.jpg 150w, https:\/\/mobilitaetszentrum-dasing.de\/wp-content\/uploads\/2026\/03\/Icons_10-12x12.jpg 12w\" sizes=\"auto, (max-width: 227px) 100vw, 227px\" \/><\/figure>\n\n\n\n<h3 class=\"wp-block-heading\" style=\"font-size:1.25rem\">Ve\u0159ejn\u00e9 koupali\u0161t\u011b<\/h3>\n\n\n\n<p><strong>Koupali\u0161t\u011b Dasing <\/strong>\u2013 5 minut ch\u016fze<\/p>\n\n\n\n<div class=\"wp-block-buttons is-layout-flex wp-block-buttons-is-layout-flex\">\n<div class=\"wp-block-button is-style-ona-button-arrow-icon\"><a class=\"wp-block-button__link has-background wp-element-button\" href=\"https:\/\/maps.app.goo.gl\/yWcwMRKNRXrgmAa48\" style=\"background-color:#213a8f\" target=\"_blank\" rel=\"noreferrer noopener\">do Map Google <\/a><\/div>\n<\/div>\n<\/div>\n<\/div>\n<\/div>\n\n\n\n<div class=\"wp-block-columns is-layout-flex wp-container-core-columns-is-layout-28f84493 wp-block-columns-is-layout-flex\">\n<div class=\"wp-block-column is-layout-flow wp-block-column-is-layout-flow\">\n<div class=\"wp-block-group has-border-color has-stroke-border-color is-layout-constrained wp-container-core-group-is-layout-6a773645 wp-block-group-is-layout-constrained\" style=\"border-width:1px;border-radius:5px;padding-top:56px;padding-right:48px;padding-bottom:56px;padding-left:48px\">\n<figure class=\"wp-block-image size-full is-resized\"><img loading=\"lazy\" decoding=\"async\" width=\"334\" height=\"226\" src=\"https:\/\/mobilitaetszentrum-dasing.de\/wp-content\/uploads\/2026\/03\/Restaurant-Icons_08_mit-10.jpg\" alt=\"\" class=\"wp-image-1365\" style=\"object-fit:contain;width:100px;height:50px\" srcset=\"https:\/\/mobilitaetszentrum-dasing.de\/wp-content\/uploads\/2026\/03\/Restaurant-Icons_08_mit-10.jpg 334w, https:\/\/mobilitaetszentrum-dasing.de\/wp-content\/uploads\/2026\/03\/Restaurant-Icons_08_mit-10-300x203.jpg 300w, https:\/\/mobilitaetszentrum-dasing.de\/wp-content\/uploads\/2026\/03\/Restaurant-Icons_08_mit-10-18x12.jpg 18w\" sizes=\"auto, (max-width: 334px) 100vw, 334px\" \/><\/figure>\n\n\n\n<h3 class=\"wp-block-heading\" style=\"font-size:1.25rem\">Italsk\u00e1 restaurace<\/h3>\n\n\n\n<p><strong>Restaurace Pizzerie Da Luigi<\/strong> \u2013 15 minut ch\u016fze<\/p>\n\n\n\n<div class=\"wp-block-buttons is-layout-flex wp-block-buttons-is-layout-flex\">\n<div class=\"wp-block-button is-style-ona-button-arrow-icon\"><a class=\"wp-block-button__link has-background wp-element-button\" href=\"https:\/\/maps.app.goo.gl\/ChsZrQEpTu4x6bPG9\" style=\"background-color:#213a8f\" target=\"_blank\" rel=\"noreferrer noopener\">do Map Google <\/a><\/div>\n<\/div>\n<\/div>\n<\/div>\n\n\n\n<div class=\"wp-block-column is-layout-flow wp-block-column-is-layout-flow\">\n<div class=\"wp-block-group has-border-color has-stroke-border-color is-layout-constrained wp-container-core-group-is-layout-6a773645 wp-block-group-is-layout-constrained\" style=\"border-width:1px;border-radius:5px;padding-top:56px;padding-right:48px;padding-bottom:56px;padding-left:48px\">\n<figure class=\"wp-block-image size-full is-resized\"><img loading=\"lazy\" decoding=\"async\" width=\"227\" height=\"226\" src=\"https:\/\/mobilitaetszentrum-dasing.de\/wp-content\/uploads\/2026\/03\/Icons_09.jpg\" alt=\"\" class=\"wp-image-1095\" style=\"width:50px\" srcset=\"https:\/\/mobilitaetszentrum-dasing.de\/wp-content\/uploads\/2026\/03\/Icons_09.jpg 227w, https:\/\/mobilitaetszentrum-dasing.de\/wp-content\/uploads\/2026\/03\/Icons_09-150x150.jpg 150w, https:\/\/mobilitaetszentrum-dasing.de\/wp-content\/uploads\/2026\/03\/Icons_09-12x12.jpg 12w\" sizes=\"auto, (max-width: 227px) 100vw, 227px\" \/><\/figure>\n\n\n\n<h3 class=\"wp-block-heading\" style=\"font-size:1.25rem\">Supermarket<\/h3>\n\n\n\n<p><strong>ALDI S\u00dcD <\/strong>\u2013 15 minut ch\u016fze<\/p>\n\n\n\n<div class=\"wp-block-buttons is-layout-flex wp-block-buttons-is-layout-flex\">\n<div class=\"wp-block-button is-style-ona-button-arrow-icon\"><a class=\"wp-block-button__link has-background wp-element-button\" href=\"https:\/\/maps.app.goo.gl\/PrFXHkgjKqSZjRee7\" style=\"background-color:#213a8f\" target=\"_blank\" rel=\"noreferrer noopener\">do Map Google <\/a><\/div>\n<\/div>\n<\/div>\n<\/div>\n<\/div>\n<\/div>\n\n\n\n<p><\/p>","protected":false},"excerpt":{"rendered":"<p>Alle Rabatte &amp; Aktionen beim Lkw-Parken im Mobilit\u00e4tszentrum Dasing 10% Rabatt in der Gastronomie im Bauernmarkt Dasing (ausgenommen Angebote und Aktionen sowie Grill- und Fr\u00fchst\u00fccksbuffet) 3% Rabatt auf Handels-, Metzgerei- und K\u00e4seartikel im Bauernmarkt Dasing (ausgenommen bestehende Aktionen) 10 % Rabatt auf Getr\u00e4nke und Essen\u00a0im Ristorante Pizzeria Da Luigi Einrichtungen in der N\u00e4he Alles was [&hellip;]<\/p>\n","protected":false},"author":2,"featured_media":0,"parent":0,"menu_order":0,"comment_status":"closed","ping_status":"closed","template":"blank","meta":{"footnotes":""},"class_list":["post-1082","page","type-page","status-publish","hentry"],"_links":{"self":[{"href":"https:\/\/mobilitaetszentrum-dasing.de\/cs\/wp-json\/wp\/v2\/pages\/1082","targetHints":{"allow":["GET"]}}],"collection":[{"href":"https:\/\/mobilitaetszentrum-dasing.de\/cs\/wp-json\/wp\/v2\/pages"}],"about":[{"href":"https:\/\/mobilitaetszentrum-dasing.de\/cs\/wp-json\/wp\/v2\/types\/page"}],"author":[{"embeddable":true,"href":"https:\/\/mobilitaetszentrum-dasing.de\/cs\/wp-json\/wp\/v2\/users\/2"}],"replies":[{"embeddable":true,"href":"https:\/\/mobilitaetszentrum-dasing.de\/cs\/wp-json\/wp\/v2\/comments?post=1082"}],"version-history":[{"count":30,"href":"https:\/\/mobilitaetszentrum-dasing.de\/cs\/wp-json\/wp\/v2\/pages\/1082\/revisions"}],"predecessor-version":[{"id":1367,"href":"https:\/\/mobilitaetszentrum-dasing.de\/cs\/wp-json\/wp\/v2\/pages\/1082\/revisions\/1367"}],"wp:attachment":[{"href":"https:\/\/mobilitaetszentrum-dasing.de\/cs\/wp-json\/wp\/v2\/media?parent=1082"}],"curies":[{"name":"wp","href":"https:\/\/api.w.org\/{rel}","templated":true}]}}