{"id":45,"date":"2025-09-12T06:41:09","date_gmt":"2025-09-12T06:41:09","guid":{"rendered":"https:\/\/mobilitaetszentrum-dasing.de\/?page_id=45"},"modified":"2026-01-30T07:34:56","modified_gmt":"2026-01-30T07:34:56","slug":"impressum","status":"publish","type":"page","link":"https:\/\/mobilitaetszentrum-dasing.de\/bg\/impressum\/","title":{"rendered":"\u041e\u0442\u043f\u0435\u0447\u0430\u0442\u044a\u043a"},"content":{"rendered":"<div class=\"wp-block-group is-layout-constrained wp-container-core-group-is-layout-7a3688e9 wp-block-group-is-layout-constrained\">\n<div style=\"height:130px\" aria-hidden=\"true\" class=\"wp-block-spacer show-mobile\"><\/div>\n\n\n\n<h1 class=\"wp-block-heading has-medium-large-font-size\">\u041e\u0442\u043f\u0435\u0447\u0430\u0442\u044a\u043a<\/h1>\n\n\n\n<p><strong>\u0415\u043a\u0441\u043f\u043b\u043e\u0430\u0442\u0430\u0446\u0438\u044f \u043d\u0430 \u043f\u0430\u0440\u043a\u0438\u043d\u0433\u0430 (\u043e\u043f\u0435\u0440\u0430\u0442\u0438\u0432\u043d\u0430) \u043e\u0442 \u0438\u043c\u0435\u0442\u043e \u043d\u0430 H\u00f6rmann-Reisen GmbH:<\/strong><br>33plus7 GmbH, Br\u00fcndlweg 6, 85301 Schweitenkirchen, \u0413\u0435\u0440\u043c\u0430\u043d\u0438\u044f<br>\u041f\u0440\u0435\u0434\u0441\u0442\u0430\u0432\u043b\u044f\u0432\u0430\u043d\u043e \u043e\u0442: \u0421\u0430\u0448\u0430 \u041f\u0444\u0430\u043d\u0435\u043d\u0448\u043c\u0438\u0434\u0442<br>\u0435\u043b\u0435\u043a\u0442\u0440\u043e\u043d\u043d\u0430 \u043f\u043e\u0449\u0430: <a href=\"mailto:info@33plus7gmbh.de\">info@33plus7gmbh.de<\/a><br>\u0420\u0435\u0433\u0438\u0441\u0442\u0440\u0430\u0446\u0438\u043e\u043d\u0435\u043d \u0441\u044a\u0434: Ingolstadt Local Court - HRB 12196<br>\u0418\u0434\u0435\u043d\u0442\u0438\u0444\u0438\u043a\u0430\u0446\u0438\u043e\u043d\u0435\u043d \u043d\u043e\u043c\u0435\u0440 \u043f\u043e \u0414\u0414\u0421: DE452920232&nbsp;<\/p>\n\n\n\n<p><strong>\u0417\u0430\u0431\u0435\u043b\u0435\u0436\u043a\u0430:<\/strong>&nbsp;\u0414\u043e\u0433\u043e\u0432\u043e\u0440\u043d\u0438\u0442\u0435 \u043f\u0430\u0440\u0442\u043d\u044c\u043e\u0440\u0438, \u0444\u0430\u043a\u0442\u0443\u0440\u0438\u0440\u0430\u043d\u0435\u0442\u043e \u0438 \u043f\u043e\u043b\u0443\u0447\u0430\u0432\u0430\u043d\u0435\u0442\u043e \u043d\u0430 \u043f\u043b\u0430\u0449\u0430\u043d\u0438\u044f\u0442\u0430 \u0437\u0430 \u0443\u0441\u043b\u0443\u0433\u0438\u0442\u0435 \u043f\u043e \u043f\u0430\u0440\u043a\u0438\u0440\u0430\u043d\u0435 \u0441\u0435 \u0438\u0437\u0432\u044a\u0440\u0448\u0432\u0430\u0442 \u043e\u0442 H\u00f6rmann-Reisen GmbH.&nbsp;<\/p>\n\n\n\n<p>\u041e\u043f\u0435\u0440\u0430\u0442\u0438\u0432\u0435\u043d \u0446\u0435\u043d\u0442\u044a\u0440:<br>\u0426\u0435\u043d\u0442\u044a\u0440 \u0437\u0430 \u043c\u043e\u0431\u0438\u043b\u043d\u043e\u0441\u0442 Dasing<br><strong>H\u00f6rmann-Reisen GmbH<\/strong><br><a href=\"https:\/\/www.google.com\/maps\/place\/Mobilit%C3%A4tszentrum+Dasing\/@48.3941144,11.0693762,750m\/data=!3m2!1e3!4b1!4m6!3m5!1s0x479e910d6c3ae5eb:0x11274c4bd2bc35a3!8m2!3d48.3941144!4d11.0693762!16s%2Fg%2F11yk1sqbpj?entry=ttu&amp;g_ep=EgoyMDI1MDkxNy4wIKXMDSoASAFQAw%3D%3D\">An der Brandleiten 4<\/a><br><a href=\"https:\/\/www.google.com\/maps\/place\/Mobilit%C3%A4tszentrum+Dasing\/@48.3941144,11.0693762,750m\/data=!3m2!1e3!4b1!4m6!3m5!1s0x479e910d6c3ae5eb:0x11274c4bd2bc35a3!8m2!3d48.3941144!4d11.0693762!16s%2Fg%2F11yk1sqbpj?entry=ttu&amp;g_ep=EgoyMDI1MDkxNy4wIKXMDSoASAFQAw%3D%3D\" data-type=\"link\" data-id=\"https:\/\/www.google.com\/maps\/place\/Mobilit%C3%A4tszentrum+Dasing\/@48.3941144,11.0693762,750m\/data=!3m2!1e3!4b1!4m6!3m5!1s0x479e910d6c3ae5eb:0x11274c4bd2bc35a3!8m2!3d48.3941144!4d11.0693762!16s%2Fg%2F11yk1sqbpj?entry=ttu&amp;g_ep=EgoyMDI1MDkxNy4wIKXMDSoASAFQAw%3D%3D\">D - 86453 Dasing<\/a><\/p>\n\n\n\n<p><strong>H\u00f6rmann-Reisen GmbH<\/strong><br>Fuggerstrasse 16<br>D - 86150 \u0410\u0443\u0433\u0441\u0431\u0443\u0440\u0433<\/p>\n\n\n\n<h2 class=\"wp-block-heading\">\u0421\u0432\u044a\u0440\u0436\u0435\u0442\u0435 \u0441\u0435 \u0441 \u043d\u0430\u0441<\/h2>\n\n\n\n<figure class=\"wp-block-table\"><table class=\"has-fixed-layout\"><tbody><tr><td>\u0422\u0435\u043b\u0435\u0444\u043e\u043d:<\/td><td>+49 (0) 8205 50 116 50<\/td><\/tr><tr><td>\u0424\u0430\u043a\u0441:<\/td><td>(0821) 345 00 70<\/td><\/tr><tr><td>\u0435\u043b\u0435\u043a\u0442\u0440\u043e\u043d\u043d\u0430 \u043f\u043e\u0449\u0430:<\/td><td><a href=\"mailto:info@mobilitaetszentrum-dasing.de\">info@mobilitaetszentrum-dasing.de<\/a><\/td><\/tr><tr><td>\u0418\u043d\u0442\u0435\u0440\u043d\u0435\u0442:<\/td><td><a href=\"https:\/\/mobilitaetszentrum-dasing.de\/bg\/\" target=\"_blank\" rel=\"noreferrer noopener\">www.mobilitaetszentrum-dasing.de<\/a><br><a href=\"http:\/\/www.hoermann-reisen.de\/\" target=\"_blank\" rel=\"noreferrer noopener\">www.hoermann-reisen.de<\/a><br><a href=\"http:\/\/www.hoermann-skikurse.de\/\" target=\"_blank\" rel=\"noreferrer noopener\">www.hoermann-skikurse.de<\/a><br><a href=\"http:\/\/www.tui-reisecenter.de\/Augsburg1\/\" target=\"_blank\" rel=\"noreferrer noopener\">www.tui-reisecenter.de\/Augsburg1<\/a><\/td><\/tr><\/tbody><\/table><\/figure>\n\n\n\n<h2 class=\"wp-block-heading\">\u0420\u0435\u0433\u0438\u0441\u0442\u0440\u0430\u0446\u0438\u044f<\/h2>\n\n\n\n<figure class=\"wp-block-table\"><table class=\"has-fixed-layout\"><tbody><tr><td><strong>\u0420\u0435\u0433\u0438\u0441\u0442\u0440\u0430\u0446\u0438\u043e\u043d\u0435\u043d \u0441\u044a\u0434:<\/strong><\/td><td>\u041c\u0435\u0441\u0442\u0435\u043d \u0441\u044a\u0434 \u0410\u0443\u0433\u0441\u0431\u0443\u0440\u0433, HRB 20190<\/td><\/tr><tr><td><strong>\u041d\u0430\u0434\u0437\u043e\u0440\u0435\u043d \u043e\u0440\u0433\u0430\u043d (\u0440\u0430\u0437\u0440\u0435\u0448\u0430\u0432\u0430\u0449 \u043e\u0440\u0433\u0430\u043d):<\/strong><\/td><td>\u041f\u0440\u0430\u0432\u0438\u0442\u0435\u043b\u0441\u0442\u0432\u043e \u043d\u0430 \u043f\u0440\u043e\u0432\u0438\u043d\u0446\u0438\u044f \u0428\u0432\u0430\u0431\u0438\u044f, Fronhof 10, 86152 \u0410\u0443\u0433\u0441\u0431\u0443\u0440\u0433<\/td><\/tr><tr><td><strong>\u0423\u043f\u0440\u0430\u0432\u043b\u044f\u0432\u0430\u0449 \u0434\u0438\u0440\u0435\u043a\u0442\u043e\u0440:<\/strong><\/td><td>\u041a\u0441\u0430\u0432\u0435\u0440 \u0425\u044c\u043e\u0440\u043c\u0430\u043d, \u0424\u0438\u043b\u0438\u043f \u0425\u044c\u043e\u0440\u043c\u0430\u043d<\/td><\/tr><tr><td><strong>\u0418\u0434\u0435\u043d\u0442\u0438\u0444\u0438\u043a\u0430\u0446\u0438\u043e\u043d\u0435\u043d \u043d\u043e\u043c\u0435\u0440 \u0437\u0430 \u0434\u0430\u043d\u044a\u043a \u0432\u044a\u0440\u0445\u0443 \u043f\u0440\u043e\u0434\u0430\u0436\u0431\u0438\u0442\u0435 \u0441\u044a\u0433\u043b\u0430\u0441\u043d\u043e \u00a7 27\u0430 \u043e\u0442 \u0417\u0430\u043a\u043e\u043d\u0430 \u0437\u0430 \u0434\u0430\u043d\u044a\u043a\u0430 \u0432\u044a\u0440\u0445\u0443 \u043f\u0440\u043e\u0434\u0430\u0436\u0431\u0438\u0442\u0435:<\/strong><\/td><td>DE813836567<\/td><\/tr><tr><td><strong>\u041e\u0442\u0433\u043e\u0432\u0430\u0440\u044f \u0437\u0430 \u0441\u044a\u0434\u044a\u0440\u0436\u0430\u043d\u0438\u0435\u0442\u043e <strong>\u0441\u043f\u043e\u0440\u0435\u0434<\/strong> <strong>\u00a7 \u0420\u0430\u0437\u0434\u0435\u043b 18 (2) MStV<\/strong>:<\/strong><\/td><td>\u041a\u0441\u0430\u0432\u0435\u0440 \u0425\u044c\u043e\u0440\u043c\u0430\u043d, \u0424\u0438\u043b\u0438\u043f \u0425\u044c\u043e\u0440\u043c\u0430\u043d<\/td><\/tr><\/tbody><\/table><\/figure>\n\n\n\n<h3 class=\"wp-block-heading\">\u0421\u0438\u0441\u0442\u0435\u043c\u0430 \u0437\u0430 \u043f\u043e\u0434\u0430\u0432\u0430\u043d\u0435 \u043d\u0430 \u0441\u0438\u0433\u043d\u0430\u043b\u0438 \u0437\u0430 \u043d\u0435\u0440\u0435\u0434\u043d\u043e\u0441\u0442\u0438<\/h3>\n\n\n\n<p><a href=\"https:\/\/www.hoermann-reisen.de\/ombudsstelle-hinweisgebersystem\/\">\u0422\u0443\u043a<\/a> \u043c\u043e\u0436\u0435\u0442\u0435 \u0434\u0430 \u0441\u0435 \u043e\u0431\u044a\u0440\u043d\u0435\u0442\u0435 \u043a\u044a\u043c \u043d\u0430\u0448\u0430\u0442\u0430 \u0441\u043b\u0443\u0436\u0431\u0430 \u043d\u0430 \u043e\u043c\u0431\u0443\u0434\u0441\u043c\u0430\u043d\u0430 \u0438 \u043a\u044a\u043c \u0441\u0438\u0441\u0442\u0435\u043c\u0430\u0442\u0430 \u0437\u0430 \u043f\u043e\u0434\u0430\u0432\u0430\u043d\u0435 \u043d\u0430 \u0441\u0438\u0433\u043d\u0430\u043b\u0438 \u0437\u0430 \u043d\u0430\u0440\u0443\u0448\u0435\u043d\u0438\u044f \u0432 \u0441\u043b\u0443\u0447\u0430\u0439 \u043d\u0430 \u0441\u044a\u043c\u043d\u0435\u043d\u0438\u044f \u0437\u0430 \u043d\u0430\u0440\u0443\u0448\u0435\u043d\u0438\u044f \u043d\u0430 \u0440\u0430\u0437\u043f\u043e\u0440\u0435\u0434\u0431\u0438\u0442\u0435 \u0432 H\u00f6rmann-Reisen GmbH.<\/p>\n\n\n\n<h3 class=\"wp-block-heading\">\u0420\u0430\u0437\u0440\u0435\u0448\u0430\u0432\u0430\u043d\u0435 \u043d\u0430 \u043f\u043e\u0442\u0440\u0435\u0431\u0438\u0442\u0435\u043b\u0441\u043a\u0438 \u0441\u043f\u043e\u0440\u043e\u0432\u0435<\/h3>\n\n\n\n<p>\u0421\u044a\u0433\u043b\u0430\u0441\u043d\u043e \u0417\u0430\u043a\u043e\u043d\u0430 \u0437\u0430 \u0440\u0430\u0437\u0440\u0435\u0448\u0430\u0432\u0430\u043d\u0435 \u043d\u0430 \u043f\u043e\u0442\u0440\u0435\u0431\u0438\u0442\u0435\u043b\u0441\u043a\u0438 \u0441\u043f\u043e\u0440\u043e\u0432\u0435 \u0441\u043c\u0435 \u0434\u043b\u044a\u0436\u043d\u0438 \u0434\u0430 \u0432\u0438 \u0438\u043d\u0444\u043e\u0440\u043c\u0438\u0440\u0430\u043c\u0435, \u0447\u0435 \u0441\u044a\u0449\u0435\u0441\u0442\u0432\u0443\u0432\u0430\u0442 \u0442.\u043d\u0430\u0440. \u0430\u0440\u0431\u0438\u0442\u0440\u0430\u0436\u043d\u0438 \u043e\u0440\u0433\u0430\u043d\u0438, \u043a\u044a\u043c \u043a\u043e\u0438\u0442\u043e \u043c\u043e\u0436\u0435\u0442\u0435 \u0434\u0430 \u0441\u0435 \u043e\u0431\u044a\u0440\u043d\u0435\u0442\u0435 \u0432 \u0441\u043b\u0443\u0447\u0430\u0439 \u043d\u0430 \u043e\u043f\u043b\u0430\u043a\u0432\u0430\u043d\u0435, \u043a\u0430\u0442\u043e \u043d\u0430\u043f\u0440\u0438\u043c\u0435\u0440 \u0410\u0440\u0431\u0438\u0442\u0440\u0430\u0436\u043d\u0438\u044f \u0446\u0435\u043d\u0442\u044a\u0440 \u0437\u0430 \u043e\u0431\u0449\u0435\u0441\u0442\u0432\u0435\u043d \u043f\u044a\u0442\u043d\u0438\u0447\u0435\u0441\u043a\u0438 \u0442\u0440\u0430\u043d\u0441\u043f\u043e\u0440\u0442 (s\u00f6p), <a href=\"https:\/\/www.soep-online.de\/\" target=\"_blank\" rel=\"noreferrer noopener\">www.soep-online.de<\/a> \u0438\u043b\u0438 \u0432 \u0410\u0440\u0431\u0438\u0442\u0440\u0430\u0436\u043d\u0438\u044f \u0446\u0435\u043d\u0442\u044a\u0440 \u0437\u0430 \u0437\u0430\u0449\u0438\u0442\u0430 \u043d\u0430 \u043f\u043e\u0442\u0440\u0435\u0431\u0438\u0442\u0435\u043b\u0438\u0442\u0435, <a href=\"https:\/\/www.verbraucher-schlichter.de\/\" target=\"_blank\" rel=\"noreferrer noopener\">www.verbraucher-schlichter.de<\/a>. \u0411\u0438\u0445\u043c\u0435 \u0438\u0441\u043a\u0430\u043b\u0438 \u0441\u044a\u0449\u043e \u0442\u0430\u043a\u0430 \u0434\u0430 \u043e\u0442\u0431\u0435\u043b\u0435\u0436\u0438\u043c, \u0447\u0435 \u043d\u0435 \u0443\u0447\u0430\u0441\u0442\u0432\u0430\u043c\u0435 \u0432 \u043f\u0440\u043e\u0446\u0435\u0434\u0443\u0440\u0438 \u0437\u0430 \u0440\u0430\u0437\u0440\u0435\u0448\u0430\u0432\u0430\u043d\u0435 \u043d\u0430 \u0441\u043f\u043e\u0440\u043e\u0432\u0435 \u043f\u0440\u0435\u0434 \u0430\u0440\u0431\u0438\u0442\u0440\u0430\u0436\u0435\u043d \u0441\u044a\u0432\u0435\u0442 \u0437\u0430 \u0437\u0430\u0449\u0438\u0442\u0430 \u043d\u0430 \u043f\u043e\u0442\u0440\u0435\u0431\u0438\u0442\u0435\u043b\u0438\u0442\u0435.<\/p>\n\n\n\n<h3 class=\"wp-block-heading\">\u0417\u0430\u0449\u0438\u0442\u0430 \u043d\u0430 \u0434\u0430\u043d\u043d\u0438\u0442\u0435<\/h3>\n\n\n\n<p>\u0412\u0441\u0438\u0447\u043a\u0438 \u0434\u0430\u043d\u043d\u0438, \u0441\u044a\u0431\u0440\u0430\u043d\u0438 \u043d\u0430 \u0442\u043e\u0437\u0438 \u0443\u0435\u0431\u0441\u0430\u0439\u0442, \u0441\u0435 \u043e\u0431\u0440\u0430\u0431\u043e\u0442\u0432\u0430\u0442 \u0432 \u0441\u044a\u043e\u0442\u0432\u0435\u0442\u0441\u0442\u0432\u0438\u0435 \u0441 \u0440\u0430\u0437\u043f\u043e\u0440\u0435\u0434\u0431\u0438\u0442\u0435 \u043d\u0430 \u041e\u0420\u0417\u0414. \u041b\u0438\u0447\u043d\u0438\u0442\u0435 \u0434\u0430\u043d\u043d\u0438 \u043d\u044f\u043c\u0430 \u0434\u0430 \u0431\u044a\u0434\u0430\u0442 \u043f\u0440\u0435\u0434\u0430\u0432\u0430\u043d\u0438 \u043d\u0430 \u0442\u0440\u0435\u0442\u0438 \u0441\u0442\u0440\u0430\u043d\u0438 \u0431\u0435\u0437 \u0438\u0437\u0440\u0438\u0447\u043d\u043e\u0442\u043e \u0441\u044a\u0433\u043b\u0430\u0441\u0438\u0435 \u043d\u0430 \u0441\u044a\u043e\u0442\u0432\u0435\u0442\u043d\u043e\u0442\u043e \u043b\u0438\u0446\u0435. \u041f\u043e\u0434 \u043b\u0438\u0447\u043d\u0438 \u0434\u0430\u043d\u043d\u0438 \u0440\u0430\u0437\u0431\u0438\u0440\u0430\u043c\u0435 \u0438\u043d\u0444\u043e\u0440\u043c\u0430\u0446\u0438\u044f, \u043a\u043e\u044f\u0442\u043e \u043c\u043e\u0436\u0435 \u0434\u0430 \u0431\u044a\u0434\u0435 \u0438\u0437\u043f\u043e\u043b\u0437\u0432\u0430\u043d\u0430 \u0437\u0430 \u043e\u043f\u0440\u0435\u0434\u0435\u043b\u044f\u043d\u0435 \u043d\u0430 \u0432\u0430\u0448\u0430\u0442\u0430 \u0441\u0430\u043c\u043e\u043b\u0438\u0447\u043d\u043e\u0441\u0442, \u043a\u0430\u0442\u043e \u043d\u0430\u043f\u0440\u0438\u043c\u0435\u0440 \u0432\u0430\u0448\u0435\u0442\u043e \u0438\u043c\u0435, \u0430\u0434\u0440\u0435\u0441 \u0438\u043b\u0438 \u0442\u0435\u043b\u0435\u0444\u043e\u043d\u0435\u043d \u043d\u043e\u043c\u0435\u0440.<\/p>\n\n\n\n<h3 class=\"wp-block-heading\">\u041e\u0442\u043a\u0430\u0437 \u043e\u0442 \u043e\u0442\u0433\u043e\u0432\u043e\u0440\u043d\u043e\u0441\u0442<\/h3>\n\n\n\n<p>\u0412\u044a\u043f\u0440\u0435\u043a\u0438 \u0432\u043d\u0438\u043c\u0430\u0442\u0435\u043b\u043d\u0438\u044f \u043a\u043e\u043d\u0442\u0440\u043e\u043b \u043d\u0430 \u0441\u044a\u0434\u044a\u0440\u0436\u0430\u043d\u0438\u0435\u0442\u043e, \u043d\u0438\u0435 \u043d\u0435 \u043f\u043e\u0435\u043c\u0430\u043c\u0435 \u043e\u0442\u0433\u043e\u0432\u043e\u0440\u043d\u043e\u0441\u0442 \u0437\u0430 \u0441\u044a\u0434\u044a\u0440\u0436\u0430\u043d\u0438\u0435\u0442\u043e \u043d\u0430 \u0432\u044a\u043d\u0448\u043d\u0438\u0442\u0435 \u0432\u0440\u044a\u0437\u043a\u0438. \u041e\u043f\u0435\u0440\u0430\u0442\u043e\u0440\u0438\u0442\u0435 \u043d\u0430 \u0441\u0432\u044a\u0440\u0437\u0430\u043d\u0438\u0442\u0435 \u0441\u0442\u0440\u0430\u043d\u0438\u0446\u0438 \u043d\u043e\u0441\u044f\u0442 \u043f\u044a\u043b\u043d\u0430 \u043e\u0442\u0433\u043e\u0432\u043e\u0440\u043d\u043e\u0441\u0442 \u0437\u0430 \u0442\u044f\u0445\u043d\u043e\u0442\u043e \u0441\u044a\u0434\u044a\u0440\u0436\u0430\u043d\u0438\u0435.<\/p>\n\n\n\n<h3 class=\"wp-block-heading\">\u041e\u0442\u043a\u0430\u0437 \u043e\u0442 \u043e\u0442\u0433\u043e\u0432\u043e\u0440\u043d\u043e\u0441\u0442<\/h3>\n\n\n\n<p>\u0412\u0441\u0438\u0447\u043a\u0438 \u0441\u043d\u0438\u043c\u043a\u0438, \u0433\u0440\u0430\u0444\u0438\u043a\u0438, \u043b\u043e\u0433\u0430, \u0442\u0435\u043a\u0441\u0442\u043e\u0432\u0435, \u0432\u0438\u0434\u0435\u043e\u043a\u043b\u0438\u043f\u043e\u0432\u0435 \u0438 \u0432\u0441\u0438\u0447\u043a\u0438 \u0434\u0440\u0443\u0433\u0438 \u043a\u043e\u043c\u043f\u043e\u043d\u0435\u043d\u0442\u0438 \u043d\u0430 \u0442\u043e\u0437\u0438 \u0443\u0435\u0431\u0441\u0430\u0439\u0442 \u0441\u0430 \u043e\u0431\u0435\u043a\u0442 \u043d\u0430 \u0430\u0432\u0442\u043e\u0440\u0441\u043a\u043e\u0442\u043e \u043f\u0440\u0430\u0432\u043e \u043d\u0430 H\u00f6rmann-Reisen GmbH \u0438 \u0441\u0430 \u043d\u0435\u0433\u043e\u0432\u0430 \u0441\u043e\u0431\u0441\u0442\u0432\u0435\u043d\u043e\u0441\u0442. \u0412\u0441\u044f\u043a\u043e \u043f\u043e-\u043d\u0430\u0442\u0430\u0442\u044a\u0448\u043d\u043e \u0438\u0437\u043f\u043e\u043b\u0437\u0432\u0430\u043d\u0435 \u043d\u0430 \u043c\u0430\u0442\u0435\u0440\u0438\u0430\u043b\u0438\u0442\u0435 \u043d\u0435 \u0435 \u0440\u0430\u0437\u0440\u0435\u0448\u0435\u043d\u043e \u0431\u0435\u0437 \u043f\u0438\u0441\u043c\u0435\u043d\u043e \u0440\u0430\u0437\u0440\u0435\u0448\u0435\u043d\u0438\u0435. H\u00f6rmann-Reisen GmbH \u0438\u0437\u0440\u0438\u0447\u043d\u043e \u043f\u043e\u0441\u043e\u0447\u0432\u0430, \u0447\u0435 \u0446\u044f\u043b\u0430\u0442\u0430 \u0438\u043d\u0444\u043e\u0440\u043c\u0430\u0446\u0438\u044f \u0441\u0435 \u043f\u0440\u0435\u0434\u043e\u0441\u0442\u0430\u0432\u044f \u0431\u0435\u0437 \u0433\u0430\u0440\u0430\u043d\u0446\u0438\u044f \u0438 \u0441\u0435 \u0438\u0437\u043a\u043b\u044e\u0447\u0432\u0430 \u0432\u0441\u044f\u043a\u0430\u043a\u0432\u0430 \u043e\u0442\u0433\u043e\u0432\u043e\u0440\u043d\u043e\u0441\u0442, \u0434\u044a\u043b\u0436\u0430\u0449\u0430 \u0441\u0435 \u043d\u0430 \u043d\u0435\u043f\u0440\u0430\u0432\u0438\u043b\u043d\u0430, \u043d\u0435\u043f\u044a\u043b\u043d\u0430 \u0438\u043b\u0438 \u043e\u0441\u0442\u0430\u0440\u044f\u043b\u0430 \u0438\u043d\u0444\u043e\u0440\u043c\u0430\u0446\u0438\u044f.<\/p>\n\n\n\n<h3 class=\"wp-block-heading\">\u0437\u0430\u0441\u0442\u0440\u0430\u0445\u043e\u0432\u043a\u0430<\/h3>\n\n\n\n<p style=\"font-size:1rem\">\u0410\u043a\u043e \u0438\u043c\u0430\u0442\u0435 \u043f\u043e\u0432\u043e\u0434 \u0437\u0430 \u043e\u043f\u043b\u0430\u043a\u0432\u0430\u043d\u0435 \u0432\u044a\u0432 \u0432\u0440\u044a\u0437\u043a\u0430 \u0441\u044a\u0441 \u0437\u0430\u0441\u0442\u0440\u0430\u0445\u043e\u0432\u0430\u0442\u0435\u043b\u043d\u043e \u043f\u043e\u0441\u0440\u0435\u0434\u043d\u0438\u0447\u0435\u0441\u0442\u0432\u043e, \u043c\u043e\u0436\u0435\u0442\u0435 \u0434\u0430 \u0441\u0435 \u043e\u0431\u044a\u0440\u043d\u0435\u0442\u0435 \u043a\u044a\u043c \u0442\u043e\u0437\u0438 \u0438\u0437\u0432\u044a\u043d\u0441\u044a\u0434\u0435\u0431\u0435\u043d \u0446\u0435\u043d\u0442\u044a\u0440 \u0437\u0430 \u0436\u0430\u043b\u0431\u0438 \u0438 \u0430\u0440\u0431\u0438\u0442\u0440\u0430\u0436: <br>Versicherungsombudsmann e. V.<br>\u041f\u043e\u0449\u0435\u043d\u0441\u043a\u0430 \u043a\u0443\u0442\u0438\u044f 080632<br>10006 \u0411\u0435\u0440\u043b\u0438\u043d<br>\u0422\u0435\u043b\u0435\u0444\u043e\u043d: 0800 3696000<br>\u0424\u0430\u043a\u0441: 0800 3699000<br>\u0435\u043b\u0435\u043a\u0442\u0440\u043e\u043d\u043d\u0430 \u043f\u043e\u0449\u0430: <br><a href=\"mailto:beschwerde@versicherungsombudsmann.de\">beschwerde@versicherungsombudsmann.de<\/a><br>\u041d\u0430\u0447\u0430\u043b\u043d\u0430 \u0441\u0442\u0440\u0430\u043d\u0438\u0446\u0430:<br><a href=\"http:\/\/www.versicherungsombudsmann.de\/\" target=\"_blank\" rel=\"noreferrer noopener\">www.versicherungsombudsmann.de<\/a><\/p>\n<\/div>\n\n\n\n<p><\/p>","protected":false},"excerpt":{"rendered":"<p>Impressum Parkplatzbetrieb (operativ) im Auftrag der H\u00f6rmann-Reisen GmbH:33plus7 GmbH, Br\u00fcndlweg 6, 85301 Schweitenkirchen, DeutschlandVertreten durch: Sascha PfannenschmidtE-Mail: info@33plus7gmbh.deRegistergericht: Amtsgericht Ingolstadt \u00b7 HRB 12196USt-IdNr.: DE452920232&nbsp; Hinweis:&nbsp;Vertragspartner, Abrechnung und Zahlungsempfang der Parkleistungen erfolgen \u00fcber die H\u00f6rmann-Reisen GmbH.&nbsp; Betriebsstelle:Mobilit\u00e4tszentrum DasingH\u00f6rmann-Reisen GmbHAn der Brandleiten 4D &#8211; 86453 Dasing H\u00f6rmann-Reisen GmbHFuggerstra\u00dfe 16D &#8211; 86150 Augsburg Kontakt Telefon: +49 (0) 8205 [&hellip;]<\/p>\n","protected":false},"author":1,"featured_media":0,"parent":0,"menu_order":0,"comment_status":"closed","ping_status":"closed","template":"blank","meta":{"footnotes":""},"class_list":["post-45","page","type-page","status-publish","hentry"],"_links":{"self":[{"href":"https:\/\/mobilitaetszentrum-dasing.de\/bg\/wp-json\/wp\/v2\/pages\/45","targetHints":{"allow":["GET"]}}],"collection":[{"href":"https:\/\/mobilitaetszentrum-dasing.de\/bg\/wp-json\/wp\/v2\/pages"}],"about":[{"href":"https:\/\/mobilitaetszentrum-dasing.de\/bg\/wp-json\/wp\/v2\/types\/page"}],"author":[{"embeddable":true,"href":"https:\/\/mobilitaetszentrum-dasing.de\/bg\/wp-json\/wp\/v2\/users\/1"}],"replies":[{"embeddable":true,"href":"https:\/\/mobilitaetszentrum-dasing.de\/bg\/wp-json\/wp\/v2\/comments?post=45"}],"version-history":[{"count":23,"href":"https:\/\/mobilitaetszentrum-dasing.de\/bg\/wp-json\/wp\/v2\/pages\/45\/revisions"}],"predecessor-version":[{"id":1078,"href":"https:\/\/mobilitaetszentrum-dasing.de\/bg\/wp-json\/wp\/v2\/pages\/45\/revisions\/1078"}],"wp:attachment":[{"href":"https:\/\/mobilitaetszentrum-dasing.de\/bg\/wp-json\/wp\/v2\/media?parent=45"}],"curies":[{"name":"wp","href":"https:\/\/api.w.org\/{rel}","templated":true}]}}